{"id":2161,"date":"2023-06-18T11:39:47","date_gmt":"2023-06-18T11:39:47","guid":{"rendered":"https:\/\/zinduka-ev.org\/?page_id=2161"},"modified":"2024-08-13T14:17:59","modified_gmt":"2024-08-13T14:17:59","slug":"transparence","status":"publish","type":"page","link":"https:\/\/zinduka-ev.org\/fr\/transparence\/","title":{"rendered":"Transparence"},"content":{"rendered":"<div data-elementor-type=\"wp-page\" data-elementor-id=\"2161\" class=\"elementor elementor-2161\" data-elementor-post-type=\"page\">\n\t\t\t\t<div class=\"elementor-element elementor-element-6f9fac7 e-flex e-con-boxed e-con e-parent\" data-id=\"6f9fac7\" data-element_type=\"container\" data-e-type=\"container\">\n\t\t\t\t\t<div class=\"e-con-inner\">\n\t\t<div class=\"elementor-element elementor-element-df885e9 e-flex e-con-boxed e-con e-child\" data-id=\"df885e9\" data-element_type=\"container\" data-e-type=\"container\">\n\t\t\t\t\t<div class=\"e-con-inner\">\n\t\t<div class=\"elementor-element elementor-element-0f36100 e-flex e-con-boxed e-con e-child\" data-id=\"0f36100\" data-element_type=\"container\" data-e-type=\"container\">\n\t\t\t\t\t<div class=\"e-con-inner\">\n\t\t\t\t<div class=\"elementor-element elementor-element-6c6328c elementor-widget elementor-widget-image\" data-id=\"6c6328c\" data-element_type=\"widget\" data-e-type=\"widget\" data-widget_type=\"image.default\">\n\t\t\t\t<div class=\"elementor-widget-container\">\n\t\t\t\t\t\t\t\t\t\t\t\t\t\t\t\t<a href=\"http:\/\/www.transparente-zivilgesellschaft.de\/\">\n\t\t\t\t\t\t\t<img decoding=\"async\" width=\"300\" height=\"82\" src=\"https:\/\/zinduka-ev.org\/wp-content\/uploads\/2021\/05\/Transparente_ZivilgesellschaftPNG.png\" class=\"attachment-medium size-medium wp-image-2910\" alt=\"\" srcset=\"https:\/\/zinduka-ev.org\/wp-content\/uploads\/2021\/05\/Transparente_ZivilgesellschaftPNG-300x82.png 300w, https:\/\/zinduka-ev.org\/wp-content\/uploads\/2021\/05\/Transparente_ZivilgesellschaftPNG-18x5.png 18w, https:\/\/zinduka-ev.org\/wp-content\/uploads\/2021\/05\/Transparente_ZivilgesellschaftPNG.png 735w\" sizes=\"(max-width: 300px) 100vw, 300px\" \/>\t\t\t\t\t\t\t\t<\/a>\n\t\t\t\t\t\t\t\t\t\t\t\t\t\t\t<\/div>\n\t\t\t\t<\/div>\n\t\t\t\t<div class=\"elementor-element elementor-element-5023613 elementor-widget elementor-widget-heading\" data-id=\"5023613\" data-element_type=\"widget\" data-e-type=\"widget\" data-widget_type=\"heading.default\">\n\t\t\t\t<div class=\"elementor-widget-container\">\n\t\t\t\t\t<h2 class=\"elementor-heading-title elementor-size-default\">Transparence<\/h2>\t\t\t\t<\/div>\n\t\t\t\t<\/div>\n\t\t\t\t\t<\/div>\n\t\t\t\t<\/div>\n\t\t\t\t<div class=\"elementor-element elementor-element-e7840f3 elementor-widget elementor-widget-text-editor\" data-id=\"e7840f3\" data-element_type=\"widget\" data-e-type=\"widget\" data-widget_type=\"text-editor.default\">\n\t\t\t\t<div class=\"elementor-widget-container\">\n\t\t\t\t\t\t\t\t\t<p>La transparence est tr\u00e8s importante pour nous. C'est pourquoi nous sommes signataires de la liste <a href=\"https:\/\/www.transparente-zivilgesellschaft.de\/\">\"Initiative Soci\u00e9t\u00e9 civile transparente\"<\/a>. Nous nous engageons \u00e0 mettre les informations suivantes \u00e0 la disposition du public, \u00e9galement en ligne, et \u00e0 les tenir \u00e0 jour.<\/p><p style=\"margin-bottom: 29px; color: #333333; font-family: 'Helvetica Neue', Arial, sans-serif; font-size: 19px; font-style: normal; font-weight: 400; background-color: #f3f3f3;\"><b style=\"font-size: 18px; font-style: inherit; color: var( --e-global-color-text ); font-family: var( --e-global-typography-text-font-family ), Sans-serif; text-align: var(--text-align); background-color: var(--ast-global-color-5);\">1) le nom, le si\u00e8ge, l'adresse et l'ann\u00e9e de constitution<\/b><\/p><p><b>Nom de l'organisation :<\/b> Zinduka e.V.<br \/><b style=\"font-style: inherit; color: var( --e-global-color-text ); font-family: var( --e-global-typography-text-font-family ), Sans-serif; text-align: var(--text-align); background-color: var(--ast-global-color-5);\">Si\u00e8ge de l'association : <\/b><span style=\"font-style: inherit; color: var( --e-global-color-text ); font-family: var( --e-global-typography-text-font-family ), Sans-serif; text-align: var(--text-align); background-color: var(--ast-global-color-5);\"><span style=\"font-weight: inherit;\">Auf dem Willem 5, 35094 Lahntal<\/span><br \/><\/span><b style=\"font-style: inherit; color: var( --e-global-color-text ); font-family: var( --e-global-typography-text-font-family ), Sans-serif; text-align: var(--text-align); background-color: var(--ast-global-color-5);\">Contact<\/b><span style=\"font-style: inherit; color: var( --e-global-color-text ); font-family: var( --e-global-typography-text-font-family ), Sans-serif; text-align: var(--text-align); background-color: var(--ast-global-color-5);\"><span style=\"font-weight: inherit;\">: info@zinduka-ev.org | antonia@zinduka-ev.org <\/span><b>Personne de contact<\/b><span style=\"font-weight: inherit;\">: Antonia Kipainoi<\/span><br \/><\/span><b style=\"font-style: inherit; color: var( --e-global-color-text ); font-family: var( --e-global-typography-text-font-family ), Sans-serif; text-align: var(--text-align); background-color: var(--ast-global-color-5);\">Ann\u00e9e de cr\u00e9ation<\/b><span style=\"font-style: inherit; font-weight: inherit; color: var( --e-global-color-text ); font-family: var( --e-global-typography-text-font-family ), Sans-serif; text-align: var(--text-align); background-color: var(--ast-global-color-5);\">: 2016<\/span><\/p>\t\t\t\t\t\t\t\t<\/div>\n\t\t\t\t<\/div>\n\t\t\t\t\t<\/div>\n\t\t\t\t<\/div>\n\t\t<div class=\"elementor-element elementor-element-3d7c4f5 e-flex e-con-boxed e-con e-child\" data-id=\"3d7c4f5\" data-element_type=\"container\" data-e-type=\"container\">\n\t\t\t\t\t<div class=\"e-con-inner\">\n\t\t\t\t<div class=\"elementor-element elementor-element-b7318bc elementor-widget elementor-widget-text-editor\" data-id=\"b7318bc\" data-element_type=\"widget\" data-e-type=\"widget\" data-widget_type=\"text-editor.default\">\n\t\t\t\t<div class=\"elementor-widget-container\">\n\t\t\t\t\t\t\t\t\t<p><b>2. nos objectifs et nos statuts<\/b><\/p><p><span style=\"font-weight: 400;\">Voici notre <a href=\"https:\/\/drive.google.com\/file\/d\/1It49l5Tm-LVc7JWFTbVaYYMC40jVSR5Y\/view?usp=share_link\">Statuts<\/a>.\u00a0<\/span><\/p><p>Notre objectif : <br \/>Zinduka e.V. s'engage contre les mutilations g\u00e9nitales f\u00e9minines (\"MGF\") au Kenya. Tous nos programmes contribuent \u00e0 l'abolition des MGF. Nous suivons l'agenda de l'ONU (Nations Unies) et sommes donc d\u00e9termin\u00e9s \u00e0 ce que les MGF puissent prendre fin d'ici 2030.<\/p><p>Par le biais de diff\u00e9rentes mesures \u00e9ducatives, nous nous effor\u00e7ons d'am\u00e9liorer durablement le cadre de vie de toutes les personnes, en mettant l'accent sur les filles et les femmes.<\/p><p>Nous adoptons une approche holistique, certains de nos th\u00e8mes et domaines de formation sont :<\/p><ul><li style=\"font-weight: 400;\" aria-level=\"1\">Information sur les MGF sans pr\u00e9jug\u00e9s et sans contrainte<\/li><li style=\"font-weight: 400;\" aria-level=\"1\">Formation sur la situation juridique des MGF et sur les droits de l'enfant, de la femme et de l'homme au Kenya.<\/li><li style=\"font-weight: 400;\" aria-level=\"1\"><span style=\"font-weight: 400;\">Formation sur la sant\u00e9 et les droits sexuels et reproductifs en collaboration avec <a href=\"https:\/\/www.therainworkers.org\/en\">THE RAIN WORKERS<\/a>\u00a0<\/span><\/li><li style=\"font-weight: 400;\" aria-level=\"1\">Entra\u00eenement \u00e0 l'\u00e9ducation positive pour les parents<\/li><li style=\"font-weight: 400;\" aria-level=\"1\">Importance de l'\u00e9ducation<\/li><li style=\"font-weight: 400;\" aria-level=\"1\">Carri\u00e8res et opportunit\u00e9s<\/li><li aria-level=\"1\">Interaction entre l'homme et la nature, avec un accent sur un mode de vie durable et conscient<\/li><li style=\"font-weight: 400;\" aria-level=\"1\"><span style=\"font-weight: 400;\">et bien d'autres encore...\u00a0<\/span><\/li><\/ul><p>Pour d'autres projets concrets, veuillez consulter la rubrique \"Utilisation des fonds\".<\/p><p><b>\u00a0<\/b><\/p><p><b>3. des informations sur le r\u00e9gime fiscal pr\u00e9f\u00e9rentiel<br \/><\/b><\/p><p style=\"font-size: 18px; font-style: normal; font-weight: 400;\">D'apr\u00e8s le dernier avis d'exon\u00e9ration que nous avons re\u00e7u de l'administration fiscale de Marburg-Biedenkopf (num\u00e9ro d'identification fiscale 31\/250\/56899) en date du 8 juin 2022 (p\u00e9riode d'imposition 2017 \u00e0 2019), notre travail est exon\u00e9r\u00e9 de l'imp\u00f4t sur les soci\u00e9t\u00e9s conform\u00e9ment \u00e0 l'article 5, paragraphe 1, point 9 de la loi sur l'imp\u00f4t sur les soci\u00e9t\u00e9s et de la taxe professionnelle conform\u00e9ment \u00e0 l'article 3, point 6 de la loi sur la taxe professionnelle.<\/p><p style=\"font-size: 18px; font-style: normal; font-weight: 400;\">Zinduka e.V. a \u00e9t\u00e9 enregistr\u00e9e en 2016 comme association d'utilit\u00e9 publique \u00e0 Marburg an der Lahn, Allemagne. L'utilit\u00e9 publique existe selon les \u00a7\u00a751 et suivants de l'AO. AO (CODE ALLEMAND DES IMP\u00d4TS). L'association d'utilit\u00e9 publique a le num\u00e9ro 5323 dans le registre des associations \u00e0 Marburg et le num\u00e9ro fiscal est : 3125056899.<\/p><p><b>4. les d\u00e9cideurs de Zinduka et (6) la structure du personnel<br \/>Veuillez voir notre \u00e9quipe<br \/><\/b><span style=\"font-weight: 400;\">S'il vous pla\u00eet <a href=\"https:\/\/zinduka-ev.org\/fr\/a-propos-de-nous\/\">ici<\/a> cliquer.\u00a0<br \/>Zinduka a actuellement une directrice g\u00e9n\u00e9rale employ\u00e9e \u00e0 plein temps. Le conseil d'administration (3) et nos membres (23) sont b\u00e9n\u00e9voles.<\/span><\/p><p><strong>5. rapports d'activit\u00e9<\/strong><br \/>Vous trouverez ici nos rapports d'activit\u00e9 des trois derni\u00e8res ann\u00e9es :<\/p><ul><li style=\"font-weight: 400;\" aria-level=\"1\"><a href=\"https:\/\/drive.google.com\/file\/d\/170ZuP729ZYrR6IlYs4Evw8xzhpmjTSLz\/view?usp=share_link\"><span style=\"font-weight: 400;\">2022<\/span><\/a><span style=\"font-weight: 400;\">\u00a0<\/span><\/li><li style=\"font-weight: 400;\" aria-level=\"1\"><a href=\"https:\/\/drive.google.com\/file\/d\/1MhWycLv5f-VTgqS0NK-XqKu1UrQc8SVY\/view?usp=share_link\"><span style=\"font-weight: 400;\">2021<\/span><\/a><\/li><li style=\"font-weight: 400;\" aria-level=\"1\"><a href=\"https:\/\/docs.google.com\/document\/d\/1MucVPOzxAnG7cXVFz_JOnJ7YCzB_nsxkr5d6gZoqHf0\/edit?usp=sharing\"><span style=\"font-weight: 400;\">2020<\/span><\/a><\/li><\/ul><p><strong>7. origine des fonds<\/strong><br \/>Vous trouverez ici la provenance de nos fonds au cours des trois derni\u00e8res ann\u00e9es :<\/p><ul><li style=\"font-weight: 400;\" aria-level=\"1\"><a href=\"https:\/\/drive.google.com\/file\/d\/19GQF4EBs8JWZUKCK-X-tQWUsM2ZtStYb\/view?usp=share_link\"><span style=\"font-weight: 400;\">2022<\/span><\/a><\/li><li style=\"font-weight: 400;\" aria-level=\"1\"><a href=\"https:\/\/drive.google.com\/file\/d\/1JWj0G3mFphmVPbAqaCo-MYkHzBglu2u2\/view?usp=sharing\"><span style=\"font-weight: 400;\">2021<\/span><\/a><\/li><li style=\"font-weight: 400;\" aria-level=\"1\"><a href=\"https:\/\/drive.google.com\/file\/d\/1h2oUrCqWw56Lx_-0GLH39mlvjNiF563i\/view?usp=sharing\"><span style=\"font-weight: 400;\">2020<\/span><\/a><\/li><\/ul><p>Ici, vous pouvez consulter le <a href=\"https:\/\/drive.google.com\/file\/d\/1jGmRR8vD2xkE8BE-JpXynNZWt0ADG_RD\/view?usp=sharing\">Rapport annuel 2022<\/a> t\u00e9l\u00e9charger (page 13). Nos dons proviennent principalement d'organisations priv\u00e9es et de particuliers.<\/p><p>(10.) En 2022, il n'y a pas eu de don d'une personne individuelle repr\u00e9sentant plus de 10 % du budget annuel total.<\/p><p>Sur place, nous contr\u00f4lons de tr\u00e8s pr\u00e8s la mani\u00e8re dont les fonds sont utilis\u00e9s. Nous connaissons les prix et faisons attention \u00e0 chaque euro.<\/p><p><strong>8. utilisation des fonds<br \/><\/strong>Vous trouverez tous nos projets <a href=\"https:\/\/zinduka-ev.org\/en\/our-effect\/\">ici<\/a>.<\/p><p><b>9. lien de droit des soci\u00e9t\u00e9s :<\/b><br \/>L'association n'a pas de lien social avec des tiers.<\/p><p><b>Nos partenaires<\/b><br \/>Nous s\u00e9lectionnons soigneusement nos organisations partenaires selon nos propres crit\u00e8res et mettons en \u0153uvre des projets communs. Nous croyons au pouvoir des partenariats (ODD 17) pour cr\u00e9er des solutions maximales et durables en unissant nos forces et en faisant appel \u00e0 une expertise diversifi\u00e9e.<\/p><p>Nos partenaires actuels sont<br \/><a href=\"https:\/\/www.therainworkers.org\/en\">Les travailleurs de la pluie<\/a> | <a href=\"https:\/\/www.tukutane.de\/\">Tukutane e.V.<\/a> | <a href=\"https:\/\/menendfgm.org\/\">Men End FGM<\/a> | <a href=\"https:\/\/www.nala-fgm.de\/\">Nala e.V.<\/a>\u00a0<span style=\"color: var( --e-global-color-text ); font-family: var( --e-global-typography-text-font-family ), Sans-serif; font-size: var( --e-global-typography-text-font-size ); font-weight: var( --e-global-typography-text-font-weight ); text-align: var(--text-align); background-color: var(--ast-global-color-5);\">| <a href=\"https:\/\/www.aktivfuermenschen.at\/\">Amina<\/a> | <a href=\"https:\/\/mut-freiburg.org\/\">Fondation pour l'homme et l'animal<\/a> | I-Rep Foundation | Zinduka Kenya | <a href=\"https:\/\/www.tatort-verein.org\/nc\/home\/\">Sc\u00e8ne de crime e.V.<\/a>\u00a0<\/span><\/p><p>Nous coop\u00e9rons \u00e9galement avec :<br \/><a href=\"https:\/\/www.antifgmboard.go.ke\/\">Conseil de lutte contre les MGF au Kenya<\/a> | <a href=\"https:\/\/migori.go.ke\/\">Gouvernement du comt\u00e9 de Migori<\/a> | <a href=\"https:\/\/european-union.europa.eu\/index_en\">L'Union europ\u00e9enne au Kenya<\/a> |\u00a0 <a href=\"https:\/\/www.kutairi.de\/de\/vernetzung\/runder-tisch-deutschland\/\">Table ronde sur les MGF FR<\/a>\u00a0<\/p>\t\t\t\t\t\t\t\t<\/div>\n\t\t\t\t<\/div>\n\t\t\t\t\t<\/div>\n\t\t\t\t<\/div>\n\t\t\t\t\t<\/div>\n\t\t\t\t<\/div>\n\t\t\t\t<\/div>","protected":false},"excerpt":{"rendered":"<p>Transparenz Transparenz ist f\u00fcr uns sehr wichtig. Deshalb sind wir Unterzeichner der Liste der &#8222;Initiative Transparente Zivilgesellschaft&#8220;. Wir verpflichten uns, die folgenden Informationen der \u00d6ffentlichkeit auch online zur Verf\u00fcgung zu stellen und diese auf dem neuesten Stand zu halten. 1. Name, Sitz, Anschrift und Gr\u00fcndungsjahr: Name der Organisation: Zinduka e.VSitz des Vereins: Auf dem Willem [&hellip;]<\/p>\n","protected":false},"author":1,"featured_media":0,"parent":0,"menu_order":0,"comment_status":"closed","ping_status":"closed","template":"","meta":{"give_campaign_id":0,"site-sidebar-layout":"default","site-content-layout":"","ast-site-content-layout":"default","site-content-style":"default","site-sidebar-style":"default","ast-global-header-display":"","ast-banner-title-visibility":"","ast-main-header-display":"","ast-hfb-above-header-display":"","ast-hfb-below-header-display":"","ast-hfb-mobile-header-display":"","site-post-title":"","ast-breadcrumbs-content":"","ast-featured-img":"","footer-sml-layout":"","ast-disable-related-posts":"","theme-transparent-header-meta":"","adv-header-id-meta":"","stick-header-meta":"","header-above-stick-meta":"","header-main-stick-meta":"","header-below-stick-meta":"","astra-migrate-meta-layouts":"set","ast-page-background-enabled":"default","ast-page-background-meta":{"desktop":{"background-color":"var(--ast-global-color-4)","background-image":"","background-repeat":"repeat","background-position":"center center","background-size":"auto","background-attachment":"scroll","background-type":"","background-media":"","overlay-type":"","overlay-color":"","overlay-opacity":"","overlay-gradient":""},"tablet":{"background-color":"","background-image":"","background-repeat":"repeat","background-position":"center center","background-size":"auto","background-attachment":"scroll","background-type":"","background-media":"","overlay-type":"","overlay-color":"","overlay-opacity":"","overlay-gradient":""},"mobile":{"background-color":"","background-image":"","background-repeat":"repeat","background-position":"center center","background-size":"auto","background-attachment":"scroll","background-type":"","background-media":"","overlay-type":"","overlay-color":"","overlay-opacity":"","overlay-gradient":""}},"ast-content-background-meta":{"desktop":{"background-color":"var(--ast-global-color-5)","background-image":"","background-repeat":"repeat","background-position":"center center","background-size":"auto","background-attachment":"scroll","background-type":"","background-media":"","overlay-type":"","overlay-color":"","overlay-opacity":"","overlay-gradient":""},"tablet":{"background-color":"var(--ast-global-color-5)","background-image":"","background-repeat":"repeat","background-position":"center center","background-size":"auto","background-attachment":"scroll","background-type":"","background-media":"","overlay-type":"","overlay-color":"","overlay-opacity":"","overlay-gradient":""},"mobile":{"background-color":"var(--ast-global-color-5)","background-image":"","background-repeat":"repeat","background-position":"center center","background-size":"auto","background-attachment":"scroll","background-type":"","background-media":"","overlay-type":"","overlay-color":"","overlay-opacity":"","overlay-gradient":""}},"footnotes":""},"class_list":["post-2161","page","type-page","status-publish","hentry"],"yoast_head":"<!-- This site is optimized with the Yoast SEO plugin v26.9 - https:\/\/yoast.com\/product\/yoast-seo-wordpress\/ -->\n<title>Transparenz - Zinduka End FGM<\/title>\n<meta name=\"description\" content=\"Transparenz und Vertrauen sind uns sehr wichtig und deshalb zeigen wir uns hier ganz transparent. Bei weiteren Fragen, schreibe uns gerne.\" \/>\n<meta name=\"robots\" content=\"index, follow, max-snippet:-1, max-image-preview:large, max-video-preview:-1\" \/>\n<link rel=\"canonical\" href=\"https:\/\/zinduka-ev.org\/fr\/transparence\/\" \/>\n<meta property=\"og:locale\" content=\"fr_FR\" \/>\n<meta property=\"og:type\" content=\"article\" \/>\n<meta property=\"og:title\" content=\"Transparenz - Zinduka End FGM\" \/>\n<meta property=\"og:description\" content=\"Transparenz und Vertrauen sind uns sehr wichtig und deshalb zeigen wir uns hier ganz transparent. Bei weiteren Fragen, schreibe uns gerne.\" \/>\n<meta property=\"og:url\" content=\"https:\/\/zinduka-ev.org\/fr\/transparence\/\" \/>\n<meta property=\"og:site_name\" content=\"Zinduka End FGM\" \/>\n<meta property=\"article:publisher\" content=\"https:\/\/www.facebook.com\/zinduka.ev\/\" \/>\n<meta property=\"article:modified_time\" content=\"2024-08-13T14:17:59+00:00\" \/>\n<meta property=\"og:image\" content=\"http:\/\/zinduka-ev.org\/wp-content\/uploads\/2021\/05\/Transparente_ZivilgesellschaftPNG.png\" \/>\n<meta name=\"twitter:card\" content=\"summary_large_image\" \/>\n<meta name=\"twitter:site\" content=\"@Zinduka_eV\" \/>\n<meta name=\"twitter:label1\" content=\"Dur\u00e9e de lecture estim\u00e9e\" \/>\n\t<meta name=\"twitter:data1\" content=\"4 minutes\" \/>\n<script type=\"application\/ld+json\" class=\"yoast-schema-graph\">{\"@context\":\"https:\/\/schema.org\",\"@graph\":[{\"@type\":\"WebPage\",\"@id\":\"https:\/\/zinduka-ev.org\/transparenz\/\",\"url\":\"https:\/\/zinduka-ev.org\/transparenz\/\",\"name\":\"Transparenz - Zinduka End FGM\",\"isPartOf\":{\"@id\":\"https:\/\/zinduka-ev.org\/#website\"},\"primaryImageOfPage\":{\"@id\":\"https:\/\/zinduka-ev.org\/transparenz\/#primaryimage\"},\"image\":{\"@id\":\"https:\/\/zinduka-ev.org\/transparenz\/#primaryimage\"},\"thumbnailUrl\":\"http:\/\/zinduka-ev.org\/wp-content\/uploads\/2021\/05\/Transparente_ZivilgesellschaftPNG.png\",\"datePublished\":\"2023-06-18T11:39:47+00:00\",\"dateModified\":\"2024-08-13T14:17:59+00:00\",\"description\":\"Transparenz und Vertrauen sind uns sehr wichtig und deshalb zeigen wir uns hier ganz transparent. Bei weiteren Fragen, schreibe uns gerne.\",\"breadcrumb\":{\"@id\":\"https:\/\/zinduka-ev.org\/transparenz\/#breadcrumb\"},\"inLanguage\":\"fr-FR\",\"potentialAction\":[{\"@type\":\"ReadAction\",\"target\":[\"https:\/\/zinduka-ev.org\/transparenz\/\"]}]},{\"@type\":\"ImageObject\",\"inLanguage\":\"fr-FR\",\"@id\":\"https:\/\/zinduka-ev.org\/transparenz\/#primaryimage\",\"url\":\"http:\/\/zinduka-ev.org\/wp-content\/uploads\/2021\/05\/Transparente_ZivilgesellschaftPNG.png\",\"contentUrl\":\"http:\/\/zinduka-ev.org\/wp-content\/uploads\/2021\/05\/Transparente_ZivilgesellschaftPNG.png\"},{\"@type\":\"BreadcrumbList\",\"@id\":\"https:\/\/zinduka-ev.org\/transparenz\/#breadcrumb\",\"itemListElement\":[{\"@type\":\"ListItem\",\"position\":1,\"name\":\"Home\",\"item\":\"https:\/\/zinduka-ev.org\/\"},{\"@type\":\"ListItem\",\"position\":2,\"name\":\"Transparenz\"}]},{\"@type\":\"WebSite\",\"@id\":\"https:\/\/zinduka-ev.org\/#website\",\"url\":\"https:\/\/zinduka-ev.org\/\",\"name\":\"Zinduka e.V\",\"description\":\"Education against Female Genital Mutilation (FGM)\",\"publisher\":{\"@id\":\"https:\/\/zinduka-ev.org\/#organization\"},\"potentialAction\":[{\"@type\":\"SearchAction\",\"target\":{\"@type\":\"EntryPoint\",\"urlTemplate\":\"https:\/\/zinduka-ev.org\/?s={search_term_string}\"},\"query-input\":{\"@type\":\"PropertyValueSpecification\",\"valueRequired\":true,\"valueName\":\"search_term_string\"}}],\"inLanguage\":\"fr-FR\"},{\"@type\":\"Organization\",\"@id\":\"https:\/\/zinduka-ev.org\/#organization\",\"name\":\"Zinduka e.V\",\"url\":\"https:\/\/zinduka-ev.org\/\",\"logo\":{\"@type\":\"ImageObject\",\"inLanguage\":\"fr-FR\",\"@id\":\"https:\/\/zinduka-ev.org\/#\/schema\/logo\/image\/\",\"url\":\"https:\/\/zinduka-ev.org\/wp-content\/uploads\/2023\/03\/Zinduka-Logo.png\",\"contentUrl\":\"https:\/\/zinduka-ev.org\/wp-content\/uploads\/2023\/03\/Zinduka-Logo.png\",\"width\":1745,\"height\":1223,\"caption\":\"Zinduka e.V\"},\"image\":{\"@id\":\"https:\/\/zinduka-ev.org\/#\/schema\/logo\/image\/\"},\"sameAs\":[\"https:\/\/www.facebook.com\/zinduka.ev\/\",\"https:\/\/x.com\/Zinduka_eV\"]}]}<\/script>\n<!-- \/ Yoast SEO plugin. -->","yoast_head_json":{"title":"Transparence - Zinduka End FGM","description":"La transparence et la confiance sont tr\u00e8s importantes pour nous, c'est pourquoi nous nous montrons ici tr\u00e8s transparents. Si tu as d'autres questions, n'h\u00e9site pas \u00e0 nous \u00e9crire.","robots":{"index":"index","follow":"follow","max-snippet":"max-snippet:-1","max-image-preview":"max-image-preview:large","max-video-preview":"max-video-preview:-1"},"canonical":"https:\/\/zinduka-ev.org\/fr\/transparence\/","og_locale":"fr_FR","og_type":"article","og_title":"Transparenz - Zinduka End FGM","og_description":"Transparenz und Vertrauen sind uns sehr wichtig und deshalb zeigen wir uns hier ganz transparent. Bei weiteren Fragen, schreibe uns gerne.","og_url":"https:\/\/zinduka-ev.org\/fr\/transparence\/","og_site_name":"Zinduka End FGM","article_publisher":"https:\/\/www.facebook.com\/zinduka.ev\/","article_modified_time":"2024-08-13T14:17:59+00:00","og_image":[{"url":"http:\/\/zinduka-ev.org\/wp-content\/uploads\/2021\/05\/Transparente_ZivilgesellschaftPNG.png","type":"","width":"","height":""}],"twitter_card":"summary_large_image","twitter_site":"@Zinduka_eV","twitter_misc":{"Dur\u00e9e de lecture estim\u00e9e":"4 minutes"},"schema":{"@context":"https:\/\/schema.org","@graph":[{"@type":"WebPage","@id":"https:\/\/zinduka-ev.org\/transparenz\/","url":"https:\/\/zinduka-ev.org\/transparenz\/","name":"Transparence - Zinduka End FGM","isPartOf":{"@id":"https:\/\/zinduka-ev.org\/#website"},"primaryImageOfPage":{"@id":"https:\/\/zinduka-ev.org\/transparenz\/#primaryimage"},"image":{"@id":"https:\/\/zinduka-ev.org\/transparenz\/#primaryimage"},"thumbnailUrl":"http:\/\/zinduka-ev.org\/wp-content\/uploads\/2021\/05\/Transparente_ZivilgesellschaftPNG.png","datePublished":"2023-06-18T11:39:47+00:00","dateModified":"2024-08-13T14:17:59+00:00","description":"La transparence et la confiance sont tr\u00e8s importantes pour nous, c'est pourquoi nous nous montrons ici tr\u00e8s transparents. Si tu as d'autres questions, n'h\u00e9site pas \u00e0 nous \u00e9crire.","breadcrumb":{"@id":"https:\/\/zinduka-ev.org\/transparenz\/#breadcrumb"},"inLanguage":"fr-FR","potentialAction":[{"@type":"ReadAction","target":["https:\/\/zinduka-ev.org\/transparenz\/"]}]},{"@type":"ImageObject","inLanguage":"fr-FR","@id":"https:\/\/zinduka-ev.org\/transparenz\/#primaryimage","url":"http:\/\/zinduka-ev.org\/wp-content\/uploads\/2021\/05\/Transparente_ZivilgesellschaftPNG.png","contentUrl":"http:\/\/zinduka-ev.org\/wp-content\/uploads\/2021\/05\/Transparente_ZivilgesellschaftPNG.png"},{"@type":"BreadcrumbList","@id":"https:\/\/zinduka-ev.org\/transparenz\/#breadcrumb","itemListElement":[{"@type":"ListItem","position":1,"name":"Home","item":"https:\/\/zinduka-ev.org\/"},{"@type":"ListItem","position":2,"name":"Transparenz"}]},{"@type":"WebSite","@id":"https:\/\/zinduka-ev.org\/#website","url":"https:\/\/zinduka-ev.org\/","name":"Zinduka e.V.","description":"Education contre les mutilations g\u00e9nitales f\u00e9minines (MGF)","publisher":{"@id":"https:\/\/zinduka-ev.org\/#organization"},"potentialAction":[{"@type":"SearchAction","target":{"@type":"EntryPoint","urlTemplate":"https:\/\/zinduka-ev.org\/?s={search_term_string}"},"query-input":{"@type":"PropertyValueSpecification","valueRequired":true,"valueName":"search_term_string"}}],"inLanguage":"fr-FR"},{"@type":"Organization","@id":"https:\/\/zinduka-ev.org\/#organization","name":"Zinduka e.V.","url":"https:\/\/zinduka-ev.org\/","logo":{"@type":"ImageObject","inLanguage":"fr-FR","@id":"https:\/\/zinduka-ev.org\/#\/schema\/logo\/image\/","url":"https:\/\/zinduka-ev.org\/wp-content\/uploads\/2023\/03\/Zinduka-Logo.png","contentUrl":"https:\/\/zinduka-ev.org\/wp-content\/uploads\/2023\/03\/Zinduka-Logo.png","width":1745,"height":1223,"caption":"Zinduka e.V"},"image":{"@id":"https:\/\/zinduka-ev.org\/#\/schema\/logo\/image\/"},"sameAs":["https:\/\/www.facebook.com\/zinduka.ev\/","https:\/\/x.com\/Zinduka_eV"]}]}},"campaignId":"","_links":{"self":[{"href":"https:\/\/zinduka-ev.org\/fr\/wp-json\/wp\/v2\/pages\/2161","targetHints":{"allow":["GET"]}}],"collection":[{"href":"https:\/\/zinduka-ev.org\/fr\/wp-json\/wp\/v2\/pages"}],"about":[{"href":"https:\/\/zinduka-ev.org\/fr\/wp-json\/wp\/v2\/types\/page"}],"author":[{"embeddable":true,"href":"https:\/\/zinduka-ev.org\/fr\/wp-json\/wp\/v2\/users\/1"}],"replies":[{"embeddable":true,"href":"https:\/\/zinduka-ev.org\/fr\/wp-json\/wp\/v2\/comments?post=2161"}],"version-history":[{"count":140,"href":"https:\/\/zinduka-ev.org\/fr\/wp-json\/wp\/v2\/pages\/2161\/revisions"}],"predecessor-version":[{"id":2922,"href":"https:\/\/zinduka-ev.org\/fr\/wp-json\/wp\/v2\/pages\/2161\/revisions\/2922"}],"wp:attachment":[{"href":"https:\/\/zinduka-ev.org\/fr\/wp-json\/wp\/v2\/media?parent=2161"}],"curies":[{"name":"wp","href":"https:\/\/api.w.org\/{rel}","templated":true}]}}