{"id":1094,"date":"2022-03-14T21:38:03","date_gmt":"2022-03-14T21:38:03","guid":{"rendered":"https:\/\/zinduka-ev.org\/?page_id=1094"},"modified":"2024-05-06T15:14:35","modified_gmt":"2024-05-06T15:14:35","slug":"en-politique-de-confidentialite","status":"publish","type":"page","link":"https:\/\/zinduka-ev.org\/fr\/en-politique-de-confidentialite\/","title":{"rendered":"Protection des donn\u00e9es"},"content":{"rendered":"<div data-elementor-type=\"wp-page\" data-elementor-id=\"1094\" class=\"elementor elementor-1094\" data-elementor-post-type=\"page\">\n\t\t\t\t<div class=\"elementor-element elementor-element-0ffe9e2 e-flex e-con-boxed e-con e-parent\" data-id=\"0ffe9e2\" data-element_type=\"container\" data-e-type=\"container\">\n\t\t\t\t\t<div class=\"e-con-inner\">\n\t\t\t\t<div class=\"elementor-element elementor-element-244984f elementor-widget elementor-widget-heading\" data-id=\"244984f\" data-element_type=\"widget\" data-e-type=\"widget\" data-widget_type=\"heading.default\">\n\t\t\t\t<div class=\"elementor-widget-container\">\n\t\t\t\t\t<h2 class=\"elementor-heading-title elementor-size-default\">Politique de confidentialit\u00e9<\/h2>\t\t\t\t<\/div>\n\t\t\t\t<\/div>\n\t\t\t\t\t<\/div>\n\t\t\t\t<\/div>\n\t\t<div class=\"elementor-element elementor-element-f11ad71 e-flex e-con-boxed e-con e-parent\" data-id=\"f11ad71\" data-element_type=\"container\" data-e-type=\"container\">\n\t\t\t\t\t<div class=\"e-con-inner\">\n\t\t\t\t<div class=\"elementor-element elementor-element-cd846e5 elementor-widget elementor-widget-text-editor\" data-id=\"cd846e5\" data-element_type=\"widget\" data-e-type=\"widget\" data-widget_type=\"text-editor.default\">\n\t\t\t\t<div class=\"elementor-widget-container\">\n\t\t\t\t\t\t\t\t\t<p><b>1\u00e8re introduction<br><\/b><span style=\"font-style: inherit; font-weight: inherit; color: var( --e-global-color-text ); font-family: var( --e-global-typography-text-font-family ), Sans-serif; text-align: var(--text-align); background-color: var(--ast-global-color-5);\">En tant que fournisseur de ce site web, nous sommes tenus par la loi de vous informer sur le but, l'\u00e9tendue et la nature de la collecte et de l'utilisation de vos donn\u00e9es personnelles. Utilisation de vos donn\u00e9es personnelles. Avec cette d\u00e9claration, nous voulons nous assurer que vous vous sentez bien lorsque vous utilisez notre site web. Si vous avez des questions, n'h\u00e9sitez pas \u00e0 nous contacter.&nbsp;<\/span><\/p>\n<p><b>2.<\/b><span style=\"text-align: var(--text-align); background-color: var(--ast-global-color-5);\"><b>&nbsp;le nom et les coordonn\u00e9es du responsable du traitement<br><\/b><\/span><span style=\"font-style: inherit; font-weight: inherit; color: var( --e-global-color-text ); font-family: var( --e-global-typography-text-font-family ), Sans-serif; text-align: var(--text-align); background-color: var(--ast-global-color-5);\">Le responsable du traitement des donn\u00e9es \u00e0 caract\u00e8re personnel est Antonia Kipainoi (directrice de l'organisation Zinduka e.V.). Vous pouvez contacter Mme Kipainoi par t\u00e9l\u00e9phone au +254769349602 ou par e-mail \u00e0 antonia@zinduka-ev.org.<\/span><\/p>\n<p><b style=\"font-style: inherit; color: var( --e-global-color-text ); font-family: var( --e-global-typography-text-font-family ), Sans-serif; text-align: var(--text-align); background-color: var(--ast-global-color-5);\">3.&nbsp;<\/b><span style=\"text-align: var(--text-align); background-color: var(--ast-global-color-5);\"><b>Traitement des donn\u00e9es \u00e0 caract\u00e8re personnel, finalit\u00e9 du traitement et dur\u00e9e de conservation<\/b><\/span><\/p>\n<p><span style=\"font-style: inherit; font-weight: inherit; color: var( --e-global-color-text ); font-family: var( --e-global-typography-text-font-family ), Sans-serif; text-align: var(--text-align); background-color: var(--ast-global-color-5);\">a)&nbsp;<\/span><span style=\"text-align: var(--text-align); background-color: var(--ast-global-color-5);\">Visiter le site<\/span><\/p>\n<p>Lorsque vous visitez notre site web, des donn\u00e9es qui peuvent \u00eatre personnelles sont collect\u00e9es, trait\u00e9es et utilis\u00e9es. Dans ce contexte, les donn\u00e9es suivantes sont enregistr\u00e9es \u00e0 chaque fois que votre appareil acc\u00e8de au site web :<\/p>\n<p>- Adresse IP<br><span style=\"font-style: inherit; font-weight: inherit; color: var( --e-global-color-text ); font-family: var( --e-global-typography-text-font-family ), Sans-serif; text-align: var(--text-align); background-color: var(--ast-global-color-5);\">- Syst\u00e8me d'exploitation de votre terminal<br><\/span><span style=\"font-style: inherit; font-weight: inherit; color: var( --e-global-color-text ); font-family: var( --e-global-typography-text-font-family ), Sans-serif; text-align: var(--text-align); background-color: var(--ast-global-color-5);\">- Nom des fichiers que vous avez consult\u00e9s<br><\/span><span style=\"font-style: inherit; font-weight: inherit; color: var( --e-global-color-text ); font-family: var( --e-global-typography-text-font-family ), Sans-serif; text-align: var(--text-align); background-color: var(--ast-global-color-5);\">- date et heure de l'acc\u00e8s<\/span><\/p>\n<p>Les donn\u00e9es enregistr\u00e9es sont utilis\u00e9es pour une pr\u00e9sentation correcte du site web et \u00e0 des fins statistiques.&nbsp;<span style=\"font-style: inherit; font-weight: inherit; color: var( --e-global-color-text ); font-family: var( --e-global-typography-text-font-family ), Sans-serif; text-align: var(--text-align); background-color: var(--ast-global-color-5);\">La base juridique de ce traitement est votre consentement conform\u00e9ment \u00e0 l'art. 6 al. 1 phrase 1 lit. a) RGPD.<br><\/span><span style=\"font-style: inherit; font-weight: inherit; color: var( --e-global-color-text ); font-family: var( --e-global-typography-text-font-family ), Sans-serif; text-align: var(--text-align); background-color: var(--ast-global-color-5);\">Les donn\u00e9es susmentionn\u00e9es sont effac\u00e9es imm\u00e9diatement, au plus tard apr\u00e8s 72 heures, ou en cas de retrait de votre consentement.<br><\/span><span style=\"font-style: inherit; font-weight: inherit; color: var( --e-global-color-text ); font-family: var( --e-global-typography-text-font-family ), Sans-serif; text-align: var(--text-align); background-color: var(--ast-global-color-5);\">La mise \u00e0 disposition de ces donn\u00e9es n'est pas prescrite par la loi, mais sans consentement, l'utilisation du site web n'est pas possible dans toute son \u00e9tendue.<\/span><\/p>\n<p>b) Formulaire de contact<\/p>\n<p>Lors de l'utilisation de notre formulaire de contact, nous collectons, traitons et utilisons des donn\u00e9es qui peuvent \u00eatre personnelles.<\/p>\n<p>Les donn\u00e9es suivantes sont enregistr\u00e9es :<\/p>\n<p>- Nom<br><span style=\"font-style: inherit; font-weight: inherit; color: var( --e-global-color-text ); font-family: var( --e-global-typography-text-font-family ), Sans-serif; text-align: var(--text-align); background-color: var(--ast-global-color-5);\">- Adresse<br><\/span><span style=\"font-style: inherit; font-weight: inherit; color: var( --e-global-color-text ); font-family: var( --e-global-typography-text-font-family ), Sans-serif; text-align: var(--text-align); background-color: var(--ast-global-color-5);\">- Adresse \u00e9lectronique<\/span><\/p>\n<p><span style=\"font-style: inherit; font-weight: inherit; color: var( --e-global-color-text ); font-family: var( --e-global-typography-text-font-family ), Sans-serif; text-align: var(--text-align); background-color: var(--ast-global-color-5);\">Les donn\u00e9es enregistr\u00e9es sont utilis\u00e9es pour traiter votre demande.&nbsp;<\/span><span style=\"font-style: inherit; font-weight: inherit; color: var( --e-global-color-text ); font-family: var( --e-global-typography-text-font-family ), Sans-serif; text-align: var(--text-align); background-color: var(--ast-global-color-5);\">La base juridique de ce traitement est l'art. 6 al. 1 phrase 1 lit. b) RGPD.<br><\/span><span style=\"font-style: inherit; font-weight: inherit; color: var( --e-global-color-text ); font-family: var( --e-global-typography-text-font-family ), Sans-serif; text-align: var(--text-align); background-color: var(--ast-global-color-5);\">Les donn\u00e9es susmentionn\u00e9es seront supprim\u00e9es \u00e0 la fin du processus de contact. La mise \u00e0 disposition de ces donn\u00e9es n'est pas prescrite par la loi. Sans le traitement des donn\u00e9es, il n'est toutefois pas possible de traiter enti\u00e8rement votre demande.<\/span><\/p>\n<p><b>4) l'existence d'un droit d'acc\u00e8s aux donn\u00e9es, de rectification, d'effacement ou de limitation du traitement ou d'un droit d'opposition au traitement et d'un droit \u00e0 la portabilit\u00e9 des donn\u00e9es<\/b><\/p>\n<p>Toute personne a le droit d'obtenir des informations sur les donn\u00e9es trait\u00e9es la concernant, de les faire rectifier, de les faire effacer et d'obtenir une limitation du traitement. En outre, la personne a le droit de s'opposer au traitement de ses donn\u00e9es et le droit \u00e0 la portabilit\u00e9 des donn\u00e9es.<\/p>\n<p><b>5. si le traitement repose sur un consentement (article 6, paragraphe 1, premi\u00e8re phrase, point a) du RGPD) : Existence d'un droit \u00e0 l'effacement<\/b><\/p>\n<p>Lorsque le traitement est fond\u00e9 sur le consentement, toute personne a le droit de retirer ce consentement.<br><span style=\"font-style: inherit; font-weight: inherit; color: var( --e-global-color-text ); font-family: var( --e-global-typography-text-font-family ), Sans-serif; text-align: var(--text-align); background-color: var(--ast-global-color-5);\">L'exercice du droit de r\u00e9tractation ne fait pas dispara\u00eetre la lic\u00e9it\u00e9 du traitement effectu\u00e9 avant la r\u00e9tractation.<\/span><\/p>\n<p><b>6. l'existence d'un droit de recours aupr\u00e8s d'une autorit\u00e9 de contr\u00f4le<\/b><\/p>\n<p><span style=\"text-align: var(--text-align); background-color: var(--ast-global-color-5);\">Conform\u00e9ment \u00e0 l'article 77 du RGPD, il existe un droit de recours aupr\u00e8s d'une autorit\u00e9 de surveillance. En Allemagne, cette autorit\u00e9 est le commissaire f\u00e9d\u00e9ral \u00e0 la protection des donn\u00e9es et \u00e0 la libert\u00e9 d'information.<\/span><\/p>\t\t\t\t\t\t\t\t<\/div>\n\t\t\t\t<\/div>\n\t\t\t\t\t<\/div>\n\t\t\t\t<\/div>\n\t\t\t\t<\/div>","protected":false},"excerpt":{"rendered":"<p>Privacy Policy 1. EinleitungAls Anbieter dieser Website sind wir gesetzlich verpflichtet, Sie \u00fcber Zweck, Umfang und Art der Erhebung und Verwendung Ihrer personenbezogenen Daten zu informieren. Verwendung Ihrer personenbezogenen Daten. Mit dieser Erkl\u00e4rung m\u00f6chten wir sicherstellen, dass Sie ein gutes Gef\u00fchl bei der Nutzung unserer Website haben. Sollten Sie Fragen haben, k\u00f6nnen Sie sich jederzeit [&hellip;]<\/p>\n","protected":false},"author":1,"featured_media":0,"parent":0,"menu_order":0,"comment_status":"closed","ping_status":"closed","template":"","meta":{"give_campaign_id":0,"site-sidebar-layout":"no-sidebar","site-content-layout":"page-builder","ast-site-content-layout":"full-width-container","site-content-style":"unboxed","site-sidebar-style":"unboxed","ast-global-header-display":"","ast-banner-title-visibility":"","ast-main-header-display":"","ast-hfb-above-header-display":"","ast-hfb-below-header-display":"","ast-hfb-mobile-header-display":"","site-post-title":"disabled","ast-breadcrumbs-content":"","ast-featured-img":"disabled","footer-sml-layout":"","ast-disable-related-posts":"","theme-transparent-header-meta":"","adv-header-id-meta":"","stick-header-meta":"","header-above-stick-meta":"","header-main-stick-meta":"","header-below-stick-meta":"","astra-migrate-meta-layouts":"set","ast-page-background-enabled":"default","ast-page-background-meta":{"desktop":{"background-color":"var(--ast-global-color-4)","background-image":"","background-repeat":"repeat","background-position":"center center","background-size":"auto","background-attachment":"scroll","background-type":"","background-media":"","overlay-type":"","overlay-color":"","overlay-opacity":"","overlay-gradient":""},"tablet":{"background-color":"","background-image":"","background-repeat":"repeat","background-position":"center center","background-size":"auto","background-attachment":"scroll","background-type":"","background-media":"","overlay-type":"","overlay-color":"","overlay-opacity":"","overlay-gradient":""},"mobile":{"background-color":"","background-image":"","background-repeat":"repeat","background-position":"center center","background-size":"auto","background-attachment":"scroll","background-type":"","background-media":"","overlay-type":"","overlay-color":"","overlay-opacity":"","overlay-gradient":""}},"ast-content-background-meta":{"desktop":{"background-color":"var(--ast-global-color-5)","background-image":"","background-repeat":"repeat","background-position":"center center","background-size":"auto","background-attachment":"scroll","background-type":"","background-media":"","overlay-type":"","overlay-color":"","overlay-opacity":"","overlay-gradient":""},"tablet":{"background-color":"var(--ast-global-color-5)","background-image":"","background-repeat":"repeat","background-position":"center center","background-size":"auto","background-attachment":"scroll","background-type":"","background-media":"","overlay-type":"","overlay-color":"","overlay-opacity":"","overlay-gradient":""},"mobile":{"background-color":"var(--ast-global-color-5)","background-image":"","background-repeat":"repeat","background-position":"center center","background-size":"auto","background-attachment":"scroll","background-type":"","background-media":"","overlay-type":"","overlay-color":"","overlay-opacity":"","overlay-gradient":""}},"footnotes":""},"class_list":["post-1094","page","type-page","status-publish","hentry"],"yoast_head":"<!-- This site is optimized with the Yoast SEO plugin v27.4 - https:\/\/yoast.com\/product\/yoast-seo-wordpress\/ -->\n<title>Datenschutz - Zinduka End FGM<\/title>\n<meta name=\"description\" content=\"Datenschutz ist uns sehr wichtig. Hier stehen die Details der Datenschutzerkl\u00e4rung dieser Seite uns Inhalte.\" \/>\n<meta name=\"robots\" content=\"index, follow, max-snippet:-1, max-image-preview:large, max-video-preview:-1\" \/>\n<link rel=\"canonical\" href=\"https:\/\/zinduka-ev.org\/fr\/en-politique-de-confidentialite\/\" \/>\n<meta property=\"og:locale\" content=\"fr_FR\" \/>\n<meta property=\"og:type\" content=\"article\" \/>\n<meta property=\"og:title\" content=\"Datenschutz - Zinduka End FGM\" \/>\n<meta property=\"og:description\" content=\"Datenschutz ist uns sehr wichtig. Hier stehen die Details der Datenschutzerkl\u00e4rung dieser Seite uns Inhalte.\" \/>\n<meta property=\"og:url\" content=\"https:\/\/zinduka-ev.org\/fr\/en-politique-de-confidentialite\/\" \/>\n<meta property=\"og:site_name\" content=\"Zinduka End FGM\" \/>\n<meta property=\"article:publisher\" content=\"https:\/\/www.facebook.com\/zinduka.ev\/\" \/>\n<meta property=\"article:modified_time\" content=\"2024-05-06T15:14:35+00:00\" \/>\n<meta name=\"twitter:card\" content=\"summary_large_image\" \/>\n<meta name=\"twitter:site\" content=\"@Zinduka_eV\" \/>\n<meta name=\"twitter:label1\" content=\"Dur\u00e9e de lecture estim\u00e9e\" \/>\n\t<meta name=\"twitter:data1\" content=\"3 minutes\" \/>\n<script type=\"application\/ld+json\" class=\"yoast-schema-graph\">{\"@context\":\"https:\\\/\\\/schema.org\",\"@graph\":[{\"@type\":\"WebPage\",\"@id\":\"https:\\\/\\\/zinduka-ev.org\\\/en-privacy-policy\\\/\",\"url\":\"https:\\\/\\\/zinduka-ev.org\\\/en-privacy-policy\\\/\",\"name\":\"Datenschutz - Zinduka End FGM\",\"isPartOf\":{\"@id\":\"https:\\\/\\\/zinduka-ev.org\\\/#website\"},\"datePublished\":\"2022-03-14T21:38:03+00:00\",\"dateModified\":\"2024-05-06T15:14:35+00:00\",\"description\":\"Datenschutz ist uns sehr wichtig. Hier stehen die Details der Datenschutzerkl\u00e4rung dieser Seite uns Inhalte.\",\"breadcrumb\":{\"@id\":\"https:\\\/\\\/zinduka-ev.org\\\/en-privacy-policy\\\/#breadcrumb\"},\"inLanguage\":\"fr-FR\",\"potentialAction\":[{\"@type\":\"ReadAction\",\"target\":[\"https:\\\/\\\/zinduka-ev.org\\\/en-privacy-policy\\\/\"]}]},{\"@type\":\"BreadcrumbList\",\"@id\":\"https:\\\/\\\/zinduka-ev.org\\\/en-privacy-policy\\\/#breadcrumb\",\"itemListElement\":[{\"@type\":\"ListItem\",\"position\":1,\"name\":\"Home\",\"item\":\"https:\\\/\\\/zinduka-ev.org\\\/\"},{\"@type\":\"ListItem\",\"position\":2,\"name\":\"Datenschutz\"}]},{\"@type\":\"WebSite\",\"@id\":\"https:\\\/\\\/zinduka-ev.org\\\/#website\",\"url\":\"https:\\\/\\\/zinduka-ev.org\\\/\",\"name\":\"Zinduka e.V\",\"description\":\"Education against Female Genital Mutilation (FGM)\",\"publisher\":{\"@id\":\"https:\\\/\\\/zinduka-ev.org\\\/#organization\"},\"potentialAction\":[{\"@type\":\"SearchAction\",\"target\":{\"@type\":\"EntryPoint\",\"urlTemplate\":\"https:\\\/\\\/zinduka-ev.org\\\/?s={search_term_string}\"},\"query-input\":{\"@type\":\"PropertyValueSpecification\",\"valueRequired\":true,\"valueName\":\"search_term_string\"}}],\"inLanguage\":\"fr-FR\"},{\"@type\":\"Organization\",\"@id\":\"https:\\\/\\\/zinduka-ev.org\\\/#organization\",\"name\":\"Zinduka e.V\",\"url\":\"https:\\\/\\\/zinduka-ev.org\\\/\",\"logo\":{\"@type\":\"ImageObject\",\"inLanguage\":\"fr-FR\",\"@id\":\"https:\\\/\\\/zinduka-ev.org\\\/#\\\/schema\\\/logo\\\/image\\\/\",\"url\":\"https:\\\/\\\/zinduka-ev.org\\\/wp-content\\\/uploads\\\/2023\\\/03\\\/Zinduka-Logo.png\",\"contentUrl\":\"https:\\\/\\\/zinduka-ev.org\\\/wp-content\\\/uploads\\\/2023\\\/03\\\/Zinduka-Logo.png\",\"width\":1745,\"height\":1223,\"caption\":\"Zinduka e.V\"},\"image\":{\"@id\":\"https:\\\/\\\/zinduka-ev.org\\\/#\\\/schema\\\/logo\\\/image\\\/\"},\"sameAs\":[\"https:\\\/\\\/www.facebook.com\\\/zinduka.ev\\\/\",\"https:\\\/\\\/x.com\\\/Zinduka_eV\"]}]}<\/script>\n<!-- \/ Yoast SEO plugin. -->","yoast_head_json":{"title":"Protection des donn\u00e9es - Zinduka End FGM","description":"La protection des donn\u00e9es est tr\u00e8s importante pour nous. Vous trouverez ici les d\u00e9tails de la d\u00e9claration de protection des donn\u00e9es de ce site et de son contenu.","robots":{"index":"index","follow":"follow","max-snippet":"max-snippet:-1","max-image-preview":"max-image-preview:large","max-video-preview":"max-video-preview:-1"},"canonical":"https:\/\/zinduka-ev.org\/fr\/en-politique-de-confidentialite\/","og_locale":"fr_FR","og_type":"article","og_title":"Datenschutz - Zinduka End FGM","og_description":"Datenschutz ist uns sehr wichtig. Hier stehen die Details der Datenschutzerkl\u00e4rung dieser Seite uns Inhalte.","og_url":"https:\/\/zinduka-ev.org\/fr\/en-politique-de-confidentialite\/","og_site_name":"Zinduka End FGM","article_publisher":"https:\/\/www.facebook.com\/zinduka.ev\/","article_modified_time":"2024-05-06T15:14:35+00:00","twitter_card":"summary_large_image","twitter_site":"@Zinduka_eV","twitter_misc":{"Dur\u00e9e de lecture estim\u00e9e":"3 minutes"},"schema":{"@context":"https:\/\/schema.org","@graph":[{"@type":"WebPage","@id":"https:\/\/zinduka-ev.org\/en-privacy-policy\/","url":"https:\/\/zinduka-ev.org\/en-privacy-policy\/","name":"Protection des donn\u00e9es - Zinduka End FGM","isPartOf":{"@id":"https:\/\/zinduka-ev.org\/#website"},"datePublished":"2022-03-14T21:38:03+00:00","dateModified":"2024-05-06T15:14:35+00:00","description":"La protection des donn\u00e9es est tr\u00e8s importante pour nous. Vous trouverez ici les d\u00e9tails de la d\u00e9claration de protection des donn\u00e9es de ce site et de son contenu.","breadcrumb":{"@id":"https:\/\/zinduka-ev.org\/en-privacy-policy\/#breadcrumb"},"inLanguage":"fr-FR","potentialAction":[{"@type":"ReadAction","target":["https:\/\/zinduka-ev.org\/en-privacy-policy\/"]}]},{"@type":"BreadcrumbList","@id":"https:\/\/zinduka-ev.org\/en-privacy-policy\/#breadcrumb","itemListElement":[{"@type":"ListItem","position":1,"name":"Home","item":"https:\/\/zinduka-ev.org\/"},{"@type":"ListItem","position":2,"name":"Datenschutz"}]},{"@type":"WebSite","@id":"https:\/\/zinduka-ev.org\/#website","url":"https:\/\/zinduka-ev.org\/","name":"Zinduka e.V.","description":"Education contre les mutilations g\u00e9nitales f\u00e9minines (MGF)","publisher":{"@id":"https:\/\/zinduka-ev.org\/#organization"},"potentialAction":[{"@type":"SearchAction","target":{"@type":"EntryPoint","urlTemplate":"https:\/\/zinduka-ev.org\/?s={search_term_string}"},"query-input":{"@type":"PropertyValueSpecification","valueRequired":true,"valueName":"search_term_string"}}],"inLanguage":"fr-FR"},{"@type":"Organization","@id":"https:\/\/zinduka-ev.org\/#organization","name":"Zinduka e.V.","url":"https:\/\/zinduka-ev.org\/","logo":{"@type":"ImageObject","inLanguage":"fr-FR","@id":"https:\/\/zinduka-ev.org\/#\/schema\/logo\/image\/","url":"https:\/\/zinduka-ev.org\/wp-content\/uploads\/2023\/03\/Zinduka-Logo.png","contentUrl":"https:\/\/zinduka-ev.org\/wp-content\/uploads\/2023\/03\/Zinduka-Logo.png","width":1745,"height":1223,"caption":"Zinduka e.V"},"image":{"@id":"https:\/\/zinduka-ev.org\/#\/schema\/logo\/image\/"},"sameAs":["https:\/\/www.facebook.com\/zinduka.ev\/","https:\/\/x.com\/Zinduka_eV"]}]}},"campaignId":"","_links":{"self":[{"href":"https:\/\/zinduka-ev.org\/fr\/wp-json\/wp\/v2\/pages\/1094","targetHints":{"allow":["GET"]}}],"collection":[{"href":"https:\/\/zinduka-ev.org\/fr\/wp-json\/wp\/v2\/pages"}],"about":[{"href":"https:\/\/zinduka-ev.org\/fr\/wp-json\/wp\/v2\/types\/page"}],"author":[{"embeddable":true,"href":"https:\/\/zinduka-ev.org\/fr\/wp-json\/wp\/v2\/users\/1"}],"replies":[{"embeddable":true,"href":"https:\/\/zinduka-ev.org\/fr\/wp-json\/wp\/v2\/comments?post=1094"}],"version-history":[{"count":14,"href":"https:\/\/zinduka-ev.org\/fr\/wp-json\/wp\/v2\/pages\/1094\/revisions"}],"predecessor-version":[{"id":2766,"href":"https:\/\/zinduka-ev.org\/fr\/wp-json\/wp\/v2\/pages\/1094\/revisions\/2766"}],"wp:attachment":[{"href":"https:\/\/zinduka-ev.org\/fr\/wp-json\/wp\/v2\/media?parent=1094"}],"curies":[{"name":"wp","href":"https:\/\/api.w.org\/{rel}","templated":true}]}}