{"id":2161,"date":"2023-06-18T11:39:47","date_gmt":"2023-06-18T11:39:47","guid":{"rendered":"https:\/\/zinduka-ev.org\/?page_id=2161"},"modified":"2024-08-13T14:17:59","modified_gmt":"2024-08-13T14:17:59","slug":"transparencia","status":"publish","type":"page","link":"https:\/\/zinduka-ev.org\/es\/transparencia\/","title":{"rendered":"Transparencia"},"content":{"rendered":"<div data-elementor-type=\"wp-page\" data-elementor-id=\"2161\" class=\"elementor elementor-2161\" data-elementor-post-type=\"page\">\n\t\t\t\t<div class=\"elementor-element elementor-element-6f9fac7 e-flex e-con-boxed e-con e-parent\" data-id=\"6f9fac7\" data-element_type=\"container\" data-e-type=\"container\">\n\t\t\t\t\t<div class=\"e-con-inner\">\n\t\t<div class=\"elementor-element elementor-element-df885e9 e-flex e-con-boxed e-con e-child\" data-id=\"df885e9\" data-element_type=\"container\" data-e-type=\"container\">\n\t\t\t\t\t<div class=\"e-con-inner\">\n\t\t<div class=\"elementor-element elementor-element-0f36100 e-flex e-con-boxed e-con e-child\" data-id=\"0f36100\" data-element_type=\"container\" data-e-type=\"container\">\n\t\t\t\t\t<div class=\"e-con-inner\">\n\t\t\t\t<div class=\"elementor-element elementor-element-6c6328c elementor-widget elementor-widget-image\" data-id=\"6c6328c\" data-element_type=\"widget\" data-e-type=\"widget\" data-widget_type=\"image.default\">\n\t\t\t\t<div class=\"elementor-widget-container\">\n\t\t\t\t\t\t\t\t\t\t\t\t\t\t\t\t<a href=\"http:\/\/www.transparente-zivilgesellschaft.de\/\">\n\t\t\t\t\t\t\t<img decoding=\"async\" width=\"300\" height=\"82\" src=\"https:\/\/zinduka-ev.org\/wp-content\/uploads\/2021\/05\/Transparente_ZivilgesellschaftPNG.png\" class=\"attachment-medium size-medium wp-image-2910\" alt=\"\" srcset=\"https:\/\/zinduka-ev.org\/wp-content\/uploads\/2021\/05\/Transparente_ZivilgesellschaftPNG-300x82.png 300w, https:\/\/zinduka-ev.org\/wp-content\/uploads\/2021\/05\/Transparente_ZivilgesellschaftPNG-18x5.png 18w, https:\/\/zinduka-ev.org\/wp-content\/uploads\/2021\/05\/Transparente_ZivilgesellschaftPNG.png 735w\" sizes=\"(max-width: 300px) 100vw, 300px\" \/>\t\t\t\t\t\t\t\t<\/a>\n\t\t\t\t\t\t\t\t\t\t\t\t\t\t\t<\/div>\n\t\t\t\t<\/div>\n\t\t\t\t<div class=\"elementor-element elementor-element-5023613 elementor-widget elementor-widget-heading\" data-id=\"5023613\" data-element_type=\"widget\" data-e-type=\"widget\" data-widget_type=\"heading.default\">\n\t\t\t\t<div class=\"elementor-widget-container\">\n\t\t\t\t\t<h2 class=\"elementor-heading-title elementor-size-default\">Transparencia<\/h2>\t\t\t\t<\/div>\n\t\t\t\t<\/div>\n\t\t\t\t\t<\/div>\n\t\t\t\t<\/div>\n\t\t\t\t<div class=\"elementor-element elementor-element-e7840f3 elementor-widget elementor-widget-text-editor\" data-id=\"e7840f3\" data-element_type=\"widget\" data-e-type=\"widget\" data-widget_type=\"text-editor.default\">\n\t\t\t\t<div class=\"elementor-widget-container\">\n\t\t\t\t\t\t\t\t\t<p>La transparencia es muy importante para nosotros. Por eso somos signatarios de la lista de <a href=\"https:\/\/www.transparente-zivilgesellschaft.de\/\">\"Iniciativa Sociedad Civil Transparente\"<\/a>. Nos comprometemos a poner a disposici\u00f3n del p\u00fablico la siguiente informaci\u00f3n en l\u00ednea y a mantenerla actualizada.<\/p><p style=\"margin-bottom: 29px; color: #333333; font-family: 'Helvetica Neue', Arial, sans-serif; font-size: 19px; font-style: normal; font-weight: 400; background-color: #f3f3f3;\"><b style=\"font-size: 18px; font-style: inherit; color: var( --e-global-color-text ); font-family: var( --e-global-typography-text-font-family ), Sans-serif; text-align: var(--text-align); background-color: var(--ast-global-color-5);\">1. nombre, domicilio social, direcci\u00f3n y a\u00f1o de fundaci\u00f3n:<\/b><\/p><p><b>Nombre de la organizaci\u00f3n:<\/b> Zinduka e.V<br \/><b style=\"font-style: inherit; color: var( --e-global-color-text ); font-family: var( --e-global-typography-text-font-family ), Sans-serif; text-align: var(--text-align); background-color: var(--ast-global-color-5);\">Sede de la organizaci\u00f3n: <\/b><span style=\"font-style: inherit; color: var( --e-global-color-text ); font-family: var( --e-global-typography-text-font-family ), Sans-serif; text-align: var(--text-align); background-color: var(--ast-global-color-5);\"><span style=\"font-weight: inherit;\">Auf dem Willem 5, 35094 Lahntal<\/span><br \/><\/span><b style=\"font-style: inherit; color: var( --e-global-color-text ); font-family: var( --e-global-typography-text-font-family ), Sans-serif; text-align: var(--text-align); background-color: var(--ast-global-color-5);\">P\u00f3ngase en contacto con nosotros<\/b><span style=\"font-style: inherit; color: var( --e-global-color-text ); font-family: var( --e-global-typography-text-font-family ), Sans-serif; text-align: var(--text-align); background-color: var(--ast-global-color-5);\"><span style=\"font-weight: inherit;\">: info@zinduka-ev.org | antonia@zinduka-ev.org <\/span><b>Persona de contacto<\/b><span style=\"font-weight: inherit;\">Antonia Kipainoi<\/span><br \/><\/span><b style=\"font-style: inherit; color: var( --e-global-color-text ); font-family: var( --e-global-typography-text-font-family ), Sans-serif; text-align: var(--text-align); background-color: var(--ast-global-color-5);\">A\u00f1o de fundaci\u00f3n<\/b><span style=\"font-style: inherit; font-weight: inherit; color: var( --e-global-color-text ); font-family: var( --e-global-typography-text-font-family ), Sans-serif; text-align: var(--text-align); background-color: var(--ast-global-color-5);\">: 2016<\/span><\/p>\t\t\t\t\t\t\t\t<\/div>\n\t\t\t\t<\/div>\n\t\t\t\t\t<\/div>\n\t\t\t\t<\/div>\n\t\t<div class=\"elementor-element elementor-element-3d7c4f5 e-flex e-con-boxed e-con e-child\" data-id=\"3d7c4f5\" data-element_type=\"container\" data-e-type=\"container\">\n\t\t\t\t\t<div class=\"e-con-inner\">\n\t\t\t\t<div class=\"elementor-element elementor-element-b7318bc elementor-widget elementor-widget-text-editor\" data-id=\"b7318bc\" data-element_type=\"widget\" data-e-type=\"widget\" data-widget_type=\"text-editor.default\">\n\t\t\t\t<div class=\"elementor-widget-container\">\n\t\t\t\t\t\t\t\t\t<p><b>2 Nuestros objetivos y estatutos<\/b><\/p><p><span style=\"font-weight: 400;\">Aqu\u00ed est\u00e1 nuestro <a href=\"https:\/\/drive.google.com\/file\/d\/1It49l5Tm-LVc7JWFTbVaYYMC40jVSR5Y\/view?usp=share_link\">Estatutos<\/a>.\u00a0<\/span><\/p><p>Nuestro objetivo: <br \/>Zinduka e.V. hace campa\u00f1a contra la mutilaci\u00f3n genital femenina (\"MGF\") en Kenia. Todos nuestros programas contribuyen a la abolici\u00f3n de la MGF. Seguimos la agenda de la ONU (Organizaci\u00f3n de las Naciones Unidas) y, por tanto, estamos decididos a que se pueda acabar con la MGF para 2030.<\/p><p>A trav\u00e9s de diversos programas educativos, pretendemos lograr una mejora sostenible del entorno vital de todas las personas, con especial atenci\u00f3n a las ni\u00f1as y las mujeres.<\/p><p>Perseguimos un enfoque hol\u00edstico, algunos de nuestros temas y \u00e1reas de formaci\u00f3n son<\/p><ul><li style=\"font-weight: 400;\" aria-level=\"1\">Educaci\u00f3n imparcial y no coercitiva sobre la MGF<\/li><li style=\"font-weight: 400;\" aria-level=\"1\">Formaci\u00f3n sobre la situaci\u00f3n jur\u00eddica de la MGF, los ni\u00f1os, las mujeres y los derechos humanos en Kenia<\/li><li style=\"font-weight: 400;\" aria-level=\"1\"><span style=\"font-weight: 400;\">Formaci\u00f3n sobre salud y derechos sexuales y reproductivos en cooperaci\u00f3n con <a href=\"https:\/\/www.therainworkers.org\/en\">LOS TRABAJADORES DE LA LLUVIA<\/a>\u00a0<\/span><\/li><li style=\"font-weight: 400;\" aria-level=\"1\">Formaci\u00f3n en parentalidad positiva para padres<\/li><li style=\"font-weight: 400;\" aria-level=\"1\">Importancia de la educaci\u00f3n<\/li><li style=\"font-weight: 400;\" aria-level=\"1\">Trayectorias profesionales y oportunidades<\/li><li aria-level=\"1\">Interacci\u00f3n entre las personas y la naturaleza centrada en un estilo de vida sostenible y consciente<\/li><li style=\"font-weight: 400;\" aria-level=\"1\"><span style=\"font-weight: 400;\">y muchos m\u00e1s...\u00a0<\/span><\/li><\/ul><p>Para m\u00e1s proyectos espec\u00edficos, v\u00e9ase \"Utilizaci\u00f3n de los fondos\".<\/p><p><b>\u00a0<\/b><\/p><p><b>3. informaci\u00f3n sobre ventajas fiscales<br \/><\/b><\/p><p style=\"font-size: 18px; font-style: normal; font-weight: 400;\">Seg\u00fan la \u00faltima notificaci\u00f3n de exenci\u00f3n que hemos recibido de la oficina tributaria de Marburg-Biedenkopf (n\u00famero de identificaci\u00f3n fiscal 31\/250\/56899) con fecha de 8 de junio de 2022 (periodo de evaluaci\u00f3n 2017 a 2019), nuestro trabajo est\u00e1 exento del impuesto de sociedades de conformidad con el art\u00edculo 5 (1) n.\u00ba 9 de la Ley alemana del impuesto de sociedades (K\u00f6rperschaftsteuergesetz) y del impuesto sobre actividades econ\u00f3micas de conformidad con el art\u00edculo 3 n.\u00ba 6 de la Ley alemana del impuesto sobre actividades econ\u00f3micas (Gewerbesteuergesetz).<\/p><p style=\"font-size: 18px; font-style: normal; font-weight: 400;\">Zinduka e.V. se registr\u00f3 como organizaci\u00f3n sin \u00e1nimo de lucro en Marburg an der Lahn, Alemania, en 2016. El estatus de organizaci\u00f3n sin \u00e1nimo de lucro existe de acuerdo con \u00a7\u00a751 Ff. AO. La organizaci\u00f3n sin \u00e1nimo de lucro tiene el n\u00famero 5323 en el registro de asociaciones de Marburgo y el n\u00famero de identificaci\u00f3n fiscal es: 3125056899.<\/p><p><b>4. Responsables de Zinduka y (6.) estructura de personal<br \/>Consulte nuestro equipo<br \/><\/b><span style=\"font-weight: 400;\">Por favor, <a href=\"https:\/\/zinduka-ev.org\/es\/quienes-somos\/\">aqu\u00ed<\/a> clic.\u00a0<br \/>Zinduka cuenta actualmente con un director gerente a tiempo completo. El Consejo de Administraci\u00f3n (3) y nuestros miembros (23) trabajan de forma voluntaria.<\/span><\/p><p><strong>5. informes de actividad<\/strong><br \/>Aqu\u00ed encontrar\u00e1 nuestros informes de actividad de los tres \u00faltimos a\u00f1os:<\/p><ul><li style=\"font-weight: 400;\" aria-level=\"1\"><a href=\"https:\/\/drive.google.com\/file\/d\/170ZuP729ZYrR6IlYs4Evw8xzhpmjTSLz\/view?usp=share_link\"><span style=\"font-weight: 400;\">2022<\/span><\/a><span style=\"font-weight: 400;\">\u00a0<\/span><\/li><li style=\"font-weight: 400;\" aria-level=\"1\"><a href=\"https:\/\/drive.google.com\/file\/d\/1MhWycLv5f-VTgqS0NK-XqKu1UrQc8SVY\/view?usp=share_link\"><span style=\"font-weight: 400;\">2021<\/span><\/a><\/li><li style=\"font-weight: 400;\" aria-level=\"1\"><a href=\"https:\/\/docs.google.com\/document\/d\/1MucVPOzxAnG7cXVFz_JOnJ7YCzB_nsxkr5d6gZoqHf0\/edit?usp=sharing\"><span style=\"font-weight: 400;\">2020<\/span><\/a><\/li><\/ul><p><strong>7. origen de los fondos<\/strong><br \/>Aqu\u00ed encontrar\u00e1 nuestras fuentes de financiaci\u00f3n de los tres \u00faltimos a\u00f1os:<\/p><ul><li style=\"font-weight: 400;\" aria-level=\"1\"><a href=\"https:\/\/drive.google.com\/file\/d\/19GQF4EBs8JWZUKCK-X-tQWUsM2ZtStYb\/view?usp=share_link\"><span style=\"font-weight: 400;\">2022<\/span><\/a><\/li><li style=\"font-weight: 400;\" aria-level=\"1\"><a href=\"https:\/\/drive.google.com\/file\/d\/1JWj0G3mFphmVPbAqaCo-MYkHzBglu2u2\/view?usp=sharing\"><span style=\"font-weight: 400;\">2021<\/span><\/a><\/li><li style=\"font-weight: 400;\" aria-level=\"1\"><a href=\"https:\/\/drive.google.com\/file\/d\/1h2oUrCqWw56Lx_-0GLH39mlvjNiF563i\/view?usp=sharing\"><span style=\"font-weight: 400;\">2020<\/span><\/a><\/li><\/ul><p>Aqu\u00ed puede descargar el <a href=\"https:\/\/drive.google.com\/file\/d\/1jGmRR8vD2xkE8BE-JpXynNZWt0ADG_RD\/view?usp=sharing\">Informe anual 2022<\/a> descargar (p\u00e1gina 13). Nuestras donaciones proceden principalmente de organizaciones privadas y particulares.<\/p><p>(10.) En 2022, no hubo ninguna donaci\u00f3n de un particular que supusiera m\u00e1s del 10 % del presupuesto total anual.<\/p><p>Controlamos muy de cerca in situ c\u00f3mo se utilizan los fondos. Conocemos los precios y prestamos atenci\u00f3n a cada euro.<\/p><p><strong>8. utilizaci\u00f3n de los fondos<br \/><\/strong>Encontrar\u00e1 todos nuestros proyectos <a href=\"https:\/\/zinduka-ev.org\/en\/our-effect\/\">aqu\u00ed<\/a>.<\/p><p><b>9. afiliaci\u00f3n corporativa:<\/b><br \/>La asociaci\u00f3n no tiene v\u00ednculos sociales con terceros.<\/p><p><b>Nuestros socios<\/b><br \/>Seleccionamos cuidadosamente a nuestras organizaciones asociadas seg\u00fan nuestros propios criterios y ponemos en marcha proyectos conjuntos. Creemos en el poder de las asociaciones (ODS 17) para crear soluciones m\u00e1ximas y sostenibles combinando fuerzas y conocimientos diversos.<\/p><p>Nuestros socios actuales son:<br \/><a href=\"https:\/\/www.therainworkers.org\/en\">Los trabajadores de la lluvia<\/a> | <a href=\"https:\/\/www.tukutane.de\/\">Tukutane e.V.<\/a> | <a href=\"https:\/\/menendfgm.org\/\">Los hombres ponen fin a la MGF<\/a> | <a href=\"https:\/\/www.nala-fgm.de\/\">Nala e.V.<\/a>\u00a0<span style=\"color: var( --e-global-color-text ); font-family: var( --e-global-typography-text-font-family ), Sans-serif; font-size: var( --e-global-typography-text-font-size ); font-weight: var( --e-global-typography-text-font-weight ); text-align: var(--text-align); background-color: var(--ast-global-color-5);\">| <a href=\"https:\/\/www.aktivfuermenschen.at\/\">Amina<\/a> | <a href=\"https:\/\/mut-freiburg.org\/\">Fundaci\u00f3n Humanos y Animales<\/a> | Fundaci\u00f3n I-Rep | Zinduka Kenia | <a href=\"https:\/\/www.tatort-verein.org\/nc\/home\/\">Tatort e.V.<\/a>\u00a0<\/span><\/p><p>Tambi\u00e9n cooperamos con:<br \/><a href=\"https:\/\/www.antifgmboard.go.ke\/\">Junta contra la MGF Kenia<\/a> | <a href=\"https:\/\/migori.go.ke\/\">Gobierno del condado de Migori<\/a> | <a href=\"https:\/\/european-union.europa.eu\/index_en\">La Uni\u00f3n Europea en Kenia<\/a> |\u00a0 <a href=\"https:\/\/www.kutairi.de\/de\/vernetzung\/runder-tisch-deutschland\/\">FGM DE mesa redonda<\/a>\u00a0<\/p>\t\t\t\t\t\t\t\t<\/div>\n\t\t\t\t<\/div>\n\t\t\t\t\t<\/div>\n\t\t\t\t<\/div>\n\t\t\t\t\t<\/div>\n\t\t\t\t<\/div>\n\t\t\t\t<\/div>","protected":false},"excerpt":{"rendered":"<p>Transparenz Transparenz ist f\u00fcr uns sehr wichtig. Deshalb sind wir Unterzeichner der Liste der &#8222;Initiative Transparente Zivilgesellschaft&#8220;. Wir verpflichten uns, die folgenden Informationen der \u00d6ffentlichkeit auch online zur Verf\u00fcgung zu stellen und diese auf dem neuesten Stand zu halten. 1. Name, Sitz, Anschrift und Gr\u00fcndungsjahr: Name der Organisation: Zinduka e.VSitz des Vereins: Auf dem Willem [&hellip;]<\/p>\n","protected":false},"author":1,"featured_media":0,"parent":0,"menu_order":0,"comment_status":"closed","ping_status":"closed","template":"","meta":{"give_campaign_id":0,"site-sidebar-layout":"default","site-content-layout":"","ast-site-content-layout":"default","site-content-style":"default","site-sidebar-style":"default","ast-global-header-display":"","ast-banner-title-visibility":"","ast-main-header-display":"","ast-hfb-above-header-display":"","ast-hfb-below-header-display":"","ast-hfb-mobile-header-display":"","site-post-title":"","ast-breadcrumbs-content":"","ast-featured-img":"","footer-sml-layout":"","ast-disable-related-posts":"","theme-transparent-header-meta":"","adv-header-id-meta":"","stick-header-meta":"","header-above-stick-meta":"","header-main-stick-meta":"","header-below-stick-meta":"","astra-migrate-meta-layouts":"set","ast-page-background-enabled":"default","ast-page-background-meta":{"desktop":{"background-color":"var(--ast-global-color-4)","background-image":"","background-repeat":"repeat","background-position":"center center","background-size":"auto","background-attachment":"scroll","background-type":"","background-media":"","overlay-type":"","overlay-color":"","overlay-opacity":"","overlay-gradient":""},"tablet":{"background-color":"","background-image":"","background-repeat":"repeat","background-position":"center center","background-size":"auto","background-attachment":"scroll","background-type":"","background-media":"","overlay-type":"","overlay-color":"","overlay-opacity":"","overlay-gradient":""},"mobile":{"background-color":"","background-image":"","background-repeat":"repeat","background-position":"center center","background-size":"auto","background-attachment":"scroll","background-type":"","background-media":"","overlay-type":"","overlay-color":"","overlay-opacity":"","overlay-gradient":""}},"ast-content-background-meta":{"desktop":{"background-color":"var(--ast-global-color-5)","background-image":"","background-repeat":"repeat","background-position":"center center","background-size":"auto","background-attachment":"scroll","background-type":"","background-media":"","overlay-type":"","overlay-color":"","overlay-opacity":"","overlay-gradient":""},"tablet":{"background-color":"var(--ast-global-color-5)","background-image":"","background-repeat":"repeat","background-position":"center center","background-size":"auto","background-attachment":"scroll","background-type":"","background-media":"","overlay-type":"","overlay-color":"","overlay-opacity":"","overlay-gradient":""},"mobile":{"background-color":"var(--ast-global-color-5)","background-image":"","background-repeat":"repeat","background-position":"center center","background-size":"auto","background-attachment":"scroll","background-type":"","background-media":"","overlay-type":"","overlay-color":"","overlay-opacity":"","overlay-gradient":""}},"footnotes":""},"class_list":["post-2161","page","type-page","status-publish","hentry"],"yoast_head":"<!-- This site is optimized with the Yoast SEO plugin v27.4 - https:\/\/yoast.com\/product\/yoast-seo-wordpress\/ -->\n<title>Transparenz - Zinduka End FGM<\/title>\n<meta name=\"description\" content=\"Transparenz und Vertrauen sind uns sehr wichtig und deshalb zeigen wir uns hier ganz transparent. Bei weiteren Fragen, schreibe uns gerne.\" \/>\n<meta name=\"robots\" content=\"index, follow, max-snippet:-1, max-image-preview:large, max-video-preview:-1\" \/>\n<link rel=\"canonical\" href=\"https:\/\/zinduka-ev.org\/es\/transparencia\/\" \/>\n<meta property=\"og:locale\" content=\"es_ES\" \/>\n<meta property=\"og:type\" content=\"article\" \/>\n<meta property=\"og:title\" content=\"Transparenz - Zinduka End FGM\" \/>\n<meta property=\"og:description\" content=\"Transparenz und Vertrauen sind uns sehr wichtig und deshalb zeigen wir uns hier ganz transparent. Bei weiteren Fragen, schreibe uns gerne.\" \/>\n<meta property=\"og:url\" content=\"https:\/\/zinduka-ev.org\/es\/transparencia\/\" \/>\n<meta property=\"og:site_name\" content=\"Zinduka End FGM\" \/>\n<meta property=\"article:publisher\" content=\"https:\/\/www.facebook.com\/zinduka.ev\/\" \/>\n<meta property=\"article:modified_time\" content=\"2024-08-13T14:17:59+00:00\" \/>\n<meta property=\"og:image\" content=\"http:\/\/zinduka-ev.org\/wp-content\/uploads\/2021\/05\/Transparente_ZivilgesellschaftPNG.png\" \/>\n<meta name=\"twitter:card\" content=\"summary_large_image\" \/>\n<meta name=\"twitter:site\" content=\"@Zinduka_eV\" \/>\n<meta name=\"twitter:label1\" content=\"Tiempo de lectura\" \/>\n\t<meta name=\"twitter:data1\" content=\"4 minutos\" \/>\n<script type=\"application\/ld+json\" class=\"yoast-schema-graph\">{\"@context\":\"https:\\\/\\\/schema.org\",\"@graph\":[{\"@type\":\"WebPage\",\"@id\":\"https:\\\/\\\/zinduka-ev.org\\\/transparenz\\\/\",\"url\":\"https:\\\/\\\/zinduka-ev.org\\\/transparenz\\\/\",\"name\":\"Transparenz - Zinduka End FGM\",\"isPartOf\":{\"@id\":\"https:\\\/\\\/zinduka-ev.org\\\/#website\"},\"primaryImageOfPage\":{\"@id\":\"https:\\\/\\\/zinduka-ev.org\\\/transparenz\\\/#primaryimage\"},\"image\":{\"@id\":\"https:\\\/\\\/zinduka-ev.org\\\/transparenz\\\/#primaryimage\"},\"thumbnailUrl\":\"http:\\\/\\\/zinduka-ev.org\\\/wp-content\\\/uploads\\\/2021\\\/05\\\/Transparente_ZivilgesellschaftPNG.png\",\"datePublished\":\"2023-06-18T11:39:47+00:00\",\"dateModified\":\"2024-08-13T14:17:59+00:00\",\"description\":\"Transparenz und Vertrauen sind uns sehr wichtig und deshalb zeigen wir uns hier ganz transparent. Bei weiteren Fragen, schreibe uns gerne.\",\"breadcrumb\":{\"@id\":\"https:\\\/\\\/zinduka-ev.org\\\/transparenz\\\/#breadcrumb\"},\"inLanguage\":\"es\",\"potentialAction\":[{\"@type\":\"ReadAction\",\"target\":[\"https:\\\/\\\/zinduka-ev.org\\\/transparenz\\\/\"]}]},{\"@type\":\"ImageObject\",\"inLanguage\":\"es\",\"@id\":\"https:\\\/\\\/zinduka-ev.org\\\/transparenz\\\/#primaryimage\",\"url\":\"http:\\\/\\\/zinduka-ev.org\\\/wp-content\\\/uploads\\\/2021\\\/05\\\/Transparente_ZivilgesellschaftPNG.png\",\"contentUrl\":\"http:\\\/\\\/zinduka-ev.org\\\/wp-content\\\/uploads\\\/2021\\\/05\\\/Transparente_ZivilgesellschaftPNG.png\"},{\"@type\":\"BreadcrumbList\",\"@id\":\"https:\\\/\\\/zinduka-ev.org\\\/transparenz\\\/#breadcrumb\",\"itemListElement\":[{\"@type\":\"ListItem\",\"position\":1,\"name\":\"Home\",\"item\":\"https:\\\/\\\/zinduka-ev.org\\\/\"},{\"@type\":\"ListItem\",\"position\":2,\"name\":\"Transparenz\"}]},{\"@type\":\"WebSite\",\"@id\":\"https:\\\/\\\/zinduka-ev.org\\\/#website\",\"url\":\"https:\\\/\\\/zinduka-ev.org\\\/\",\"name\":\"Zinduka e.V\",\"description\":\"Education against Female Genital Mutilation (FGM)\",\"publisher\":{\"@id\":\"https:\\\/\\\/zinduka-ev.org\\\/#organization\"},\"potentialAction\":[{\"@type\":\"SearchAction\",\"target\":{\"@type\":\"EntryPoint\",\"urlTemplate\":\"https:\\\/\\\/zinduka-ev.org\\\/?s={search_term_string}\"},\"query-input\":{\"@type\":\"PropertyValueSpecification\",\"valueRequired\":true,\"valueName\":\"search_term_string\"}}],\"inLanguage\":\"es\"},{\"@type\":\"Organization\",\"@id\":\"https:\\\/\\\/zinduka-ev.org\\\/#organization\",\"name\":\"Zinduka e.V\",\"url\":\"https:\\\/\\\/zinduka-ev.org\\\/\",\"logo\":{\"@type\":\"ImageObject\",\"inLanguage\":\"es\",\"@id\":\"https:\\\/\\\/zinduka-ev.org\\\/#\\\/schema\\\/logo\\\/image\\\/\",\"url\":\"https:\\\/\\\/zinduka-ev.org\\\/wp-content\\\/uploads\\\/2023\\\/03\\\/Zinduka-Logo.png\",\"contentUrl\":\"https:\\\/\\\/zinduka-ev.org\\\/wp-content\\\/uploads\\\/2023\\\/03\\\/Zinduka-Logo.png\",\"width\":1745,\"height\":1223,\"caption\":\"Zinduka e.V\"},\"image\":{\"@id\":\"https:\\\/\\\/zinduka-ev.org\\\/#\\\/schema\\\/logo\\\/image\\\/\"},\"sameAs\":[\"https:\\\/\\\/www.facebook.com\\\/zinduka.ev\\\/\",\"https:\\\/\\\/x.com\\\/Zinduka_eV\"]}]}<\/script>\n<!-- \/ Yoast SEO plugin. -->","yoast_head_json":{"title":"Transparencia - Zinduka Fin de la MGF","description":"La transparencia y la confianza son muy importantes para nosotros, por eso aqu\u00ed somos muy transparentes. Si tiene m\u00e1s preguntas, escr\u00edbanos.","robots":{"index":"index","follow":"follow","max-snippet":"max-snippet:-1","max-image-preview":"max-image-preview:large","max-video-preview":"max-video-preview:-1"},"canonical":"https:\/\/zinduka-ev.org\/es\/transparencia\/","og_locale":"es_ES","og_type":"article","og_title":"Transparenz - Zinduka End FGM","og_description":"Transparenz und Vertrauen sind uns sehr wichtig und deshalb zeigen wir uns hier ganz transparent. Bei weiteren Fragen, schreibe uns gerne.","og_url":"https:\/\/zinduka-ev.org\/es\/transparencia\/","og_site_name":"Zinduka End FGM","article_publisher":"https:\/\/www.facebook.com\/zinduka.ev\/","article_modified_time":"2024-08-13T14:17:59+00:00","og_image":[{"url":"http:\/\/zinduka-ev.org\/wp-content\/uploads\/2021\/05\/Transparente_ZivilgesellschaftPNG.png","type":"","width":"","height":""}],"twitter_card":"summary_large_image","twitter_site":"@Zinduka_eV","twitter_misc":{"Tiempo de lectura":"4 minutos"},"schema":{"@context":"https:\/\/schema.org","@graph":[{"@type":"WebPage","@id":"https:\/\/zinduka-ev.org\/transparenz\/","url":"https:\/\/zinduka-ev.org\/transparenz\/","name":"Transparencia - Zinduka Fin de la MGF","isPartOf":{"@id":"https:\/\/zinduka-ev.org\/#website"},"primaryImageOfPage":{"@id":"https:\/\/zinduka-ev.org\/transparenz\/#primaryimage"},"image":{"@id":"https:\/\/zinduka-ev.org\/transparenz\/#primaryimage"},"thumbnailUrl":"http:\/\/zinduka-ev.org\/wp-content\/uploads\/2021\/05\/Transparente_ZivilgesellschaftPNG.png","datePublished":"2023-06-18T11:39:47+00:00","dateModified":"2024-08-13T14:17:59+00:00","description":"La transparencia y la confianza son muy importantes para nosotros, por eso aqu\u00ed somos muy transparentes. Si tiene m\u00e1s preguntas, escr\u00edbanos.","breadcrumb":{"@id":"https:\/\/zinduka-ev.org\/transparenz\/#breadcrumb"},"inLanguage":"es","potentialAction":[{"@type":"ReadAction","target":["https:\/\/zinduka-ev.org\/transparenz\/"]}]},{"@type":"ImageObject","inLanguage":"es","@id":"https:\/\/zinduka-ev.org\/transparenz\/#primaryimage","url":"http:\/\/zinduka-ev.org\/wp-content\/uploads\/2021\/05\/Transparente_ZivilgesellschaftPNG.png","contentUrl":"http:\/\/zinduka-ev.org\/wp-content\/uploads\/2021\/05\/Transparente_ZivilgesellschaftPNG.png"},{"@type":"BreadcrumbList","@id":"https:\/\/zinduka-ev.org\/transparenz\/#breadcrumb","itemListElement":[{"@type":"ListItem","position":1,"name":"Home","item":"https:\/\/zinduka-ev.org\/"},{"@type":"ListItem","position":2,"name":"Transparenz"}]},{"@type":"WebSite","@id":"https:\/\/zinduka-ev.org\/#website","url":"https:\/\/zinduka-ev.org\/","name":"Zinduka e.V","description":"Educaci\u00f3n contra la mutilaci\u00f3n genital femenina (MGF)","publisher":{"@id":"https:\/\/zinduka-ev.org\/#organization"},"potentialAction":[{"@type":"SearchAction","target":{"@type":"EntryPoint","urlTemplate":"https:\/\/zinduka-ev.org\/?s={search_term_string}"},"query-input":{"@type":"PropertyValueSpecification","valueRequired":true,"valueName":"search_term_string"}}],"inLanguage":"es"},{"@type":"Organization","@id":"https:\/\/zinduka-ev.org\/#organization","name":"Zinduka e.V","url":"https:\/\/zinduka-ev.org\/","logo":{"@type":"ImageObject","inLanguage":"es","@id":"https:\/\/zinduka-ev.org\/#\/schema\/logo\/image\/","url":"https:\/\/zinduka-ev.org\/wp-content\/uploads\/2023\/03\/Zinduka-Logo.png","contentUrl":"https:\/\/zinduka-ev.org\/wp-content\/uploads\/2023\/03\/Zinduka-Logo.png","width":1745,"height":1223,"caption":"Zinduka e.V"},"image":{"@id":"https:\/\/zinduka-ev.org\/#\/schema\/logo\/image\/"},"sameAs":["https:\/\/www.facebook.com\/zinduka.ev\/","https:\/\/x.com\/Zinduka_eV"]}]}},"campaignId":"","_links":{"self":[{"href":"https:\/\/zinduka-ev.org\/es\/wp-json\/wp\/v2\/pages\/2161","targetHints":{"allow":["GET"]}}],"collection":[{"href":"https:\/\/zinduka-ev.org\/es\/wp-json\/wp\/v2\/pages"}],"about":[{"href":"https:\/\/zinduka-ev.org\/es\/wp-json\/wp\/v2\/types\/page"}],"author":[{"embeddable":true,"href":"https:\/\/zinduka-ev.org\/es\/wp-json\/wp\/v2\/users\/1"}],"replies":[{"embeddable":true,"href":"https:\/\/zinduka-ev.org\/es\/wp-json\/wp\/v2\/comments?post=2161"}],"version-history":[{"count":140,"href":"https:\/\/zinduka-ev.org\/es\/wp-json\/wp\/v2\/pages\/2161\/revisions"}],"predecessor-version":[{"id":2922,"href":"https:\/\/zinduka-ev.org\/es\/wp-json\/wp\/v2\/pages\/2161\/revisions\/2922"}],"wp:attachment":[{"href":"https:\/\/zinduka-ev.org\/es\/wp-json\/wp\/v2\/media?parent=2161"}],"curies":[{"name":"wp","href":"https:\/\/api.w.org\/{rel}","templated":true}]}}