{"id":1902,"date":"2023-06-13T08:51:10","date_gmt":"2023-06-13T08:51:10","guid":{"rendered":"https:\/\/zinduka-ev.org\/?page_id=1902"},"modified":"2024-05-04T08:00:10","modified_gmt":"2024-05-04T08:00:10","slug":"endfgmcampanas","status":"publish","type":"page","link":"https:\/\/zinduka-ev.org\/es\/endfgmcampanas\/","title":{"rendered":"Campa\u00f1as"},"content":{"rendered":"<div data-elementor-type=\"wp-page\" data-elementor-id=\"1902\" class=\"elementor elementor-1902\" data-elementor-post-type=\"page\">\n\t\t\t\t\t\t<section class=\"elementor-section elementor-top-section elementor-element elementor-element-1ab6bcc1 elementor-section-boxed elementor-section-height-default elementor-section-height-default\" data-id=\"1ab6bcc1\" data-element_type=\"section\" data-e-type=\"section\">\n\t\t\t\t\t\t<div class=\"elementor-container elementor-column-gap-default\">\n\t\t\t\t\t<div class=\"elementor-column elementor-col-100 elementor-top-column elementor-element elementor-element-61a6099\" data-id=\"61a6099\" data-element_type=\"column\" data-e-type=\"column\">\n\t\t\t<div class=\"elementor-widget-wrap elementor-element-populated\">\n\t\t\t\t\t\t\t<\/div>\n\t\t<\/div>\n\t\t\t\t\t<\/div>\n\t\t<\/section>\n\t\t<div class=\"elementor-element elementor-element-1031503 e-flex e-con-boxed e-con e-parent\" data-id=\"1031503\" data-element_type=\"container\" data-e-type=\"container\">\n\t\t\t\t\t<div class=\"e-con-inner\">\n\t\t\t\t<div class=\"elementor-element elementor-element-90006c2 elementor-widget elementor-widget-GiveWP_Form_Grid\" data-id=\"90006c2\" data-element_type=\"widget\" data-e-type=\"widget\" data-widget_type=\"GiveWP_Form_Grid.default\">\n\t\t\t\t\t<div class=\"givewp-elementor-widget give-form-grid-shortcode-wrap\">\n\t\t\t<div class=\"give-wrap\"><div class=\"give-grid give-grid--3\">\n<div class=\"give-grid__item\">\n    <a id=\"give-card-2026\" class=\"give-card js-give-grid-modal-launcher\" data-effect=\"mfp-zoom-out\" href=\"#give-modal-form-2026\" aria-label=\"Open donation form: Reconstruction Surgery\">    <div class=\"give-form-grid\" style=\"flex-direction:column\" aria-hidden=\"true\">\n        \n                        <div class='give-form-grid-media'>\n                            <div class='give-card__media'> <img fetchpriority=\"high\" decoding=\"async\" width=\"2410\" height=\"1220\" src=\"https:\/\/zinduka-ev.org\/wp-content\/uploads\/2023\/06\/Screenshot-2023-06-12-at-10.05.58-PM-min.png\" class=\"attachment- size-\" alt=\"\" style=\"height: \" srcset=\"https:\/\/zinduka-ev.org\/wp-content\/uploads\/2023\/06\/Screenshot-2023-06-12-at-10.05.58-PM-min.png 2410w, https:\/\/zinduka-ev.org\/wp-content\/uploads\/2023\/06\/Screenshot-2023-06-12-at-10.05.58-PM-min-300x152.png 300w, https:\/\/zinduka-ev.org\/wp-content\/uploads\/2023\/06\/Screenshot-2023-06-12-at-10.05.58-PM-min-1024x518.png 1024w, https:\/\/zinduka-ev.org\/wp-content\/uploads\/2023\/06\/Screenshot-2023-06-12-at-10.05.58-PM-min-768x389.png 768w, https:\/\/zinduka-ev.org\/wp-content\/uploads\/2023\/06\/Screenshot-2023-06-12-at-10.05.58-PM-min-1536x778.png 1536w, https:\/\/zinduka-ev.org\/wp-content\/uploads\/2023\/06\/Screenshot-2023-06-12-at-10.05.58-PM-min-2048x1037.png 2048w\" sizes=\"(max-width: 2410px) 100vw, 2410px\" \/> <\/div>\n\n                            \n                        <\/div>\n                    \n        <div class=\"give-form-grid-container\">\n            <div class=\"give-form-grid-content\">\n                \n                <h3 class=\"give-form-grid-content__title\">Cirug\u00eda de reconstrucci\u00f3n<\/h3><p class=\"give-form-grid-content__text\"><\/p>                    <span class=\"give-card__button\" style=\"text-decoration-color: #000000; color: #000000\" aria-hidden=\"true\">\n                        Donar                    <\/span>\n                \n            <\/div>\n                            <div class=\"give-form-grid-progress\">\n                    <div class=\"give-form-grid-progress-bar\">\n                        <div class=\"give-progress-bar\" role=\"progressbar\" aria-valuemin=\"0\" aria-valuemax=\"100\" aria-valuenow=\"0\" aria-label=\"Form progress: 0% toward goal\">\n                            <span style=\"width:0%;background: linear-gradient(180deg, #69b868 0%, #69b868 100%); background-blend-mode: multiply;\"><\/span>\n                        <\/div>\n                    <\/div>                    <div class=\"form-grid-raised\">\n                        <div class=\"form-grid-raised__details\">\n                            \n                                                   <span class=\"amount\">0%<\/span>\n                                                   <span class=\"goal\">es 100%<\/span>                        <\/div>\n\n                        <div class=\"form-grid-raised__details\">\n                            <span class=\"amount form-grid-raised__details_donations\">\n                                <span class=\"give-skeleton js-give-async-data\" style=\"width: 1rem; height: 0.7rem;\"><\/span>                            <\/span>\n                            <span class=\"goal\">\n                                donaciones <\/span>\n                        <\/div>\n                    <\/div>\n                <\/div>\n                    <\/div>\n    <\/div>\n    <\/a>\n    <div class=\"js-give-embed-form-modal-launcher-wrap\">\n\t\t\t\t<button\n\t\t\t\ttype=\"button\"\n\t\t\t\tclass=\"js-give-embed-form-modal-opener givewp-donation-form-modal__open\"\n\t\t\t\tdata-form-id=\"give-69e07bad65c0f\" style=\"background-color: #28C77B\"\n\t\t\t\t><\/button>\n\t\t\t<\/div><div class=\"give-embed-form-wrapper is-hide\" id=\"give-69e07bad65c0f\">\n\t\t\t\t\t<div class=\"modal-content\">\n\t\t    \t\t\t<a href=\"#\" class=\"close-btn js-give-embed-form-modal-closer\" aria-label=\"give-69e07bad65c0f\" data-form-id=\"give-69e07bad65c0f\" rel=\"nofollow\">\n\t\t    \t\t\t    <svg xmlns=\"http:\/\/www.w3.org\/2000\/svg\" viewbox=\"0 0 24 24\" width=\"24\" height=\"24\" aria-hidden=\"true\" focusable=\"false\" class=\"givewp-donation-form-modal__close__icon\"><path stroke=\"black\" stroke-width=\"2\" d=\"M13 11.8l6.1-6.3-1-1-6.1 6.2-6.1-6.2-1 1 6.1 6.3-6.5 6.7 1 1 6.5-6.6 6.5 6.6 1-1z\"><\/path><\/svg>\n\t\t    \t\t\t<\/a>\n\t\t\t\t\t\t<iframe\n\t\t\t\tname=\"give-embed-form\"\n\t\t\t\tdata-src=\"https:\/\/zinduka-ev.org\/es\/give\/reconstruction-surgery?giveDonationFormInIframe=1\"\n\t\t\t\tclass=\"in-modal\"\n\t\t\t\tdata-autoscroll=\"0\"\n\t\t\t\tonload=\"if( 'undefined' !== typeof Give ) { Give.initializeIframeResize(this) }\"\n\t\t\t\tstyle=\"border: 0;visibility: hidden;min-height: 721px;\"><\/iframe><div class=\"iframe-loader\">\n<div style=\"\t\theight: calc(100% - 28px);\t\twidth: calc(100% - 20px);\t\tmax-width: 552px;\t\tmargin: 10px auto 10px auto;\t\tbackground: transparent;\t\tborder-radius: 6px;\t\tdisplay: flex;\t\talign-items: center;\t\tjustify-content: center;\t\">\n    <div style=\"        pointer-events: none;        height: 90px;        width: 90px;        background-image: url(&quot;data:image\/svg+xml;charset=utf8,%3C?xml version='1.0' encoding='utf-8'?%3E%3C!-- Generator: Adobe Illustrator 24.1.0, SVG Export Plug-In . SVG Version: 6.00 Build 0) --%3E%3Csvg version='1.1' id='Layer_1' xmlns='http:\/\/www.w3.org\/2000\/svg' xmlns:xlink='http:\/\/www.w3.org\/1999\/xlink' x='0px' y='0px' viewBox='0 0 349 348' style='enable-background:new 0 0 349 348;' xml:space='preserve'%3E%3Cstyle type='text\/css'%3E .st0{fill:%23628b5a;} %3C\/style%3E%3Cpath class='st0' d='M25.1,204.57c-13.38,0-24.47-10.6-24.97-24.08C0.04,178.09,0,175.97,0,174C0,77.78,78.28-0.5,174.5-0.5 c13.81,0,25,11.19,25,25s-11.19,25-25,25C105.85,49.5,50,105.35,50,174c0,1.37,0.03,2.85,0.1,4.65c0.51,13.8-10.27,25.39-24.07,25.9 C25.72,204.56,25.41,204.57,25.1,204.57z'\/%3E%3Cpath class='st0' d='M174.5,348.5c-13.81,0-25-11.19-25-25c0-13.81,11.19-25,25-25c68.65,0,124.5-55.85,124.5-124.5 c0-1.38-0.03-2.85-0.1-4.65c-0.51-13.8,10.26-25.4,24.06-25.91c13.83-0.53,25.4,10.26,25.91,24.06c0.09,2.39,0.13,4.51,0.13,6.49 C349,270.22,270.72,348.5,174.5,348.5z'\/%3E%3C\/svg%3E&quot;);        animation: spin 0.6s linear infinite;        \"><\/div>\n<\/div>\n<\/div>\n\t\t\t\t\t<\/div>\n\t\t            <\/div><\/div>\n\n<\/div><!-- .give-grid --><div class=\"give-page-numbers\"><\/div><\/div><!-- .give-wrap --><\/div>\t\t\t\t<\/div>\n\t\t\t\t\t<\/div>\n\t\t\t\t<\/div>\n\t\t\t\t<\/div>","protected":false},"excerpt":{"rendered":"<p>Diciembre 2023 campamento Donar 0% de 100% 1 donaciones Cerrar\u00d7 Diciembre 2023 campamento Donar 3% de 100% 5 donaciones Cerrar\u00d7<\/p>","protected":false},"author":1,"featured_media":0,"parent":0,"menu_order":0,"comment_status":"closed","ping_status":"closed","template":"","meta":{"give_campaign_id":0,"site-sidebar-layout":"default","site-content-layout":"","ast-site-content-layout":"default","site-content-style":"default","site-sidebar-style":"default","ast-global-header-display":"","ast-banner-title-visibility":"","ast-main-header-display":"","ast-hfb-above-header-display":"","ast-hfb-below-header-display":"","ast-hfb-mobile-header-display":"","site-post-title":"","ast-breadcrumbs-content":"","ast-featured-img":"","footer-sml-layout":"","ast-disable-related-posts":"","theme-transparent-header-meta":"","adv-header-id-meta":"","stick-header-meta":"","header-above-stick-meta":"","header-main-stick-meta":"","header-below-stick-meta":"","astra-migrate-meta-layouts":"set","ast-page-background-enabled":"default","ast-page-background-meta":{"desktop":{"background-color":"var(--ast-global-color-4)","background-image":"","background-repeat":"repeat","background-position":"center center","background-size":"auto","background-attachment":"scroll","background-type":"","background-media":"","overlay-type":"","overlay-color":"","overlay-opacity":"","overlay-gradient":""},"tablet":{"background-color":"","background-image":"","background-repeat":"repeat","background-position":"center center","background-size":"auto","background-attachment":"scroll","background-type":"","background-media":"","overlay-type":"","overlay-color":"","overlay-opacity":"","overlay-gradient":""},"mobile":{"background-color":"","background-image":"","background-repeat":"repeat","background-position":"center center","background-size":"auto","background-attachment":"scroll","background-type":"","background-media":"","overlay-type":"","overlay-color":"","overlay-opacity":"","overlay-gradient":""}},"ast-content-background-meta":{"desktop":{"background-color":"var(--ast-global-color-5)","background-image":"","background-repeat":"repeat","background-position":"center center","background-size":"auto","background-attachment":"scroll","background-type":"","background-media":"","overlay-type":"","overlay-color":"","overlay-opacity":"","overlay-gradient":""},"tablet":{"background-color":"var(--ast-global-color-5)","background-image":"","background-repeat":"repeat","background-position":"center center","background-size":"auto","background-attachment":"scroll","background-type":"","background-media":"","overlay-type":"","overlay-color":"","overlay-opacity":"","overlay-gradient":""},"mobile":{"background-color":"var(--ast-global-color-5)","background-image":"","background-repeat":"repeat","background-position":"center center","background-size":"auto","background-attachment":"scroll","background-type":"","background-media":"","overlay-type":"","overlay-color":"","overlay-opacity":"","overlay-gradient":""}},"footnotes":""},"class_list":["post-1902","page","type-page","status-publish","hentry"],"yoast_head":"<!-- This site is optimized with the Yoast SEO plugin v27.4 - https:\/\/yoast.com\/product\/yoast-seo-wordpress\/ -->\n<title>Kampagnen - Zinduka End FGM<\/title>\n<meta name=\"description\" content=\"Gemeinsam k\u00f6nnen wir FGM beenden. Lerne mehr \u00fcber unsere Kampagnen und erfahre wie du dich einbringen kannst.\" \/>\n<meta name=\"robots\" content=\"index, follow, max-snippet:-1, max-image-preview:large, max-video-preview:-1\" \/>\n<link rel=\"canonical\" href=\"https:\/\/zinduka-ev.org\/es\/endfgmcampanas\/\" \/>\n<meta property=\"og:locale\" content=\"es_ES\" \/>\n<meta property=\"og:type\" content=\"article\" \/>\n<meta property=\"og:title\" content=\"Kampagnen - Zinduka End FGM\" \/>\n<meta property=\"og:description\" content=\"Gemeinsam k\u00f6nnen wir FGM beenden. Lerne mehr \u00fcber unsere Kampagnen und erfahre wie du dich einbringen kannst.\" \/>\n<meta property=\"og:url\" content=\"https:\/\/zinduka-ev.org\/es\/endfgmcampanas\/\" \/>\n<meta property=\"og:site_name\" content=\"Zinduka End FGM\" \/>\n<meta property=\"article:publisher\" content=\"https:\/\/www.facebook.com\/zinduka.ev\/\" \/>\n<meta property=\"article:modified_time\" content=\"2024-05-04T08:00:10+00:00\" \/>\n<meta property=\"og:image\" content=\"http:\/\/zinduka-ev.org\/wp-content\/uploads\/2023\/03\/Zinduka-.jpg\" \/>\n<meta name=\"twitter:card\" content=\"summary_large_image\" \/>\n<meta name=\"twitter:site\" content=\"@Zinduka_eV\" \/>\n<meta name=\"twitter:label1\" content=\"Tiempo de lectura\" \/>\n\t<meta name=\"twitter:data1\" content=\"1 minuto\" \/>\n<script type=\"application\/ld+json\" class=\"yoast-schema-graph\">{\"@context\":\"https:\\\/\\\/schema.org\",\"@graph\":[{\"@type\":\"WebPage\",\"@id\":\"https:\\\/\\\/zinduka-ev.org\\\/endfgmcampaigns\\\/\",\"url\":\"https:\\\/\\\/zinduka-ev.org\\\/endfgmcampaigns\\\/\",\"name\":\"Kampagnen - Zinduka End FGM\",\"isPartOf\":{\"@id\":\"https:\\\/\\\/zinduka-ev.org\\\/#website\"},\"primaryImageOfPage\":{\"@id\":\"https:\\\/\\\/zinduka-ev.org\\\/endfgmcampaigns\\\/#primaryimage\"},\"image\":{\"@id\":\"https:\\\/\\\/zinduka-ev.org\\\/endfgmcampaigns\\\/#primaryimage\"},\"thumbnailUrl\":\"http:\\\/\\\/zinduka-ev.org\\\/wp-content\\\/uploads\\\/2023\\\/03\\\/Zinduka-.jpg\",\"datePublished\":\"2023-06-13T08:51:10+00:00\",\"dateModified\":\"2024-05-04T08:00:10+00:00\",\"description\":\"Gemeinsam k\u00f6nnen wir FGM beenden. Lerne mehr \u00fcber unsere Kampagnen und erfahre wie du dich einbringen kannst.\",\"breadcrumb\":{\"@id\":\"https:\\\/\\\/zinduka-ev.org\\\/endfgmcampaigns\\\/#breadcrumb\"},\"inLanguage\":\"es\",\"potentialAction\":[{\"@type\":\"ReadAction\",\"target\":[\"https:\\\/\\\/zinduka-ev.org\\\/endfgmcampaigns\\\/\"]}]},{\"@type\":\"ImageObject\",\"inLanguage\":\"es\",\"@id\":\"https:\\\/\\\/zinduka-ev.org\\\/endfgmcampaigns\\\/#primaryimage\",\"url\":\"http:\\\/\\\/zinduka-ev.org\\\/wp-content\\\/uploads\\\/2023\\\/03\\\/Zinduka-.jpg\",\"contentUrl\":\"http:\\\/\\\/zinduka-ev.org\\\/wp-content\\\/uploads\\\/2023\\\/03\\\/Zinduka-.jpg\"},{\"@type\":\"BreadcrumbList\",\"@id\":\"https:\\\/\\\/zinduka-ev.org\\\/endfgmcampaigns\\\/#breadcrumb\",\"itemListElement\":[{\"@type\":\"ListItem\",\"position\":1,\"name\":\"Home\",\"item\":\"https:\\\/\\\/zinduka-ev.org\\\/\"},{\"@type\":\"ListItem\",\"position\":2,\"name\":\"Kampagnen\"}]},{\"@type\":\"WebSite\",\"@id\":\"https:\\\/\\\/zinduka-ev.org\\\/#website\",\"url\":\"https:\\\/\\\/zinduka-ev.org\\\/\",\"name\":\"Zinduka e.V\",\"description\":\"Education against Female Genital Mutilation (FGM)\",\"publisher\":{\"@id\":\"https:\\\/\\\/zinduka-ev.org\\\/#organization\"},\"potentialAction\":[{\"@type\":\"SearchAction\",\"target\":{\"@type\":\"EntryPoint\",\"urlTemplate\":\"https:\\\/\\\/zinduka-ev.org\\\/?s={search_term_string}\"},\"query-input\":{\"@type\":\"PropertyValueSpecification\",\"valueRequired\":true,\"valueName\":\"search_term_string\"}}],\"inLanguage\":\"es\"},{\"@type\":\"Organization\",\"@id\":\"https:\\\/\\\/zinduka-ev.org\\\/#organization\",\"name\":\"Zinduka e.V\",\"url\":\"https:\\\/\\\/zinduka-ev.org\\\/\",\"logo\":{\"@type\":\"ImageObject\",\"inLanguage\":\"es\",\"@id\":\"https:\\\/\\\/zinduka-ev.org\\\/#\\\/schema\\\/logo\\\/image\\\/\",\"url\":\"https:\\\/\\\/zinduka-ev.org\\\/wp-content\\\/uploads\\\/2023\\\/03\\\/Zinduka-Logo.png\",\"contentUrl\":\"https:\\\/\\\/zinduka-ev.org\\\/wp-content\\\/uploads\\\/2023\\\/03\\\/Zinduka-Logo.png\",\"width\":1745,\"height\":1223,\"caption\":\"Zinduka e.V\"},\"image\":{\"@id\":\"https:\\\/\\\/zinduka-ev.org\\\/#\\\/schema\\\/logo\\\/image\\\/\"},\"sameAs\":[\"https:\\\/\\\/www.facebook.com\\\/zinduka.ev\\\/\",\"https:\\\/\\\/x.com\\\/Zinduka_eV\"]}]}<\/script>\n<!-- \/ Yoast SEO plugin. -->","yoast_head_json":{"title":"Campa\u00f1as - Zinduka End FGM","description":"Juntos podemos acabar con la MGF. Obtenga m\u00e1s informaci\u00f3n sobre nuestras campa\u00f1as y descubra c\u00f3mo puede participar.","robots":{"index":"index","follow":"follow","max-snippet":"max-snippet:-1","max-image-preview":"max-image-preview:large","max-video-preview":"max-video-preview:-1"},"canonical":"https:\/\/zinduka-ev.org\/es\/endfgmcampanas\/","og_locale":"es_ES","og_type":"article","og_title":"Kampagnen - Zinduka End FGM","og_description":"Gemeinsam k\u00f6nnen wir FGM beenden. Lerne mehr \u00fcber unsere Kampagnen und erfahre wie du dich einbringen kannst.","og_url":"https:\/\/zinduka-ev.org\/es\/endfgmcampanas\/","og_site_name":"Zinduka End FGM","article_publisher":"https:\/\/www.facebook.com\/zinduka.ev\/","article_modified_time":"2024-05-04T08:00:10+00:00","og_image":[{"url":"http:\/\/zinduka-ev.org\/wp-content\/uploads\/2023\/03\/Zinduka-.jpg","type":"","width":"","height":""}],"twitter_card":"summary_large_image","twitter_site":"@Zinduka_eV","twitter_misc":{"Tiempo de lectura":"1 minuto"},"schema":{"@context":"https:\/\/schema.org","@graph":[{"@type":"WebPage","@id":"https:\/\/zinduka-ev.org\/endfgmcampaigns\/","url":"https:\/\/zinduka-ev.org\/endfgmcampaigns\/","name":"Campa\u00f1as - Zinduka End FGM","isPartOf":{"@id":"https:\/\/zinduka-ev.org\/#website"},"primaryImageOfPage":{"@id":"https:\/\/zinduka-ev.org\/endfgmcampaigns\/#primaryimage"},"image":{"@id":"https:\/\/zinduka-ev.org\/endfgmcampaigns\/#primaryimage"},"thumbnailUrl":"http:\/\/zinduka-ev.org\/wp-content\/uploads\/2023\/03\/Zinduka-.jpg","datePublished":"2023-06-13T08:51:10+00:00","dateModified":"2024-05-04T08:00:10+00:00","description":"Juntos podemos acabar con la MGF. Obtenga m\u00e1s informaci\u00f3n sobre nuestras campa\u00f1as y descubra c\u00f3mo puede participar.","breadcrumb":{"@id":"https:\/\/zinduka-ev.org\/endfgmcampaigns\/#breadcrumb"},"inLanguage":"es","potentialAction":[{"@type":"ReadAction","target":["https:\/\/zinduka-ev.org\/endfgmcampaigns\/"]}]},{"@type":"ImageObject","inLanguage":"es","@id":"https:\/\/zinduka-ev.org\/endfgmcampaigns\/#primaryimage","url":"http:\/\/zinduka-ev.org\/wp-content\/uploads\/2023\/03\/Zinduka-.jpg","contentUrl":"http:\/\/zinduka-ev.org\/wp-content\/uploads\/2023\/03\/Zinduka-.jpg"},{"@type":"BreadcrumbList","@id":"https:\/\/zinduka-ev.org\/endfgmcampaigns\/#breadcrumb","itemListElement":[{"@type":"ListItem","position":1,"name":"Home","item":"https:\/\/zinduka-ev.org\/"},{"@type":"ListItem","position":2,"name":"Kampagnen"}]},{"@type":"WebSite","@id":"https:\/\/zinduka-ev.org\/#website","url":"https:\/\/zinduka-ev.org\/","name":"Zinduka e.V","description":"Educaci\u00f3n contra la mutilaci\u00f3n genital femenina (MGF)","publisher":{"@id":"https:\/\/zinduka-ev.org\/#organization"},"potentialAction":[{"@type":"SearchAction","target":{"@type":"EntryPoint","urlTemplate":"https:\/\/zinduka-ev.org\/?s={search_term_string}"},"query-input":{"@type":"PropertyValueSpecification","valueRequired":true,"valueName":"search_term_string"}}],"inLanguage":"es"},{"@type":"Organization","@id":"https:\/\/zinduka-ev.org\/#organization","name":"Zinduka e.V","url":"https:\/\/zinduka-ev.org\/","logo":{"@type":"ImageObject","inLanguage":"es","@id":"https:\/\/zinduka-ev.org\/#\/schema\/logo\/image\/","url":"https:\/\/zinduka-ev.org\/wp-content\/uploads\/2023\/03\/Zinduka-Logo.png","contentUrl":"https:\/\/zinduka-ev.org\/wp-content\/uploads\/2023\/03\/Zinduka-Logo.png","width":1745,"height":1223,"caption":"Zinduka e.V"},"image":{"@id":"https:\/\/zinduka-ev.org\/#\/schema\/logo\/image\/"},"sameAs":["https:\/\/www.facebook.com\/zinduka.ev\/","https:\/\/x.com\/Zinduka_eV"]}]}},"campaignId":"","_links":{"self":[{"href":"https:\/\/zinduka-ev.org\/es\/wp-json\/wp\/v2\/pages\/1902","targetHints":{"allow":["GET"]}}],"collection":[{"href":"https:\/\/zinduka-ev.org\/es\/wp-json\/wp\/v2\/pages"}],"about":[{"href":"https:\/\/zinduka-ev.org\/es\/wp-json\/wp\/v2\/types\/page"}],"author":[{"embeddable":true,"href":"https:\/\/zinduka-ev.org\/es\/wp-json\/wp\/v2\/users\/1"}],"replies":[{"embeddable":true,"href":"https:\/\/zinduka-ev.org\/es\/wp-json\/wp\/v2\/comments?post=1902"}],"version-history":[{"count":12,"href":"https:\/\/zinduka-ev.org\/es\/wp-json\/wp\/v2\/pages\/1902\/revisions"}],"predecessor-version":[{"id":2615,"href":"https:\/\/zinduka-ev.org\/es\/wp-json\/wp\/v2\/pages\/1902\/revisions\/2615"}],"wp:attachment":[{"href":"https:\/\/zinduka-ev.org\/es\/wp-json\/wp\/v2\/media?parent=1902"}],"curies":[{"name":"wp","href":"https:\/\/api.w.org\/{rel}","templated":true}]}}