{"id":1094,"date":"2022-03-14T21:38:03","date_gmt":"2022-03-14T21:38:03","guid":{"rendered":"https:\/\/zinduka-ev.org\/?page_id=1094"},"modified":"2024-05-06T15:14:35","modified_gmt":"2024-05-06T15:14:35","slug":"es-politica-de-privacidad","status":"publish","type":"page","link":"https:\/\/zinduka-ev.org\/es\/es-politica-de-privacidad\/","title":{"rendered":"Protecci\u00f3n de datos"},"content":{"rendered":"<div data-elementor-type=\"wp-page\" data-elementor-id=\"1094\" class=\"elementor elementor-1094\" data-elementor-post-type=\"page\">\n\t\t\t\t<div class=\"elementor-element elementor-element-0ffe9e2 e-flex e-con-boxed e-con e-parent\" data-id=\"0ffe9e2\" data-element_type=\"container\" data-e-type=\"container\">\n\t\t\t\t\t<div class=\"e-con-inner\">\n\t\t\t\t<div class=\"elementor-element elementor-element-244984f elementor-widget elementor-widget-heading\" data-id=\"244984f\" data-element_type=\"widget\" data-e-type=\"widget\" data-widget_type=\"heading.default\">\n\t\t\t\t<div class=\"elementor-widget-container\">\n\t\t\t\t\t<h2 class=\"elementor-heading-title elementor-size-default\">Pol\u00edtica de privacidad<\/h2>\t\t\t\t<\/div>\n\t\t\t\t<\/div>\n\t\t\t\t\t<\/div>\n\t\t\t\t<\/div>\n\t\t<div class=\"elementor-element elementor-element-f11ad71 e-flex e-con-boxed e-con e-parent\" data-id=\"f11ad71\" data-element_type=\"container\" data-e-type=\"container\">\n\t\t\t\t\t<div class=\"e-con-inner\">\n\t\t\t\t<div class=\"elementor-element elementor-element-cd846e5 elementor-widget elementor-widget-text-editor\" data-id=\"cd846e5\" data-element_type=\"widget\" data-e-type=\"widget\" data-widget_type=\"text-editor.default\">\n\t\t\t\t<div class=\"elementor-widget-container\">\n\t\t\t\t\t\t\t\t\t<p><b>1. introducci\u00f3n<br><\/b><span style=\"font-style: inherit; font-weight: inherit; color: var( --e-global-color-text ); font-family: var( --e-global-typography-text-font-family ), Sans-serif; text-align: var(--text-align); background-color: var(--ast-global-color-5);\">Como proveedores de este sitio web, estamos legalmente obligados a informarle sobre la finalidad, el alcance y el tipo de recogida y uso de sus datos personales. Uso de sus datos personales. Con esta declaraci\u00f3n queremos asegurarnos de que tenga una buena sensaci\u00f3n al utilizar nuestro sitio web. Si tiene alguna pregunta, puede ponerse en contacto con nosotros en cualquier momento.&nbsp;<\/span><\/p>\n<p><b>2.<\/b><span style=\"text-align: var(--text-align); background-color: var(--ast-global-color-5);\"><b>&nbsp;Nombre y datos de contacto del responsable del tratamiento<br><\/b><\/span><span style=\"font-style: inherit; font-weight: inherit; color: var( --e-global-color-text ); font-family: var( --e-global-typography-text-font-family ), Sans-serif; text-align: var(--text-align); background-color: var(--ast-global-color-5);\">La persona responsable del tratamiento de los datos personales es Antonia Kipainoi (Directora Gerente de la organizaci\u00f3n Zinduka e.V.). Puede ponerse en contacto con la Sra. Kipainoi por tel\u00e9fono en +254769349602 o por correo electr\u00f3nico en antonia@zinduka-ev.org.<\/span><\/p>\n<p><b style=\"font-style: inherit; color: var( --e-global-color-text ); font-family: var( --e-global-typography-text-font-family ), Sans-serif; text-align: var(--text-align); background-color: var(--ast-global-color-5);\">3.&nbsp;<\/b><span style=\"text-align: var(--text-align); background-color: var(--ast-global-color-5);\"><b>Tratamiento de datos personales, finalidad del tratamiento y duraci\u00f3n del almacenamiento<\/b><\/span><\/p>\n<p><span style=\"font-style: inherit; font-weight: inherit; color: var( --e-global-color-text ); font-family: var( --e-global-typography-text-font-family ), Sans-serif; text-align: var(--text-align); background-color: var(--ast-global-color-5);\">a)&nbsp;<\/span><span style=\"text-align: var(--text-align); background-color: var(--ast-global-color-5);\">Visite el sitio web<\/span><\/p>\n<p>Cuando visita nuestro sitio web, se recogen, procesan y utilizan datos que pueden ser personales. Los siguientes datos se almacenan cada vez que su dispositivo accede al sitio web:<\/p>\n<p>- Direcci\u00f3n IP<br><span style=\"font-style: inherit; font-weight: inherit; color: var( --e-global-color-text ); font-family: var( --e-global-typography-text-font-family ), Sans-serif; text-align: var(--text-align); background-color: var(--ast-global-color-5);\">- Sistema operativo de su dispositivo final<br><\/span><span style=\"font-style: inherit; font-weight: inherit; color: var( --e-global-color-text ); font-family: var( --e-global-typography-text-font-family ), Sans-serif; text-align: var(--text-align); background-color: var(--ast-global-color-5);\">- Nombre de los archivos recuperados<br><\/span><span style=\"font-style: inherit; font-weight: inherit; color: var( --e-global-color-text ); font-family: var( --e-global-typography-text-font-family ), Sans-serif; text-align: var(--text-align); background-color: var(--ast-global-color-5);\">- Fecha y hora de acceso<\/span><\/p>\n<p>Los datos almacenados se utilizan para la correcta presentaci\u00f3n del sitio web y con fines estad\u00edsticos.&nbsp;<span style=\"font-style: inherit; font-weight: inherit; color: var( --e-global-color-text ); font-family: var( --e-global-typography-text-font-family ), Sans-serif; text-align: var(--text-align); background-color: var(--ast-global-color-5);\">La base jur\u00eddica para este procesamiento es su consentimiento de conformidad con el Art. 6 para. 1 frase 1 lit. a) GDPR.<br><\/span><span style=\"font-style: inherit; font-weight: inherit; color: var( --e-global-color-text ); font-family: var( --e-global-typography-text-font-family ), Sans-serif; text-align: var(--text-align); background-color: var(--ast-global-color-5);\">Dichos datos se suprimir\u00e1n inmediatamente, a m\u00e1s tardar transcurridas 72 horas, o en caso de que retire su consentimiento.<br><\/span><span style=\"font-style: inherit; font-weight: inherit; color: var( --e-global-color-text ); font-family: var( --e-global-typography-text-font-family ), Sans-serif; text-align: var(--text-align); background-color: var(--ast-global-color-5);\">El suministro de estos datos no es obligatorio por ley, pero sin el consentimiento no es posible utilizar el sitio web en toda su extensi\u00f3n.<\/span><\/p>\n<p>b) Formulario de contacto<\/p>\n<p>Al utilizar nuestro formulario de contacto, se recogen, procesan y utilizan datos que pueden ser personales.<\/p>\n<p>Se almacenan los siguientes datos:<\/p>\n<p>- Nombre y apellidos<br><span style=\"font-style: inherit; font-weight: inherit; color: var( --e-global-color-text ); font-family: var( --e-global-typography-text-font-family ), Sans-serif; text-align: var(--text-align); background-color: var(--ast-global-color-5);\">- Direcci\u00f3n<br><\/span><span style=\"font-style: inherit; font-weight: inherit; color: var( --e-global-color-text ); font-family: var( --e-global-typography-text-font-family ), Sans-serif; text-align: var(--text-align); background-color: var(--ast-global-color-5);\">- Correo electr\u00f3nico<\/span><\/p>\n<p><span style=\"font-style: inherit; font-weight: inherit; color: var( --e-global-color-text ); font-family: var( --e-global-typography-text-font-family ), Sans-serif; text-align: var(--text-align); background-color: var(--ast-global-color-5);\">Los datos almacenados se utilizar\u00e1n para tramitar su consulta.&nbsp;<\/span><span style=\"font-style: inherit; font-weight: inherit; color: var( --e-global-color-text ); font-family: var( --e-global-typography-text-font-family ), Sans-serif; text-align: var(--text-align); background-color: var(--ast-global-color-5);\">La base jur\u00eddica para este tratamiento es el Art. 6 para. 1 frase 1 lit. b) GDPR.<br><\/span><span style=\"font-style: inherit; font-weight: inherit; color: var( --e-global-color-text ); font-family: var( --e-global-typography-text-font-family ), Sans-serif; text-align: var(--text-align); background-color: var(--ast-global-color-5);\">Dichos datos se eliminar\u00e1n una vez finalizado el proceso de contacto. El suministro de estos datos no es obligatorio por ley. Sin embargo, sin el tratamiento de los datos no es posible tramitar \u00edntegramente su consulta.<\/span><\/p>\n<p><b>4. la existencia de un derecho de acceso a los datos, rectificaci\u00f3n, supresi\u00f3n o limitaci\u00f3n del tratamiento o un derecho de oposici\u00f3n al tratamiento y el derecho a la portabilidad de los datos<\/b><\/p>\n<p>Toda persona tiene derecho a ser informada de los datos personales que se tratan sobre ella, a rectificarlos, a suprimirlos y a la limitaci\u00f3n de su tratamiento. Adem\u00e1s, tiene derecho a oponerse al tratamiento de sus datos y a la portabilidad de los mismos.<\/p>\n<p><b>5. si el tratamiento se basa en el consentimiento (Art. 6 p\u00e1rrafo 1 frase 1 lit. a) GDPR): Existencia de un derecho de supresi\u00f3n<\/b><\/p>\n<p>Si el tratamiento se basa en el consentimiento, toda persona tiene derecho a retirar dicho consentimiento.<br><span style=\"font-style: inherit; font-weight: inherit; color: var( --e-global-color-text ); font-family: var( --e-global-typography-text-font-family ), Sans-serif; text-align: var(--text-align); background-color: var(--ast-global-color-5);\">El ejercicio del derecho de cancelaci\u00f3n no invalida la legalidad del tratamiento anterior a la cancelaci\u00f3n.<\/span><\/p>\n<p><b>6. existencia de un derecho de recurso ante una autoridad de control<\/b><\/p>\n<p><span style=\"text-align: var(--text-align); background-color: var(--ast-global-color-5);\">De conformidad con el art\u00edculo 77 del RGPD, existe un derecho de recurso ante una autoridad de control. En Alemania, esta autoridad es el Comisario Federal de Protecci\u00f3n de Datos y Libertad de Informaci\u00f3n.<\/span><\/p>\t\t\t\t\t\t\t\t<\/div>\n\t\t\t\t<\/div>\n\t\t\t\t\t<\/div>\n\t\t\t\t<\/div>\n\t\t\t\t<\/div>","protected":false},"excerpt":{"rendered":"<p>Privacy Policy 1. EinleitungAls Anbieter dieser Website sind wir gesetzlich verpflichtet, Sie \u00fcber Zweck, Umfang und Art der Erhebung und Verwendung Ihrer personenbezogenen Daten zu informieren. Verwendung Ihrer personenbezogenen Daten. Mit dieser Erkl\u00e4rung m\u00f6chten wir sicherstellen, dass Sie ein gutes Gef\u00fchl bei der Nutzung unserer Website haben. Sollten Sie Fragen haben, k\u00f6nnen Sie sich jederzeit [&hellip;]<\/p>\n","protected":false},"author":1,"featured_media":0,"parent":0,"menu_order":0,"comment_status":"closed","ping_status":"closed","template":"","meta":{"give_campaign_id":0,"site-sidebar-layout":"no-sidebar","site-content-layout":"page-builder","ast-site-content-layout":"full-width-container","site-content-style":"unboxed","site-sidebar-style":"unboxed","ast-global-header-display":"","ast-banner-title-visibility":"","ast-main-header-display":"","ast-hfb-above-header-display":"","ast-hfb-below-header-display":"","ast-hfb-mobile-header-display":"","site-post-title":"disabled","ast-breadcrumbs-content":"","ast-featured-img":"disabled","footer-sml-layout":"","ast-disable-related-posts":"","theme-transparent-header-meta":"","adv-header-id-meta":"","stick-header-meta":"","header-above-stick-meta":"","header-main-stick-meta":"","header-below-stick-meta":"","astra-migrate-meta-layouts":"set","ast-page-background-enabled":"default","ast-page-background-meta":{"desktop":{"background-color":"var(--ast-global-color-4)","background-image":"","background-repeat":"repeat","background-position":"center center","background-size":"auto","background-attachment":"scroll","background-type":"","background-media":"","overlay-type":"","overlay-color":"","overlay-opacity":"","overlay-gradient":""},"tablet":{"background-color":"","background-image":"","background-repeat":"repeat","background-position":"center center","background-size":"auto","background-attachment":"scroll","background-type":"","background-media":"","overlay-type":"","overlay-color":"","overlay-opacity":"","overlay-gradient":""},"mobile":{"background-color":"","background-image":"","background-repeat":"repeat","background-position":"center center","background-size":"auto","background-attachment":"scroll","background-type":"","background-media":"","overlay-type":"","overlay-color":"","overlay-opacity":"","overlay-gradient":""}},"ast-content-background-meta":{"desktop":{"background-color":"var(--ast-global-color-5)","background-image":"","background-repeat":"repeat","background-position":"center center","background-size":"auto","background-attachment":"scroll","background-type":"","background-media":"","overlay-type":"","overlay-color":"","overlay-opacity":"","overlay-gradient":""},"tablet":{"background-color":"var(--ast-global-color-5)","background-image":"","background-repeat":"repeat","background-position":"center center","background-size":"auto","background-attachment":"scroll","background-type":"","background-media":"","overlay-type":"","overlay-color":"","overlay-opacity":"","overlay-gradient":""},"mobile":{"background-color":"var(--ast-global-color-5)","background-image":"","background-repeat":"repeat","background-position":"center center","background-size":"auto","background-attachment":"scroll","background-type":"","background-media":"","overlay-type":"","overlay-color":"","overlay-opacity":"","overlay-gradient":""}},"footnotes":""},"class_list":["post-1094","page","type-page","status-publish","hentry"],"yoast_head":"<!-- This site is optimized with the Yoast SEO plugin v27.4 - https:\/\/yoast.com\/product\/yoast-seo-wordpress\/ -->\n<title>Datenschutz - Zinduka End FGM<\/title>\n<meta name=\"description\" content=\"Datenschutz ist uns sehr wichtig. Hier stehen die Details der Datenschutzerkl\u00e4rung dieser Seite uns Inhalte.\" \/>\n<meta name=\"robots\" content=\"index, follow, max-snippet:-1, max-image-preview:large, max-video-preview:-1\" \/>\n<link rel=\"canonical\" href=\"https:\/\/zinduka-ev.org\/es\/es-politica-de-privacidad\/\" \/>\n<meta property=\"og:locale\" content=\"es_ES\" \/>\n<meta property=\"og:type\" content=\"article\" \/>\n<meta property=\"og:title\" content=\"Datenschutz - Zinduka End FGM\" \/>\n<meta property=\"og:description\" content=\"Datenschutz ist uns sehr wichtig. Hier stehen die Details der Datenschutzerkl\u00e4rung dieser Seite uns Inhalte.\" \/>\n<meta property=\"og:url\" content=\"https:\/\/zinduka-ev.org\/es\/es-politica-de-privacidad\/\" \/>\n<meta property=\"og:site_name\" content=\"Zinduka End FGM\" \/>\n<meta property=\"article:publisher\" content=\"https:\/\/www.facebook.com\/zinduka.ev\/\" \/>\n<meta property=\"article:modified_time\" content=\"2024-05-06T15:14:35+00:00\" \/>\n<meta name=\"twitter:card\" content=\"summary_large_image\" \/>\n<meta name=\"twitter:site\" content=\"@Zinduka_eV\" \/>\n<meta name=\"twitter:label1\" content=\"Tiempo de lectura\" \/>\n\t<meta name=\"twitter:data1\" content=\"3 minutos\" \/>\n<script type=\"application\/ld+json\" class=\"yoast-schema-graph\">{\"@context\":\"https:\\\/\\\/schema.org\",\"@graph\":[{\"@type\":\"WebPage\",\"@id\":\"https:\\\/\\\/zinduka-ev.org\\\/en-privacy-policy\\\/\",\"url\":\"https:\\\/\\\/zinduka-ev.org\\\/en-privacy-policy\\\/\",\"name\":\"Datenschutz - Zinduka End FGM\",\"isPartOf\":{\"@id\":\"https:\\\/\\\/zinduka-ev.org\\\/#website\"},\"datePublished\":\"2022-03-14T21:38:03+00:00\",\"dateModified\":\"2024-05-06T15:14:35+00:00\",\"description\":\"Datenschutz ist uns sehr wichtig. Hier stehen die Details der Datenschutzerkl\u00e4rung dieser Seite uns Inhalte.\",\"breadcrumb\":{\"@id\":\"https:\\\/\\\/zinduka-ev.org\\\/en-privacy-policy\\\/#breadcrumb\"},\"inLanguage\":\"es\",\"potentialAction\":[{\"@type\":\"ReadAction\",\"target\":[\"https:\\\/\\\/zinduka-ev.org\\\/en-privacy-policy\\\/\"]}]},{\"@type\":\"BreadcrumbList\",\"@id\":\"https:\\\/\\\/zinduka-ev.org\\\/en-privacy-policy\\\/#breadcrumb\",\"itemListElement\":[{\"@type\":\"ListItem\",\"position\":1,\"name\":\"Home\",\"item\":\"https:\\\/\\\/zinduka-ev.org\\\/\"},{\"@type\":\"ListItem\",\"position\":2,\"name\":\"Datenschutz\"}]},{\"@type\":\"WebSite\",\"@id\":\"https:\\\/\\\/zinduka-ev.org\\\/#website\",\"url\":\"https:\\\/\\\/zinduka-ev.org\\\/\",\"name\":\"Zinduka e.V\",\"description\":\"Education against Female Genital Mutilation (FGM)\",\"publisher\":{\"@id\":\"https:\\\/\\\/zinduka-ev.org\\\/#organization\"},\"potentialAction\":[{\"@type\":\"SearchAction\",\"target\":{\"@type\":\"EntryPoint\",\"urlTemplate\":\"https:\\\/\\\/zinduka-ev.org\\\/?s={search_term_string}\"},\"query-input\":{\"@type\":\"PropertyValueSpecification\",\"valueRequired\":true,\"valueName\":\"search_term_string\"}}],\"inLanguage\":\"es\"},{\"@type\":\"Organization\",\"@id\":\"https:\\\/\\\/zinduka-ev.org\\\/#organization\",\"name\":\"Zinduka e.V\",\"url\":\"https:\\\/\\\/zinduka-ev.org\\\/\",\"logo\":{\"@type\":\"ImageObject\",\"inLanguage\":\"es\",\"@id\":\"https:\\\/\\\/zinduka-ev.org\\\/#\\\/schema\\\/logo\\\/image\\\/\",\"url\":\"https:\\\/\\\/zinduka-ev.org\\\/wp-content\\\/uploads\\\/2023\\\/03\\\/Zinduka-Logo.png\",\"contentUrl\":\"https:\\\/\\\/zinduka-ev.org\\\/wp-content\\\/uploads\\\/2023\\\/03\\\/Zinduka-Logo.png\",\"width\":1745,\"height\":1223,\"caption\":\"Zinduka e.V\"},\"image\":{\"@id\":\"https:\\\/\\\/zinduka-ev.org\\\/#\\\/schema\\\/logo\\\/image\\\/\"},\"sameAs\":[\"https:\\\/\\\/www.facebook.com\\\/zinduka.ev\\\/\",\"https:\\\/\\\/x.com\\\/Zinduka_eV\"]}]}<\/script>\n<!-- \/ Yoast SEO plugin. -->","yoast_head_json":{"title":"Protecci\u00f3n de datos - Zinduka End FGM","description":"La protecci\u00f3n de datos es muy importante para nosotros. Aqu\u00ed est\u00e1n los detalles de la pol\u00edtica de privacidad de este sitio nosotros contenido.","robots":{"index":"index","follow":"follow","max-snippet":"max-snippet:-1","max-image-preview":"max-image-preview:large","max-video-preview":"max-video-preview:-1"},"canonical":"https:\/\/zinduka-ev.org\/es\/es-politica-de-privacidad\/","og_locale":"es_ES","og_type":"article","og_title":"Datenschutz - Zinduka End FGM","og_description":"Datenschutz ist uns sehr wichtig. Hier stehen die Details der Datenschutzerkl\u00e4rung dieser Seite uns Inhalte.","og_url":"https:\/\/zinduka-ev.org\/es\/es-politica-de-privacidad\/","og_site_name":"Zinduka End FGM","article_publisher":"https:\/\/www.facebook.com\/zinduka.ev\/","article_modified_time":"2024-05-06T15:14:35+00:00","twitter_card":"summary_large_image","twitter_site":"@Zinduka_eV","twitter_misc":{"Tiempo de lectura":"3 minutos"},"schema":{"@context":"https:\/\/schema.org","@graph":[{"@type":"WebPage","@id":"https:\/\/zinduka-ev.org\/en-privacy-policy\/","url":"https:\/\/zinduka-ev.org\/en-privacy-policy\/","name":"Protecci\u00f3n de datos - Zinduka End FGM","isPartOf":{"@id":"https:\/\/zinduka-ev.org\/#website"},"datePublished":"2022-03-14T21:38:03+00:00","dateModified":"2024-05-06T15:14:35+00:00","description":"La protecci\u00f3n de datos es muy importante para nosotros. Aqu\u00ed est\u00e1n los detalles de la pol\u00edtica de privacidad de este sitio nosotros contenido.","breadcrumb":{"@id":"https:\/\/zinduka-ev.org\/en-privacy-policy\/#breadcrumb"},"inLanguage":"es","potentialAction":[{"@type":"ReadAction","target":["https:\/\/zinduka-ev.org\/en-privacy-policy\/"]}]},{"@type":"BreadcrumbList","@id":"https:\/\/zinduka-ev.org\/en-privacy-policy\/#breadcrumb","itemListElement":[{"@type":"ListItem","position":1,"name":"Home","item":"https:\/\/zinduka-ev.org\/"},{"@type":"ListItem","position":2,"name":"Datenschutz"}]},{"@type":"WebSite","@id":"https:\/\/zinduka-ev.org\/#website","url":"https:\/\/zinduka-ev.org\/","name":"Zinduka e.V","description":"Educaci\u00f3n contra la mutilaci\u00f3n genital femenina (MGF)","publisher":{"@id":"https:\/\/zinduka-ev.org\/#organization"},"potentialAction":[{"@type":"SearchAction","target":{"@type":"EntryPoint","urlTemplate":"https:\/\/zinduka-ev.org\/?s={search_term_string}"},"query-input":{"@type":"PropertyValueSpecification","valueRequired":true,"valueName":"search_term_string"}}],"inLanguage":"es"},{"@type":"Organization","@id":"https:\/\/zinduka-ev.org\/#organization","name":"Zinduka e.V","url":"https:\/\/zinduka-ev.org\/","logo":{"@type":"ImageObject","inLanguage":"es","@id":"https:\/\/zinduka-ev.org\/#\/schema\/logo\/image\/","url":"https:\/\/zinduka-ev.org\/wp-content\/uploads\/2023\/03\/Zinduka-Logo.png","contentUrl":"https:\/\/zinduka-ev.org\/wp-content\/uploads\/2023\/03\/Zinduka-Logo.png","width":1745,"height":1223,"caption":"Zinduka e.V"},"image":{"@id":"https:\/\/zinduka-ev.org\/#\/schema\/logo\/image\/"},"sameAs":["https:\/\/www.facebook.com\/zinduka.ev\/","https:\/\/x.com\/Zinduka_eV"]}]}},"campaignId":"","_links":{"self":[{"href":"https:\/\/zinduka-ev.org\/es\/wp-json\/wp\/v2\/pages\/1094","targetHints":{"allow":["GET"]}}],"collection":[{"href":"https:\/\/zinduka-ev.org\/es\/wp-json\/wp\/v2\/pages"}],"about":[{"href":"https:\/\/zinduka-ev.org\/es\/wp-json\/wp\/v2\/types\/page"}],"author":[{"embeddable":true,"href":"https:\/\/zinduka-ev.org\/es\/wp-json\/wp\/v2\/users\/1"}],"replies":[{"embeddable":true,"href":"https:\/\/zinduka-ev.org\/es\/wp-json\/wp\/v2\/comments?post=1094"}],"version-history":[{"count":14,"href":"https:\/\/zinduka-ev.org\/es\/wp-json\/wp\/v2\/pages\/1094\/revisions"}],"predecessor-version":[{"id":2766,"href":"https:\/\/zinduka-ev.org\/es\/wp-json\/wp\/v2\/pages\/1094\/revisions\/2766"}],"wp:attachment":[{"href":"https:\/\/zinduka-ev.org\/es\/wp-json\/wp\/v2\/media?parent=1094"}],"curies":[{"name":"wp","href":"https:\/\/api.w.org\/{rel}","templated":true}]}}