{"id":2161,"date":"2023-06-18T11:39:47","date_gmt":"2023-06-18T11:39:47","guid":{"rendered":"https:\/\/zinduka-ev.org\/?page_id=2161"},"modified":"2024-08-13T14:17:59","modified_gmt":"2024-08-13T14:17:59","slug":"transparency","status":"publish","type":"page","link":"https:\/\/zinduka-ev.org\/en\/transparency\/","title":{"rendered":"Transparency"},"content":{"rendered":"<div data-elementor-type=\"wp-page\" data-elementor-id=\"2161\" class=\"elementor elementor-2161\" data-elementor-post-type=\"page\">\n\t\t\t\t<div class=\"elementor-element elementor-element-6f9fac7 e-flex e-con-boxed e-con e-parent\" data-id=\"6f9fac7\" data-element_type=\"container\" data-e-type=\"container\">\n\t\t\t\t\t<div class=\"e-con-inner\">\n\t\t<div class=\"elementor-element elementor-element-df885e9 e-flex e-con-boxed e-con e-child\" data-id=\"df885e9\" data-element_type=\"container\" data-e-type=\"container\">\n\t\t\t\t\t<div class=\"e-con-inner\">\n\t\t<div class=\"elementor-element elementor-element-0f36100 e-flex e-con-boxed e-con e-child\" data-id=\"0f36100\" data-element_type=\"container\" data-e-type=\"container\">\n\t\t\t\t\t<div class=\"e-con-inner\">\n\t\t\t\t<div class=\"elementor-element elementor-element-6c6328c elementor-widget elementor-widget-image\" data-id=\"6c6328c\" data-element_type=\"widget\" data-e-type=\"widget\" data-widget_type=\"image.default\">\n\t\t\t\t<div class=\"elementor-widget-container\">\n\t\t\t\t\t\t\t\t\t\t\t\t\t\t\t\t<a href=\"http:\/\/www.transparente-zivilgesellschaft.de\/\">\n\t\t\t\t\t\t\t<img decoding=\"async\" width=\"300\" height=\"82\" src=\"https:\/\/zinduka-ev.org\/wp-content\/uploads\/2021\/05\/Transparente_ZivilgesellschaftPNG.png\" class=\"attachment-medium size-medium wp-image-2910\" alt=\"\" srcset=\"https:\/\/zinduka-ev.org\/wp-content\/uploads\/2021\/05\/Transparente_ZivilgesellschaftPNG-300x82.png 300w, https:\/\/zinduka-ev.org\/wp-content\/uploads\/2021\/05\/Transparente_ZivilgesellschaftPNG-18x5.png 18w, https:\/\/zinduka-ev.org\/wp-content\/uploads\/2021\/05\/Transparente_ZivilgesellschaftPNG.png 735w\" sizes=\"(max-width: 300px) 100vw, 300px\" \/>\t\t\t\t\t\t\t\t<\/a>\n\t\t\t\t\t\t\t\t\t\t\t\t\t\t\t<\/div>\n\t\t\t\t<\/div>\n\t\t\t\t<div class=\"elementor-element elementor-element-5023613 elementor-widget elementor-widget-heading\" data-id=\"5023613\" data-element_type=\"widget\" data-e-type=\"widget\" data-widget_type=\"heading.default\">\n\t\t\t\t<div class=\"elementor-widget-container\">\n\t\t\t\t\t<h2 class=\"elementor-heading-title elementor-size-default\">Transparency<\/h2>\t\t\t\t<\/div>\n\t\t\t\t<\/div>\n\t\t\t\t\t<\/div>\n\t\t\t\t<\/div>\n\t\t\t\t<div class=\"elementor-element elementor-element-e7840f3 elementor-widget elementor-widget-text-editor\" data-id=\"e7840f3\" data-element_type=\"widget\" data-e-type=\"widget\" data-widget_type=\"text-editor.default\">\n\t\t\t\t<div class=\"elementor-widget-container\">\n\t\t\t\t\t\t\t\t\t<p>Transparency is very important to us. That is why we are signatories to the list of <a href=\"https:\/\/www.transparente-zivilgesellschaft.de\/\">\"Transparent Civil Society Initiative\"<\/a>. We undertake to make the following information available to the public online and to keep it up to date.<\/p><p style=\"margin-bottom: 29px; color: #333333; font-family: 'Helvetica Neue', Arial, sans-serif; font-size: 19px; font-style: normal; font-weight: 400; background-color: #f3f3f3;\"><b style=\"font-size: 18px; font-style: inherit; color: var( --e-global-color-text ); font-family: var( --e-global-typography-text-font-family ), Sans-serif; text-align: var(--text-align); background-color: var(--ast-global-color-5);\">1. name, registered office, address and year of foundation:<\/b><\/p><p><b>Name of the organisation:<\/b> Zinduka e.V<br \/><b style=\"font-style: inherit; color: var( --e-global-color-text ); font-family: var( --e-global-typography-text-font-family ), Sans-serif; text-align: var(--text-align); background-color: var(--ast-global-color-5);\">Seat of the association: <\/b><span style=\"font-style: inherit; color: var( --e-global-color-text ); font-family: var( --e-global-typography-text-font-family ), Sans-serif; text-align: var(--text-align); background-color: var(--ast-global-color-5);\"><span style=\"font-weight: inherit;\">Auf dem Willem 5, 35094 Lahntal<\/span><br \/><\/span><b style=\"font-style: inherit; color: var( --e-global-color-text ); font-family: var( --e-global-typography-text-font-family ), Sans-serif; text-align: var(--text-align); background-color: var(--ast-global-color-5);\">Contact us<\/b><span style=\"font-style: inherit; color: var( --e-global-color-text ); font-family: var( --e-global-typography-text-font-family ), Sans-serif; text-align: var(--text-align); background-color: var(--ast-global-color-5);\"><span style=\"font-weight: inherit;\">: info@zinduka-ev.org | antonia@zinduka-ev.org <\/span><b>Contact person<\/b><span style=\"font-weight: inherit;\">Antonia Kipainoi<\/span><br \/><\/span><b style=\"font-style: inherit; color: var( --e-global-color-text ); font-family: var( --e-global-typography-text-font-family ), Sans-serif; text-align: var(--text-align); background-color: var(--ast-global-color-5);\">Founding year<\/b><span style=\"font-style: inherit; font-weight: inherit; color: var( --e-global-color-text ); font-family: var( --e-global-typography-text-font-family ), Sans-serif; text-align: var(--text-align); background-color: var(--ast-global-color-5);\">: 2016<\/span><\/p>\t\t\t\t\t\t\t\t<\/div>\n\t\t\t\t<\/div>\n\t\t\t\t\t<\/div>\n\t\t\t\t<\/div>\n\t\t<div class=\"elementor-element elementor-element-3d7c4f5 e-flex e-con-boxed e-con e-child\" data-id=\"3d7c4f5\" data-element_type=\"container\" data-e-type=\"container\">\n\t\t\t\t\t<div class=\"e-con-inner\">\n\t\t\t\t<div class=\"elementor-element elementor-element-b7318bc elementor-widget elementor-widget-text-editor\" data-id=\"b7318bc\" data-element_type=\"widget\" data-e-type=\"widget\" data-widget_type=\"text-editor.default\">\n\t\t\t\t<div class=\"elementor-widget-container\">\n\t\t\t\t\t\t\t\t\t<p><b>2 Our goals and statutes<\/b><\/p><p><span style=\"font-weight: 400;\">Here is our <a href=\"https:\/\/drive.google.com\/file\/d\/1It49l5Tm-LVc7JWFTbVaYYMC40jVSR5Y\/view?usp=share_link\">Articles of Association<\/a>.\u00a0<\/span><\/p><p>Our goal: <br \/>Zinduka e.V. campaigns against female genital mutilation (\"FGM\") in Kenya. All our programmes contribute to the abolition of FGM. We follow the UN (United Nations) agenda and are therefore determined that FGM can be ended by 2030.<\/p><p>Through various educational programmes, we aim to achieve a sustainable improvement in the living environment of all people, with a focus on girls and women.<\/p><p>We pursue a holistic approach, some of our topics and training areas are<\/p><ul><li style=\"font-weight: 400;\" aria-level=\"1\">Unbiased and non-coercive FGM education<\/li><li style=\"font-weight: 400;\" aria-level=\"1\">Training on the legal situation of FGM, children, women and human rights in Kenya<\/li><li style=\"font-weight: 400;\" aria-level=\"1\"><span style=\"font-weight: 400;\">Training on sexual and reproductive health and rights in cooperation with <a href=\"https:\/\/www.therainworkers.org\/en\">THE RAIN WORKERS<\/a>\u00a0<\/span><\/li><li style=\"font-weight: 400;\" aria-level=\"1\">Positive parenting training for parents<\/li><li style=\"font-weight: 400;\" aria-level=\"1\">Importance of education<\/li><li style=\"font-weight: 400;\" aria-level=\"1\">Career paths and opportunities<\/li><li aria-level=\"1\">Interaction between people and nature with a focus on a sustainable and conscious lifestyle<\/li><li style=\"font-weight: 400;\" aria-level=\"1\"><span style=\"font-weight: 400;\">and many more...\u00a0<\/span><\/li><\/ul><p>For further specific projects, please see \"Use of funds\".<\/p><p><b>\u00a0<\/b><\/p><p><b>3. information on tax concessions<br \/><\/b><\/p><p style=\"font-size: 18px; font-style: normal; font-weight: 400;\">According to the last notice of exemption we received from the Marburg-Biedenkopf tax office (tax number 31\/250\/56899) dated 8 June 2022 (assessment period 2017 to 2019), our work is exempt from corporation tax in accordance with Section 5 (1) No. 9 of the German Corporation Tax Act (K\u00f6rperschaftsteuergesetz) and from trade tax in accordance with Section 3 No. 6 of the German Trade Tax Act (Gewerbesteuergesetz).<\/p><p style=\"font-size: 18px; font-style: normal; font-weight: 400;\">Zinduka e.V. was registered as a non-profit organisation in Marburg an der Lahn, Germany, in 2016. The non-profit status exists according to \u00a7\u00a751 Ff. AO. The non-profit organisation has the number 5323 in the register of associations in Marburg and the tax number is: 3125056899.<\/p><p><b>4. Zinduka's decision-makers and (6.) personnel structure<br \/>Please see our team<br \/><\/b><span style=\"font-weight: 400;\">Please <a href=\"https:\/\/zinduka-ev.org\/en\/about-us\/\">here<\/a> click.\u00a0<br \/>Zinduka currently has a full-time managing director. The Board of Directors (3) and our members (23) work on a voluntary basis.<\/span><\/p><p><strong>5. activity reports<\/strong><br \/>Here you will find our activity reports for the last three years:<\/p><ul><li style=\"font-weight: 400;\" aria-level=\"1\"><a href=\"https:\/\/drive.google.com\/file\/d\/170ZuP729ZYrR6IlYs4Evw8xzhpmjTSLz\/view?usp=share_link\"><span style=\"font-weight: 400;\">2022<\/span><\/a><span style=\"font-weight: 400;\">\u00a0<\/span><\/li><li style=\"font-weight: 400;\" aria-level=\"1\"><a href=\"https:\/\/drive.google.com\/file\/d\/1MhWycLv5f-VTgqS0NK-XqKu1UrQc8SVY\/view?usp=share_link\"><span style=\"font-weight: 400;\">2021<\/span><\/a><\/li><li style=\"font-weight: 400;\" aria-level=\"1\"><a href=\"https:\/\/docs.google.com\/document\/d\/1MucVPOzxAnG7cXVFz_JOnJ7YCzB_nsxkr5d6gZoqHf0\/edit?usp=sharing\"><span style=\"font-weight: 400;\">2020<\/span><\/a><\/li><\/ul><p><strong>7. origin of funds<\/strong><br \/>Here you can find our sources of funds from the last three years:<\/p><ul><li style=\"font-weight: 400;\" aria-level=\"1\"><a href=\"https:\/\/drive.google.com\/file\/d\/19GQF4EBs8JWZUKCK-X-tQWUsM2ZtStYb\/view?usp=share_link\"><span style=\"font-weight: 400;\">2022<\/span><\/a><\/li><li style=\"font-weight: 400;\" aria-level=\"1\"><a href=\"https:\/\/drive.google.com\/file\/d\/1JWj0G3mFphmVPbAqaCo-MYkHzBglu2u2\/view?usp=sharing\"><span style=\"font-weight: 400;\">2021<\/span><\/a><\/li><li style=\"font-weight: 400;\" aria-level=\"1\"><a href=\"https:\/\/drive.google.com\/file\/d\/1h2oUrCqWw56Lx_-0GLH39mlvjNiF563i\/view?usp=sharing\"><span style=\"font-weight: 400;\">2020<\/span><\/a><\/li><\/ul><p>Here you can download the <a href=\"https:\/\/drive.google.com\/file\/d\/1jGmRR8vD2xkE8BE-JpXynNZWt0ADG_RD\/view?usp=sharing\">Annual report 2022<\/a> download (page 13). Our donations come mainly from private organisations and individuals.<\/p><p>(10.) In 2022, there was no donation from an individual that accounted for more than 10 % of the total annual budget.<\/p><p>We check very closely on site how the funds are used. We know the prices and pay attention to every euro.<\/p><p><strong>8. utilisation of the funds<br \/><\/strong>You can find all our projects <a href=\"https:\/\/zinduka-ev.org\/en\/our-effect\/\">here<\/a>.<\/p><p><b>9. corporate affiliation:<\/b><br \/>The association has no social ties with third parties.<\/p><p><b>Our partners<\/b><br \/>We carefully select our partner organisations according to our own criteria and implement joint projects. We believe in the power of partnerships (SDG 17) to create maximum and sustainable solutions by combining forces and diverse expertise.<\/p><p>Our current partners are:<br \/><a href=\"https:\/\/www.therainworkers.org\/en\">The Rain Workers<\/a> | <a href=\"https:\/\/www.tukutane.de\/\">Tukutane e.V.<\/a> | <a href=\"https:\/\/menendfgm.org\/\">Men End FGM<\/a> | <a href=\"https:\/\/www.nala-fgm.de\/\">Nala e.V.<\/a>\u00a0<span style=\"color: var( --e-global-color-text ); font-family: var( --e-global-typography-text-font-family ), Sans-serif; font-size: var( --e-global-typography-text-font-size ); font-weight: var( --e-global-typography-text-font-weight ); text-align: var(--text-align); background-color: var(--ast-global-color-5);\">| <a href=\"https:\/\/www.aktivfuermenschen.at\/\">Amina<\/a> | <a href=\"https:\/\/mut-freiburg.org\/\">Humans and Animals Foundation<\/a> | I-Rep Foundation | Zinduka Kenya | <a href=\"https:\/\/www.tatort-verein.org\/nc\/home\/\">Tatort e.V.<\/a>\u00a0<\/span><\/p><p>We also co-operate with:<br \/><a href=\"https:\/\/www.antifgmboard.go.ke\/\">Anti FGM Board Kenya<\/a> | <a href=\"https:\/\/migori.go.ke\/\">Migori County Government<\/a> | <a href=\"https:\/\/european-union.europa.eu\/index_en\">The European Union in Kenya<\/a> |\u00a0 <a href=\"https:\/\/www.kutairi.de\/de\/vernetzung\/runder-tisch-deutschland\/\">FGM DE round table<\/a>\u00a0<\/p>\t\t\t\t\t\t\t\t<\/div>\n\t\t\t\t<\/div>\n\t\t\t\t\t<\/div>\n\t\t\t\t<\/div>\n\t\t\t\t\t<\/div>\n\t\t\t\t<\/div>\n\t\t\t\t<\/div>","protected":false},"excerpt":{"rendered":"<p>Transparenz Transparenz ist f\u00fcr uns sehr wichtig. Deshalb sind wir Unterzeichner der Liste der &#8222;Initiative Transparente Zivilgesellschaft&#8220;. Wir verpflichten uns, die folgenden Informationen der \u00d6ffentlichkeit auch online zur Verf\u00fcgung zu stellen und diese auf dem neuesten Stand zu halten. 1. Name, Sitz, Anschrift und Gr\u00fcndungsjahr: Name der Organisation: Zinduka e.VSitz des Vereins: Auf dem Willem [&hellip;]<\/p>\n","protected":false},"author":1,"featured_media":0,"parent":0,"menu_order":0,"comment_status":"closed","ping_status":"closed","template":"","meta":{"give_campaign_id":0,"site-sidebar-layout":"default","site-content-layout":"","ast-site-content-layout":"default","site-content-style":"default","site-sidebar-style":"default","ast-global-header-display":"","ast-banner-title-visibility":"","ast-main-header-display":"","ast-hfb-above-header-display":"","ast-hfb-below-header-display":"","ast-hfb-mobile-header-display":"","site-post-title":"","ast-breadcrumbs-content":"","ast-featured-img":"","footer-sml-layout":"","ast-disable-related-posts":"","theme-transparent-header-meta":"","adv-header-id-meta":"","stick-header-meta":"","header-above-stick-meta":"","header-main-stick-meta":"","header-below-stick-meta":"","astra-migrate-meta-layouts":"set","ast-page-background-enabled":"default","ast-page-background-meta":{"desktop":{"background-color":"var(--ast-global-color-4)","background-image":"","background-repeat":"repeat","background-position":"center center","background-size":"auto","background-attachment":"scroll","background-type":"","background-media":"","overlay-type":"","overlay-color":"","overlay-opacity":"","overlay-gradient":""},"tablet":{"background-color":"","background-image":"","background-repeat":"repeat","background-position":"center center","background-size":"auto","background-attachment":"scroll","background-type":"","background-media":"","overlay-type":"","overlay-color":"","overlay-opacity":"","overlay-gradient":""},"mobile":{"background-color":"","background-image":"","background-repeat":"repeat","background-position":"center center","background-size":"auto","background-attachment":"scroll","background-type":"","background-media":"","overlay-type":"","overlay-color":"","overlay-opacity":"","overlay-gradient":""}},"ast-content-background-meta":{"desktop":{"background-color":"var(--ast-global-color-5)","background-image":"","background-repeat":"repeat","background-position":"center center","background-size":"auto","background-attachment":"scroll","background-type":"","background-media":"","overlay-type":"","overlay-color":"","overlay-opacity":"","overlay-gradient":""},"tablet":{"background-color":"var(--ast-global-color-5)","background-image":"","background-repeat":"repeat","background-position":"center center","background-size":"auto","background-attachment":"scroll","background-type":"","background-media":"","overlay-type":"","overlay-color":"","overlay-opacity":"","overlay-gradient":""},"mobile":{"background-color":"var(--ast-global-color-5)","background-image":"","background-repeat":"repeat","background-position":"center center","background-size":"auto","background-attachment":"scroll","background-type":"","background-media":"","overlay-type":"","overlay-color":"","overlay-opacity":"","overlay-gradient":""}},"footnotes":""},"class_list":["post-2161","page","type-page","status-publish","hentry"],"yoast_head":"<!-- This site is optimized with the Yoast SEO plugin v27.4 - https:\/\/yoast.com\/product\/yoast-seo-wordpress\/ -->\n<title>Transparenz - Zinduka End FGM<\/title>\n<meta name=\"description\" content=\"Transparenz und Vertrauen sind uns sehr wichtig und deshalb zeigen wir uns hier ganz transparent. Bei weiteren Fragen, schreibe uns gerne.\" \/>\n<meta name=\"robots\" content=\"index, follow, max-snippet:-1, max-image-preview:large, max-video-preview:-1\" \/>\n<link rel=\"canonical\" href=\"https:\/\/zinduka-ev.org\/en\/transparency\/\" \/>\n<meta property=\"og:locale\" content=\"en_GB\" \/>\n<meta property=\"og:type\" content=\"article\" \/>\n<meta property=\"og:title\" content=\"Transparenz - Zinduka End FGM\" \/>\n<meta property=\"og:description\" content=\"Transparenz und Vertrauen sind uns sehr wichtig und deshalb zeigen wir uns hier ganz transparent. Bei weiteren Fragen, schreibe uns gerne.\" \/>\n<meta property=\"og:url\" content=\"https:\/\/zinduka-ev.org\/en\/transparency\/\" \/>\n<meta property=\"og:site_name\" content=\"Zinduka End FGM\" \/>\n<meta property=\"article:publisher\" content=\"https:\/\/www.facebook.com\/zinduka.ev\/\" \/>\n<meta property=\"article:modified_time\" content=\"2024-08-13T14:17:59+00:00\" \/>\n<meta property=\"og:image\" content=\"http:\/\/zinduka-ev.org\/wp-content\/uploads\/2021\/05\/Transparente_ZivilgesellschaftPNG.png\" \/>\n<meta name=\"twitter:card\" content=\"summary_large_image\" \/>\n<meta name=\"twitter:site\" content=\"@Zinduka_eV\" \/>\n<meta name=\"twitter:label1\" content=\"Estimated reading time\" \/>\n\t<meta name=\"twitter:data1\" content=\"4 minutes\" \/>\n<script type=\"application\/ld+json\" class=\"yoast-schema-graph\">{\"@context\":\"https:\\\/\\\/schema.org\",\"@graph\":[{\"@type\":\"WebPage\",\"@id\":\"https:\\\/\\\/zinduka-ev.org\\\/transparenz\\\/\",\"url\":\"https:\\\/\\\/zinduka-ev.org\\\/transparenz\\\/\",\"name\":\"Transparenz - Zinduka End FGM\",\"isPartOf\":{\"@id\":\"https:\\\/\\\/zinduka-ev.org\\\/#website\"},\"primaryImageOfPage\":{\"@id\":\"https:\\\/\\\/zinduka-ev.org\\\/transparenz\\\/#primaryimage\"},\"image\":{\"@id\":\"https:\\\/\\\/zinduka-ev.org\\\/transparenz\\\/#primaryimage\"},\"thumbnailUrl\":\"http:\\\/\\\/zinduka-ev.org\\\/wp-content\\\/uploads\\\/2021\\\/05\\\/Transparente_ZivilgesellschaftPNG.png\",\"datePublished\":\"2023-06-18T11:39:47+00:00\",\"dateModified\":\"2024-08-13T14:17:59+00:00\",\"description\":\"Transparenz und Vertrauen sind uns sehr wichtig und deshalb zeigen wir uns hier ganz transparent. Bei weiteren Fragen, schreibe uns gerne.\",\"breadcrumb\":{\"@id\":\"https:\\\/\\\/zinduka-ev.org\\\/transparenz\\\/#breadcrumb\"},\"inLanguage\":\"en-GB\",\"potentialAction\":[{\"@type\":\"ReadAction\",\"target\":[\"https:\\\/\\\/zinduka-ev.org\\\/transparenz\\\/\"]}]},{\"@type\":\"ImageObject\",\"inLanguage\":\"en-GB\",\"@id\":\"https:\\\/\\\/zinduka-ev.org\\\/transparenz\\\/#primaryimage\",\"url\":\"http:\\\/\\\/zinduka-ev.org\\\/wp-content\\\/uploads\\\/2021\\\/05\\\/Transparente_ZivilgesellschaftPNG.png\",\"contentUrl\":\"http:\\\/\\\/zinduka-ev.org\\\/wp-content\\\/uploads\\\/2021\\\/05\\\/Transparente_ZivilgesellschaftPNG.png\"},{\"@type\":\"BreadcrumbList\",\"@id\":\"https:\\\/\\\/zinduka-ev.org\\\/transparenz\\\/#breadcrumb\",\"itemListElement\":[{\"@type\":\"ListItem\",\"position\":1,\"name\":\"Home\",\"item\":\"https:\\\/\\\/zinduka-ev.org\\\/\"},{\"@type\":\"ListItem\",\"position\":2,\"name\":\"Transparenz\"}]},{\"@type\":\"WebSite\",\"@id\":\"https:\\\/\\\/zinduka-ev.org\\\/#website\",\"url\":\"https:\\\/\\\/zinduka-ev.org\\\/\",\"name\":\"Zinduka e.V\",\"description\":\"Education against Female Genital Mutilation (FGM)\",\"publisher\":{\"@id\":\"https:\\\/\\\/zinduka-ev.org\\\/#organization\"},\"potentialAction\":[{\"@type\":\"SearchAction\",\"target\":{\"@type\":\"EntryPoint\",\"urlTemplate\":\"https:\\\/\\\/zinduka-ev.org\\\/?s={search_term_string}\"},\"query-input\":{\"@type\":\"PropertyValueSpecification\",\"valueRequired\":true,\"valueName\":\"search_term_string\"}}],\"inLanguage\":\"en-GB\"},{\"@type\":\"Organization\",\"@id\":\"https:\\\/\\\/zinduka-ev.org\\\/#organization\",\"name\":\"Zinduka e.V\",\"url\":\"https:\\\/\\\/zinduka-ev.org\\\/\",\"logo\":{\"@type\":\"ImageObject\",\"inLanguage\":\"en-GB\",\"@id\":\"https:\\\/\\\/zinduka-ev.org\\\/#\\\/schema\\\/logo\\\/image\\\/\",\"url\":\"https:\\\/\\\/zinduka-ev.org\\\/wp-content\\\/uploads\\\/2023\\\/03\\\/Zinduka-Logo.png\",\"contentUrl\":\"https:\\\/\\\/zinduka-ev.org\\\/wp-content\\\/uploads\\\/2023\\\/03\\\/Zinduka-Logo.png\",\"width\":1745,\"height\":1223,\"caption\":\"Zinduka e.V\"},\"image\":{\"@id\":\"https:\\\/\\\/zinduka-ev.org\\\/#\\\/schema\\\/logo\\\/image\\\/\"},\"sameAs\":[\"https:\\\/\\\/www.facebook.com\\\/zinduka.ev\\\/\",\"https:\\\/\\\/x.com\\\/Zinduka_eV\"]}]}<\/script>\n<!-- \/ Yoast SEO plugin. -->","yoast_head_json":{"title":"Transparency - Zinduka End FGM","description":"Transparency and trust are very important to us, which is why we are very transparent here. If you have any further questions, please write to us.","robots":{"index":"index","follow":"follow","max-snippet":"max-snippet:-1","max-image-preview":"max-image-preview:large","max-video-preview":"max-video-preview:-1"},"canonical":"https:\/\/zinduka-ev.org\/en\/transparency\/","og_locale":"en_GB","og_type":"article","og_title":"Transparenz - Zinduka End FGM","og_description":"Transparenz und Vertrauen sind uns sehr wichtig und deshalb zeigen wir uns hier ganz transparent. Bei weiteren Fragen, schreibe uns gerne.","og_url":"https:\/\/zinduka-ev.org\/en\/transparency\/","og_site_name":"Zinduka End FGM","article_publisher":"https:\/\/www.facebook.com\/zinduka.ev\/","article_modified_time":"2024-08-13T14:17:59+00:00","og_image":[{"url":"http:\/\/zinduka-ev.org\/wp-content\/uploads\/2021\/05\/Transparente_ZivilgesellschaftPNG.png","type":"","width":"","height":""}],"twitter_card":"summary_large_image","twitter_site":"@Zinduka_eV","twitter_misc":{"Estimated reading time":"4 minutes"},"schema":{"@context":"https:\/\/schema.org","@graph":[{"@type":"WebPage","@id":"https:\/\/zinduka-ev.org\/transparenz\/","url":"https:\/\/zinduka-ev.org\/transparenz\/","name":"Transparency - Zinduka End FGM","isPartOf":{"@id":"https:\/\/zinduka-ev.org\/#website"},"primaryImageOfPage":{"@id":"https:\/\/zinduka-ev.org\/transparenz\/#primaryimage"},"image":{"@id":"https:\/\/zinduka-ev.org\/transparenz\/#primaryimage"},"thumbnailUrl":"http:\/\/zinduka-ev.org\/wp-content\/uploads\/2021\/05\/Transparente_ZivilgesellschaftPNG.png","datePublished":"2023-06-18T11:39:47+00:00","dateModified":"2024-08-13T14:17:59+00:00","description":"Transparency and trust are very important to us, which is why we are very transparent here. If you have any further questions, please write to us.","breadcrumb":{"@id":"https:\/\/zinduka-ev.org\/transparenz\/#breadcrumb"},"inLanguage":"en-GB","potentialAction":[{"@type":"ReadAction","target":["https:\/\/zinduka-ev.org\/transparenz\/"]}]},{"@type":"ImageObject","inLanguage":"en-GB","@id":"https:\/\/zinduka-ev.org\/transparenz\/#primaryimage","url":"http:\/\/zinduka-ev.org\/wp-content\/uploads\/2021\/05\/Transparente_ZivilgesellschaftPNG.png","contentUrl":"http:\/\/zinduka-ev.org\/wp-content\/uploads\/2021\/05\/Transparente_ZivilgesellschaftPNG.png"},{"@type":"BreadcrumbList","@id":"https:\/\/zinduka-ev.org\/transparenz\/#breadcrumb","itemListElement":[{"@type":"ListItem","position":1,"name":"Home","item":"https:\/\/zinduka-ev.org\/"},{"@type":"ListItem","position":2,"name":"Transparenz"}]},{"@type":"WebSite","@id":"https:\/\/zinduka-ev.org\/#website","url":"https:\/\/zinduka-ev.org\/","name":"Zinduka e.V","description":"Education against Female Genital Mutilation (FGM)","publisher":{"@id":"https:\/\/zinduka-ev.org\/#organization"},"potentialAction":[{"@type":"SearchAction","target":{"@type":"EntryPoint","urlTemplate":"https:\/\/zinduka-ev.org\/?s={search_term_string}"},"query-input":{"@type":"PropertyValueSpecification","valueRequired":true,"valueName":"search_term_string"}}],"inLanguage":"en-GB"},{"@type":"Organization","@id":"https:\/\/zinduka-ev.org\/#organization","name":"Zinduka e.V","url":"https:\/\/zinduka-ev.org\/","logo":{"@type":"ImageObject","inLanguage":"en-GB","@id":"https:\/\/zinduka-ev.org\/#\/schema\/logo\/image\/","url":"https:\/\/zinduka-ev.org\/wp-content\/uploads\/2023\/03\/Zinduka-Logo.png","contentUrl":"https:\/\/zinduka-ev.org\/wp-content\/uploads\/2023\/03\/Zinduka-Logo.png","width":1745,"height":1223,"caption":"Zinduka e.V"},"image":{"@id":"https:\/\/zinduka-ev.org\/#\/schema\/logo\/image\/"},"sameAs":["https:\/\/www.facebook.com\/zinduka.ev\/","https:\/\/x.com\/Zinduka_eV"]}]}},"campaignId":"","_links":{"self":[{"href":"https:\/\/zinduka-ev.org\/en\/wp-json\/wp\/v2\/pages\/2161","targetHints":{"allow":["GET"]}}],"collection":[{"href":"https:\/\/zinduka-ev.org\/en\/wp-json\/wp\/v2\/pages"}],"about":[{"href":"https:\/\/zinduka-ev.org\/en\/wp-json\/wp\/v2\/types\/page"}],"author":[{"embeddable":true,"href":"https:\/\/zinduka-ev.org\/en\/wp-json\/wp\/v2\/users\/1"}],"replies":[{"embeddable":true,"href":"https:\/\/zinduka-ev.org\/en\/wp-json\/wp\/v2\/comments?post=2161"}],"version-history":[{"count":140,"href":"https:\/\/zinduka-ev.org\/en\/wp-json\/wp\/v2\/pages\/2161\/revisions"}],"predecessor-version":[{"id":2922,"href":"https:\/\/zinduka-ev.org\/en\/wp-json\/wp\/v2\/pages\/2161\/revisions\/2922"}],"wp:attachment":[{"href":"https:\/\/zinduka-ev.org\/en\/wp-json\/wp\/v2\/media?parent=2161"}],"curies":[{"name":"wp","href":"https:\/\/api.w.org\/{rel}","templated":true}]}}