{"id":1021,"date":"2022-02-26T12:15:58","date_gmt":"2022-02-26T12:15:58","guid":{"rendered":"https:\/\/zinduka-ev.org\/?page_id=1021"},"modified":"2024-05-07T13:30:32","modified_gmt":"2024-05-07T13:30:32","slug":"donate","status":"publish","type":"page","link":"https:\/\/zinduka-ev.org\/en\/donate\/","title":{"rendered":"Donations"},"content":{"rendered":"<div data-elementor-type=\"wp-page\" data-elementor-id=\"1021\" class=\"elementor elementor-1021\" data-elementor-post-type=\"page\">\n\t\t\t\t\t\t<section class=\"elementor-section elementor-top-section elementor-element elementor-element-02f4108 elementor-section-boxed elementor-section-height-default elementor-section-height-default\" data-id=\"02f4108\" data-element_type=\"section\" data-e-type=\"section\">\n\t\t\t\t\t\t<div class=\"elementor-container elementor-column-gap-default\">\n\t\t\t\t\t<div class=\"elementor-column elementor-col-100 elementor-top-column elementor-element elementor-element-45a2400\" data-id=\"45a2400\" data-element_type=\"column\" data-e-type=\"column\">\n\t\t\t<div class=\"elementor-widget-wrap elementor-element-populated\">\n\t\t\t\t\t\t<div class=\"elementor-element elementor-element-8304f58 elementor-widget elementor-widget-heading\" data-id=\"8304f58\" data-element_type=\"widget\" data-e-type=\"widget\" data-widget_type=\"heading.default\">\n\t\t\t\t<div class=\"elementor-widget-container\">\n\t\t\t\t\t<h2 class=\"elementor-heading-title elementor-size-default\">Support us<\/h2>\t\t\t\t<\/div>\n\t\t\t\t<\/div>\n\t\t\t\t\t<\/div>\n\t\t<\/div>\n\t\t\t\t\t<\/div>\n\t\t<\/section>\n\t\t\t\t<section class=\"elementor-section elementor-top-section elementor-element elementor-element-07eeb50 elementor-section-boxed elementor-section-height-default elementor-section-height-default\" data-id=\"07eeb50\" data-element_type=\"section\" data-e-type=\"section\">\n\t\t\t\t\t\t<div class=\"elementor-container elementor-column-gap-default\">\n\t\t\t\t\t<div class=\"elementor-column elementor-col-100 elementor-top-column elementor-element elementor-element-cb7f2a7\" data-id=\"cb7f2a7\" data-element_type=\"column\" data-e-type=\"column\">\n\t\t\t<div class=\"elementor-widget-wrap elementor-element-populated\">\n\t\t\t\t\t\t<div class=\"elementor-element elementor-element-077a839 elementor-widget elementor-widget-image\" data-id=\"077a839\" data-element_type=\"widget\" data-e-type=\"widget\" data-widget_type=\"image.default\">\n\t\t\t\t<div class=\"elementor-widget-container\">\n\t\t\t\t\t\t\t\t\t\t\t\t\t\t\t<img fetchpriority=\"high\" decoding=\"async\" width=\"225\" height=\"300\" src=\"https:\/\/zinduka-ev.org\/wp-content\/uploads\/2021\/06\/WhatsApp-Image-2019-02-18-at-18.45.44-225x300.jpeg\" class=\"attachment-medium size-medium wp-image-207\" alt=\"Zinduka End FGM\" srcset=\"https:\/\/zinduka-ev.org\/wp-content\/uploads\/2021\/06\/WhatsApp-Image-2019-02-18-at-18.45.44-225x300.jpeg 225w, https:\/\/zinduka-ev.org\/wp-content\/uploads\/2021\/06\/WhatsApp-Image-2019-02-18-at-18.45.44-600x800.jpeg 600w, https:\/\/zinduka-ev.org\/wp-content\/uploads\/2021\/06\/WhatsApp-Image-2019-02-18-at-18.45.44-768x1024.jpeg 768w, https:\/\/zinduka-ev.org\/wp-content\/uploads\/2021\/06\/WhatsApp-Image-2019-02-18-at-18.45.44.jpeg 960w\" sizes=\"(max-width: 225px) 100vw, 225px\" \/>\t\t\t\t\t\t\t\t\t\t\t\t\t\t\t<\/div>\n\t\t\t\t<\/div>\n\t\t\t\t\t<\/div>\n\t\t<\/div>\n\t\t\t\t\t<\/div>\n\t\t<\/section>\n\t\t\t\t<section class=\"elementor-section elementor-top-section elementor-element elementor-element-2dd9e97 elementor-section-boxed elementor-section-height-default elementor-section-height-default\" data-id=\"2dd9e97\" data-element_type=\"section\" data-e-type=\"section\">\n\t\t\t\t\t\t<div class=\"elementor-container elementor-column-gap-default\">\n\t\t\t\t\t<div class=\"elementor-column elementor-col-100 elementor-top-column elementor-element elementor-element-57e9a1b\" data-id=\"57e9a1b\" data-element_type=\"column\" data-e-type=\"column\">\n\t\t\t<div class=\"elementor-widget-wrap elementor-element-populated\">\n\t\t\t\t\t\t<div class=\"elementor-element elementor-element-cf75f36 elementor-align-center elementor-widget elementor-widget-button\" data-id=\"cf75f36\" data-element_type=\"widget\" data-e-type=\"widget\" data-widget_type=\"button.default\">\n\t\t\t\t<div class=\"elementor-widget-container\">\n\t\t\t\t\t\t\t\t\t<div class=\"elementor-button-wrapper\">\n\t\t\t\t\t<a class=\"elementor-button elementor-button-link elementor-size-sm\" href=\"http:\/\/paypal.me\/zinduka\/\">\n\t\t\t\t\t\t<span class=\"elementor-button-content-wrapper\">\n\t\t\t\t\t\t\t\t\t<span class=\"elementor-button-text\">Simply donate here with Paypal<\/span>\n\t\t\t\t\t<\/span>\n\t\t\t\t\t<\/a>\n\t\t\t\t<\/div>\n\t\t\t\t\t\t\t\t<\/div>\n\t\t\t\t<\/div>\n\t\t\t\t\t<\/div>\n\t\t<\/div>\n\t\t\t\t\t<\/div>\n\t\t<\/section>\n\t\t<div class=\"elementor-element elementor-element-c9bb1dc e-con-full e-flex e-con e-parent\" data-id=\"c9bb1dc\" data-element_type=\"container\" data-e-type=\"container\">\n\t\t\t\t<div class=\"elementor-element elementor-element-edd1a96 elementor-widget elementor-widget-spacer\" data-id=\"edd1a96\" data-element_type=\"widget\" data-e-type=\"widget\" data-widget_type=\"spacer.default\">\n\t\t\t\t<div class=\"elementor-widget-container\">\n\t\t\t\t\t\t\t<div class=\"elementor-spacer\">\n\t\t\t<div class=\"elementor-spacer-inner\"><\/div>\n\t\t<\/div>\n\t\t\t\t\t\t<\/div>\n\t\t\t\t<\/div>\n\t\t\t\t<div class=\"elementor-element elementor-element-b9bb8ed elementor-widget elementor-widget-heading\" data-id=\"b9bb8ed\" data-element_type=\"widget\" data-e-type=\"widget\" data-widget_type=\"heading.default\">\n\t\t\t\t<div class=\"elementor-widget-container\">\n\t\t\t\t\t<h2 class=\"elementor-heading-title elementor-size-default\">or...<\/h2>\t\t\t\t<\/div>\n\t\t\t\t<\/div>\n\t\t\t\t<div class=\"elementor-element elementor-element-a2bc7f0 elementor-widget elementor-widget-wp-widget-give_forms_widget\" data-id=\"a2bc7f0\" data-element_type=\"widget\" data-e-type=\"widget\" data-widget_type=\"wp-widget-give_forms_widget.default\">\n\t\t\t\t<div class=\"elementor-widget-container\">\n\t\t\t\t\t<h5>Support our campaign \"Become whole again\"<\/h5><div class=\"give-embed-form-wrapper\" id=\"give-69e17fce24b68\"><iframe\n\t\t\t\tname=\"give-embed-form\"\n\t\t\t\tsrc=\"https:\/\/zinduka-ev.org\/en\/give\/reconstruction-surgery?giveDonationFormInIframe=1\"\n\t\t\t\t\n\t\t\t\tdata-autoscroll=\"0\"\n\t\t\t\tonload=\"if( 'undefined' !== typeof Give ) { Give.initializeIframeResize(this) }\"\n\t\t\t\tstyle=\"border: 0;visibility: hidden;min-height: 721px;\"><\/iframe><div class=\"iframe-loader\">\n<div style=\"\t\theight: calc(100% - 28px);\t\twidth: calc(100% - 20px);\t\tmax-width: 552px;\t\tmargin: 10px auto 10px auto;\t\tbackground: transparent;\t\tborder-radius: 6px;\t\tdisplay: flex;\t\talign-items: center;\t\tjustify-content: center;\t\">\n    <div style=\"        pointer-events: none;        height: 90px;        width: 90px;        background-image: url(&quot;data:image\/svg+xml;charset=utf8,%3C?xml version='1.0' encoding='utf-8'?%3E%3C!-- Generator: Adobe Illustrator 24.1.0, SVG Export Plug-In . SVG Version: 6.00 Build 0) --%3E%3Csvg version='1.1' id='Layer_1' xmlns='http:\/\/www.w3.org\/2000\/svg' xmlns:xlink='http:\/\/www.w3.org\/1999\/xlink' x='0px' y='0px' viewBox='0 0 349 348' style='enable-background:new 0 0 349 348;' xml:space='preserve'%3E%3Cstyle type='text\/css'%3E .st0{fill:%23628b5a;} %3C\/style%3E%3Cpath class='st0' d='M25.1,204.57c-13.38,0-24.47-10.6-24.97-24.08C0.04,178.09,0,175.97,0,174C0,77.78,78.28-0.5,174.5-0.5 c13.81,0,25,11.19,25,25s-11.19,25-25,25C105.85,49.5,50,105.35,50,174c0,1.37,0.03,2.85,0.1,4.65c0.51,13.8-10.27,25.39-24.07,25.9 C25.72,204.56,25.41,204.57,25.1,204.57z'\/%3E%3Cpath class='st0' d='M174.5,348.5c-13.81,0-25-11.19-25-25c0-13.81,11.19-25,25-25c68.65,0,124.5-55.85,124.5-124.5 c0-1.38-0.03-2.85-0.1-4.65c-0.51-13.8,10.26-25.4,24.06-25.91c13.83-0.53,25.4,10.26,25.91,24.06c0.09,2.39,0.13,4.51,0.13,6.49 C349,270.22,270.72,348.5,174.5,348.5z'\/%3E%3C\/svg%3E&quot;);        animation: spin 0.6s linear infinite;        \"><\/div>\n<\/div>\n<\/div><\/div>\t\t\t\t<\/div>\n\t\t\t\t<\/div>\n\t\t\t\t<\/div>\n\t\t\t\t<section class=\"elementor-section elementor-top-section elementor-element elementor-element-32319ba elementor-section-boxed elementor-section-height-default elementor-section-height-default\" data-id=\"32319ba\" data-element_type=\"section\" data-e-type=\"section\">\n\t\t\t\t\t\t<div class=\"elementor-container elementor-column-gap-default\">\n\t\t\t\t\t<div class=\"elementor-column elementor-col-100 elementor-top-column elementor-element elementor-element-c576180\" data-id=\"c576180\" data-element_type=\"column\" data-e-type=\"column\">\n\t\t\t<div class=\"elementor-widget-wrap elementor-element-populated\">\n\t\t\t\t\t\t<div class=\"elementor-element elementor-element-2fc6a2a elementor-widget elementor-widget-heading\" data-id=\"2fc6a2a\" data-element_type=\"widget\" data-e-type=\"widget\" data-widget_type=\"heading.default\">\n\t\t\t\t<div class=\"elementor-widget-container\">\n\t\t\t\t\t<h2 class=\"elementor-heading-title elementor-size-default\">or...<\/h2>\t\t\t\t<\/div>\n\t\t\t\t<\/div>\n\t\t\t\t<div class=\"elementor-element elementor-element-c822f47 elementor-widget__width-initial elementor-widget elementor-widget-text-editor\" data-id=\"c822f47\" data-element_type=\"widget\" data-e-type=\"widget\" data-widget_type=\"text-editor.default\">\n\t\t\t\t<div class=\"elementor-widget-container\">\n\t\t\t\t\t\t\t\t\t<p><span style=\"font-style: inherit; color: var( --e-global-color-text ); font-family: var( --e-global-typography-text-font-family ), Sans-serif; background-color: var(--ast-global-color-5);\"><b>Transfer directly to our account:&nbsp;<\/b><\/span><\/p>\n<p><span style=\"font-style: inherit; color: var( --e-global-color-text ); font-family: var( --e-global-typography-text-font-family ), Sans-serif; background-color: var(--ast-global-color-5);\">Owner: Zinduka e.V.<br><\/span><span style=\"font-style: inherit; color: var( --e-global-color-text ); font-family: var( --e-global-typography-text-font-family ), Sans-serif; background-color: var(--ast-global-color-5);\">IBAN: DE20533500000021010391<br><\/span><span style=\"font-style: inherit; color: var( --e-global-color-text ); font-family: var( --e-global-typography-text-font-family ), Sans-serif; background-color: var(--ast-global-color-5);\">BIC\/SWIFT: HELADEF1MAR<br><\/span><span style=\"font-style: inherit; color: var( --e-global-color-text ); font-family: var( --e-global-typography-text-font-family ), Sans-serif; background-color: var(--ast-global-color-5);\">Account number: 21010391<br><\/span><span style=\"font-style: inherit; color: var( --e-global-color-text ); font-family: var( --e-global-typography-text-font-family ), Sans-serif; background-color: var(--ast-global-color-5);\">Bank account number: 533 500 00<br><\/span><span style=\"font-style: inherit; color: var( --e-global-color-text ); font-family: var( --e-global-typography-text-font-family ), Sans-serif; background-color: var(--ast-global-color-5);\">Bank: Sparkasse Bank Marburg-Biedenkopf<\/span><\/p><p><span style=\"font-weight: 400;\">Intended use: Donation FGM<\/span><\/p>\n<p>The donation will be used exclusively for the fulfilment of our purpose.&nbsp;<\/p><p>We issue donation receipts from a value of \u20ac300. If you would like to receive a donation receipt, please enter your address in the purpose field and we will send it to you in the new calendar year.<\/p>\n<p>Thank you very much for your support!<\/p>\t\t\t\t\t\t\t\t<\/div>\n\t\t\t\t<\/div>\n\t\t\t\t\t<\/div>\n\t\t<\/div>\n\t\t\t\t\t<\/div>\n\t\t<\/section>\n\t\t\t\t<\/div>","protected":false},"excerpt":{"rendered":"<p>Unterst\u00fctze Uns Spende hier einfach mit Paypal oder&#8230; oder&#8230; \u00dcberweise direkt auf unser Konto:&nbsp; Inhaber: Zinduka e.V.IBAN: DE20533500000021010391BIC\/SWIFT: HELADEF1MARKontonummer: 21010391Bankkontonummer: 533 500 00Bank: Sparkasse Bank Marburg-Biedenkopf Verwendungszweck: Spende FGM Die Spende wird ausschlie\u00dflich f\u00fcr die Erf\u00fcllung unseres Zwecks verwendet.&nbsp; Wir stellen Spendenbescheinigungen ab einem Wert von 300\u20ac aus. Wenn Du eine Spendenbescheinigung erhalten m\u00f6chtest, gib [&hellip;]<\/p>\n","protected":false},"author":1,"featured_media":0,"parent":0,"menu_order":0,"comment_status":"closed","ping_status":"closed","template":"elementor_header_footer","meta":{"give_campaign_id":0,"site-sidebar-layout":"default","site-content-layout":"","ast-site-content-layout":"default","site-content-style":"default","site-sidebar-style":"default","ast-global-header-display":"","ast-banner-title-visibility":"","ast-main-header-display":"","ast-hfb-above-header-display":"","ast-hfb-below-header-display":"","ast-hfb-mobile-header-display":"","site-post-title":"","ast-breadcrumbs-content":"","ast-featured-img":"","footer-sml-layout":"","ast-disable-related-posts":"","theme-transparent-header-meta":"","adv-header-id-meta":"","stick-header-meta":"","header-above-stick-meta":"","header-main-stick-meta":"","header-below-stick-meta":"","astra-migrate-meta-layouts":"set","ast-page-background-enabled":"default","ast-page-background-meta":{"desktop":{"background-color":"var(--ast-global-color-4)","background-image":"","background-repeat":"repeat","background-position":"center center","background-size":"auto","background-attachment":"scroll","background-type":"","background-media":"","overlay-type":"","overlay-color":"","overlay-opacity":"","overlay-gradient":""},"tablet":{"background-color":"","background-image":"","background-repeat":"repeat","background-position":"center center","background-size":"auto","background-attachment":"scroll","background-type":"","background-media":"","overlay-type":"","overlay-color":"","overlay-opacity":"","overlay-gradient":""},"mobile":{"background-color":"","background-image":"","background-repeat":"repeat","background-position":"center center","background-size":"auto","background-attachment":"scroll","background-type":"","background-media":"","overlay-type":"","overlay-color":"","overlay-opacity":"","overlay-gradient":""}},"ast-content-background-meta":{"desktop":{"background-color":"var(--ast-global-color-5)","background-image":"","background-repeat":"repeat","background-position":"center center","background-size":"auto","background-attachment":"scroll","background-type":"","background-media":"","overlay-type":"","overlay-color":"","overlay-opacity":"","overlay-gradient":""},"tablet":{"background-color":"var(--ast-global-color-5)","background-image":"","background-repeat":"repeat","background-position":"center center","background-size":"auto","background-attachment":"scroll","background-type":"","background-media":"","overlay-type":"","overlay-color":"","overlay-opacity":"","overlay-gradient":""},"mobile":{"background-color":"var(--ast-global-color-5)","background-image":"","background-repeat":"repeat","background-position":"center center","background-size":"auto","background-attachment":"scroll","background-type":"","background-media":"","overlay-type":"","overlay-color":"","overlay-opacity":"","overlay-gradient":""}},"footnotes":""},"class_list":["post-1021","page","type-page","status-publish","hentry"],"yoast_head":"<!-- This site is optimized with the Yoast SEO plugin v27.4 - https:\/\/yoast.com\/product\/yoast-seo-wordpress\/ -->\n<title>Spenden - Zinduka End FGM<\/title>\n<meta name=\"description\" content=\"Spenden sind in unserer Arbeit ausschlaggebend und sind essentiell um unsere Projekte und unser Wirken gegen FGM umzusetzen.\" \/>\n<meta name=\"robots\" content=\"index, follow, max-snippet:-1, max-image-preview:large, max-video-preview:-1\" \/>\n<link rel=\"canonical\" href=\"https:\/\/zinduka-ev.org\/en\/donate\/\" \/>\n<meta property=\"og:locale\" content=\"en_GB\" \/>\n<meta property=\"og:type\" content=\"article\" \/>\n<meta property=\"og:title\" content=\"Spenden - Zinduka End FGM\" \/>\n<meta property=\"og:description\" content=\"Spenden sind in unserer Arbeit ausschlaggebend und sind essentiell um unsere Projekte und unser Wirken gegen FGM umzusetzen.\" \/>\n<meta property=\"og:url\" content=\"https:\/\/zinduka-ev.org\/en\/donate\/\" \/>\n<meta property=\"og:site_name\" content=\"Zinduka End FGM\" \/>\n<meta property=\"article:publisher\" content=\"https:\/\/www.facebook.com\/zinduka.ev\/\" \/>\n<meta property=\"article:modified_time\" content=\"2024-05-07T13:30:32+00:00\" \/>\n<meta property=\"og:image\" content=\"http:\/\/zinduka-ev.org\/wp-content\/uploads\/2021\/06\/WhatsApp-Image-2019-02-18-at-18.45.44-225x300.jpeg\" \/>\n<meta name=\"twitter:card\" content=\"summary_large_image\" \/>\n<meta name=\"twitter:site\" content=\"@Zinduka_eV\" \/>\n<meta name=\"twitter:label1\" content=\"Estimated reading time\" \/>\n\t<meta name=\"twitter:data1\" content=\"1 minute\" \/>\n<script type=\"application\/ld+json\" class=\"yoast-schema-graph\">{\"@context\":\"https:\\\/\\\/schema.org\",\"@graph\":[{\"@type\":\"WebPage\",\"@id\":\"https:\\\/\\\/zinduka-ev.org\\\/spenden\\\/\",\"url\":\"https:\\\/\\\/zinduka-ev.org\\\/spenden\\\/\",\"name\":\"Spenden - Zinduka End FGM\",\"isPartOf\":{\"@id\":\"https:\\\/\\\/zinduka-ev.org\\\/#website\"},\"primaryImageOfPage\":{\"@id\":\"https:\\\/\\\/zinduka-ev.org\\\/spenden\\\/#primaryimage\"},\"image\":{\"@id\":\"https:\\\/\\\/zinduka-ev.org\\\/spenden\\\/#primaryimage\"},\"thumbnailUrl\":\"http:\\\/\\\/zinduka-ev.org\\\/wp-content\\\/uploads\\\/2021\\\/06\\\/WhatsApp-Image-2019-02-18-at-18.45.44-225x300.jpeg\",\"datePublished\":\"2022-02-26T12:15:58+00:00\",\"dateModified\":\"2024-05-07T13:30:32+00:00\",\"description\":\"Spenden sind in unserer Arbeit ausschlaggebend und sind essentiell um unsere Projekte und unser Wirken gegen FGM umzusetzen.\",\"breadcrumb\":{\"@id\":\"https:\\\/\\\/zinduka-ev.org\\\/spenden\\\/#breadcrumb\"},\"inLanguage\":\"en-GB\",\"potentialAction\":[{\"@type\":\"ReadAction\",\"target\":[\"https:\\\/\\\/zinduka-ev.org\\\/spenden\\\/\"]}]},{\"@type\":\"ImageObject\",\"inLanguage\":\"en-GB\",\"@id\":\"https:\\\/\\\/zinduka-ev.org\\\/spenden\\\/#primaryimage\",\"url\":\"http:\\\/\\\/zinduka-ev.org\\\/wp-content\\\/uploads\\\/2021\\\/06\\\/WhatsApp-Image-2019-02-18-at-18.45.44-225x300.jpeg\",\"contentUrl\":\"http:\\\/\\\/zinduka-ev.org\\\/wp-content\\\/uploads\\\/2021\\\/06\\\/WhatsApp-Image-2019-02-18-at-18.45.44-225x300.jpeg\"},{\"@type\":\"BreadcrumbList\",\"@id\":\"https:\\\/\\\/zinduka-ev.org\\\/spenden\\\/#breadcrumb\",\"itemListElement\":[{\"@type\":\"ListItem\",\"position\":1,\"name\":\"Home\",\"item\":\"https:\\\/\\\/zinduka-ev.org\\\/\"},{\"@type\":\"ListItem\",\"position\":2,\"name\":\"Spenden\"}]},{\"@type\":\"WebSite\",\"@id\":\"https:\\\/\\\/zinduka-ev.org\\\/#website\",\"url\":\"https:\\\/\\\/zinduka-ev.org\\\/\",\"name\":\"Zinduka e.V\",\"description\":\"Education against Female Genital Mutilation (FGM)\",\"publisher\":{\"@id\":\"https:\\\/\\\/zinduka-ev.org\\\/#organization\"},\"potentialAction\":[{\"@type\":\"SearchAction\",\"target\":{\"@type\":\"EntryPoint\",\"urlTemplate\":\"https:\\\/\\\/zinduka-ev.org\\\/?s={search_term_string}\"},\"query-input\":{\"@type\":\"PropertyValueSpecification\",\"valueRequired\":true,\"valueName\":\"search_term_string\"}}],\"inLanguage\":\"en-GB\"},{\"@type\":\"Organization\",\"@id\":\"https:\\\/\\\/zinduka-ev.org\\\/#organization\",\"name\":\"Zinduka e.V\",\"url\":\"https:\\\/\\\/zinduka-ev.org\\\/\",\"logo\":{\"@type\":\"ImageObject\",\"inLanguage\":\"en-GB\",\"@id\":\"https:\\\/\\\/zinduka-ev.org\\\/#\\\/schema\\\/logo\\\/image\\\/\",\"url\":\"https:\\\/\\\/zinduka-ev.org\\\/wp-content\\\/uploads\\\/2023\\\/03\\\/Zinduka-Logo.png\",\"contentUrl\":\"https:\\\/\\\/zinduka-ev.org\\\/wp-content\\\/uploads\\\/2023\\\/03\\\/Zinduka-Logo.png\",\"width\":1745,\"height\":1223,\"caption\":\"Zinduka e.V\"},\"image\":{\"@id\":\"https:\\\/\\\/zinduka-ev.org\\\/#\\\/schema\\\/logo\\\/image\\\/\"},\"sameAs\":[\"https:\\\/\\\/www.facebook.com\\\/zinduka.ev\\\/\",\"https:\\\/\\\/x.com\\\/Zinduka_eV\"]}]}<\/script>\n<!-- \/ Yoast SEO plugin. -->","yoast_head_json":{"title":"Donations - Zinduka End FGM","description":"Donations are crucial in our work and are essential to realise our projects and our work against FGM.","robots":{"index":"index","follow":"follow","max-snippet":"max-snippet:-1","max-image-preview":"max-image-preview:large","max-video-preview":"max-video-preview:-1"},"canonical":"https:\/\/zinduka-ev.org\/en\/donate\/","og_locale":"en_GB","og_type":"article","og_title":"Spenden - Zinduka End FGM","og_description":"Spenden sind in unserer Arbeit ausschlaggebend und sind essentiell um unsere Projekte und unser Wirken gegen FGM umzusetzen.","og_url":"https:\/\/zinduka-ev.org\/en\/donate\/","og_site_name":"Zinduka End FGM","article_publisher":"https:\/\/www.facebook.com\/zinduka.ev\/","article_modified_time":"2024-05-07T13:30:32+00:00","og_image":[{"url":"http:\/\/zinduka-ev.org\/wp-content\/uploads\/2021\/06\/WhatsApp-Image-2019-02-18-at-18.45.44-225x300.jpeg","type":"","width":"","height":""}],"twitter_card":"summary_large_image","twitter_site":"@Zinduka_eV","twitter_misc":{"Estimated reading time":"1 minute"},"schema":{"@context":"https:\/\/schema.org","@graph":[{"@type":"WebPage","@id":"https:\/\/zinduka-ev.org\/spenden\/","url":"https:\/\/zinduka-ev.org\/spenden\/","name":"Donations - Zinduka End FGM","isPartOf":{"@id":"https:\/\/zinduka-ev.org\/#website"},"primaryImageOfPage":{"@id":"https:\/\/zinduka-ev.org\/spenden\/#primaryimage"},"image":{"@id":"https:\/\/zinduka-ev.org\/spenden\/#primaryimage"},"thumbnailUrl":"http:\/\/zinduka-ev.org\/wp-content\/uploads\/2021\/06\/WhatsApp-Image-2019-02-18-at-18.45.44-225x300.jpeg","datePublished":"2022-02-26T12:15:58+00:00","dateModified":"2024-05-07T13:30:32+00:00","description":"Donations are crucial in our work and are essential to realise our projects and our work against FGM.","breadcrumb":{"@id":"https:\/\/zinduka-ev.org\/spenden\/#breadcrumb"},"inLanguage":"en-GB","potentialAction":[{"@type":"ReadAction","target":["https:\/\/zinduka-ev.org\/spenden\/"]}]},{"@type":"ImageObject","inLanguage":"en-GB","@id":"https:\/\/zinduka-ev.org\/spenden\/#primaryimage","url":"http:\/\/zinduka-ev.org\/wp-content\/uploads\/2021\/06\/WhatsApp-Image-2019-02-18-at-18.45.44-225x300.jpeg","contentUrl":"http:\/\/zinduka-ev.org\/wp-content\/uploads\/2021\/06\/WhatsApp-Image-2019-02-18-at-18.45.44-225x300.jpeg"},{"@type":"BreadcrumbList","@id":"https:\/\/zinduka-ev.org\/spenden\/#breadcrumb","itemListElement":[{"@type":"ListItem","position":1,"name":"Home","item":"https:\/\/zinduka-ev.org\/"},{"@type":"ListItem","position":2,"name":"Spenden"}]},{"@type":"WebSite","@id":"https:\/\/zinduka-ev.org\/#website","url":"https:\/\/zinduka-ev.org\/","name":"Zinduka e.V","description":"Education against Female Genital Mutilation (FGM)","publisher":{"@id":"https:\/\/zinduka-ev.org\/#organization"},"potentialAction":[{"@type":"SearchAction","target":{"@type":"EntryPoint","urlTemplate":"https:\/\/zinduka-ev.org\/?s={search_term_string}"},"query-input":{"@type":"PropertyValueSpecification","valueRequired":true,"valueName":"search_term_string"}}],"inLanguage":"en-GB"},{"@type":"Organization","@id":"https:\/\/zinduka-ev.org\/#organization","name":"Zinduka e.V","url":"https:\/\/zinduka-ev.org\/","logo":{"@type":"ImageObject","inLanguage":"en-GB","@id":"https:\/\/zinduka-ev.org\/#\/schema\/logo\/image\/","url":"https:\/\/zinduka-ev.org\/wp-content\/uploads\/2023\/03\/Zinduka-Logo.png","contentUrl":"https:\/\/zinduka-ev.org\/wp-content\/uploads\/2023\/03\/Zinduka-Logo.png","width":1745,"height":1223,"caption":"Zinduka e.V"},"image":{"@id":"https:\/\/zinduka-ev.org\/#\/schema\/logo\/image\/"},"sameAs":["https:\/\/www.facebook.com\/zinduka.ev\/","https:\/\/x.com\/Zinduka_eV"]}]}},"campaignId":"","_links":{"self":[{"href":"https:\/\/zinduka-ev.org\/en\/wp-json\/wp\/v2\/pages\/1021","targetHints":{"allow":["GET"]}}],"collection":[{"href":"https:\/\/zinduka-ev.org\/en\/wp-json\/wp\/v2\/pages"}],"about":[{"href":"https:\/\/zinduka-ev.org\/en\/wp-json\/wp\/v2\/types\/page"}],"author":[{"embeddable":true,"href":"https:\/\/zinduka-ev.org\/en\/wp-json\/wp\/v2\/users\/1"}],"replies":[{"embeddable":true,"href":"https:\/\/zinduka-ev.org\/en\/wp-json\/wp\/v2\/comments?post=1021"}],"version-history":[{"count":11,"href":"https:\/\/zinduka-ev.org\/en\/wp-json\/wp\/v2\/pages\/1021\/revisions"}],"predecessor-version":[{"id":2785,"href":"https:\/\/zinduka-ev.org\/en\/wp-json\/wp\/v2\/pages\/1021\/revisions\/2785"}],"wp:attachment":[{"href":"https:\/\/zinduka-ev.org\/en\/wp-json\/wp\/v2\/media?parent=1021"}],"curies":[{"name":"wp","href":"https:\/\/api.w.org\/{rel}","templated":true}]}}